{"id":4849,"date":"2018-07-11T14:41:33","date_gmt":"2018-07-11T13:41:33","guid":{"rendered":"https:\/\/www.tfe-france.com\/?page_id=4849"},"modified":"2018-07-11T14:41:33","modified_gmt":"2018-07-11T13:41:33","slug":"references","status":"publish","type":"page","link":"https:\/\/www.tfe-france.com\/en\/references\/","title":{"rendered":"References"},"content":{"rendered":"<\/div><\/div><\/div><!-- close content main div --><\/div><\/div><div id='section-realisation' class='avia-section main_color avia-section-default avia-no-shadow avia-bg-style-scroll   container_wrap fullsize'   ><div class='container' ><div class='template-page content  av-content-full alpha units'><div class='post-entry post-entry-type-page post-entry-4849'><div class='entry-content-wrapper clearfix'>\n<div class=\"flex_column av_one_full  flex_column_div av-zero-column-padding first  \" style='border-radius:0px; '><div id='av-masonry-1' class='av-masonry noHover av-fixed-size av-large-gap av-hover-overlay-active av-masonry-col-2 av-caption-always av-caption-style-  av-orientation-landscape-large  '  ><div class='av-masonry-container isotope av-js-disabled ' ><div class='av-masonry-entry isotope-item av-masonry-item-no-image '><\/div><a href=\"https:\/\/www.tfe-france.com\/en\/projet\/search-for-solutions-for-a-singular-decoration-product\/\" id='av-masonry-1-item-4902' data-av-masonry-item='4902' class='av-masonry-entry isotope-item post-4902 portfolio type-portfolio status-publish has-post-thumbnail hentry portfolio_entries-references  av-masonry-item-with-image' title=\"Search for solutions for a singular decoration product\"  itemscope=\"itemscope\" itemtype=\"https:\/\/schema.org\/CreativeWork\" ><div class='av-inner-masonry-sizer'><\/div><figure class='av-inner-masonry main_color'><div class=\"av-masonry-outerimage-container\"><div class=\"av-masonry-image-container\" style=\"background-image: url(https:\/\/www.tfe-france.com\/public\/uploads\/2018\/04\/element-decoration-tolerie-04-1-705x705.jpg);\"><img decoding=\"async\" src=\"data:image\/gif;base64,R0lGODdhAQABAPAAAP\/\/\/wAAACwAAAAAAQABAEACAkQBADs=\" data-lazy-src=\"https:\/\/www.tfe-france.com\/public\/uploads\/2018\/04\/element-decoration-tolerie-04-1-705x705.jpg\" title=\"R\u00e9alisation TFE\" alt=\"R\u00e9alisation TFE\" \/><noscript><img decoding=\"async\" src=\"https:\/\/www.tfe-france.com\/public\/uploads\/2018\/04\/element-decoration-tolerie-04-1-705x705.jpg\" title=\"R\u00e9alisation TFE\" alt=\"R\u00e9alisation TFE\" \/><\/noscript><\/div><\/div><figcaption class='av-inner-masonry-content site-background'><div class='av-inner-masonry-content-pos'><div class='av-inner-masonry-content-pos-content'><div class='avia-arrow'><\/div><h3 class='av-masonry-entry-title entry-title'  itemprop=\"headline\" >Search for solutions for a singular decoration product<\/h3><div class='av-masonry-entry-content entry-content'  itemprop=\"text\" >Dans le cadre d\u2019un lancement de projet, un entrepreneur qui cherchait des renseignements techniques pour la cr\u00e9ation de ses produits a fait appel \u00e0 TFE.<\/div><\/div><\/div><\/figcaption><\/figure><\/a><!--end av-masonry entry--><a href=\"https:\/\/www.tfe-france.com\/en\/projet\/the-alliance-of-laser-cutting-and-the-laser-punching-combi\/\" id='av-masonry-1-item-4900' data-av-masonry-item='4900' class='av-masonry-entry isotope-item post-4900 portfolio type-portfolio status-publish has-post-thumbnail hentry portfolio_entries-references  av-masonry-item-with-image' title=\"The alliance of laser cutting and the laser-punching combi\"  itemscope=\"itemscope\" itemtype=\"https:\/\/schema.org\/CreativeWork\" ><div class='av-inner-masonry-sizer'><\/div><figure class='av-inner-masonry main_color'><div class=\"av-masonry-outerimage-container\"><div class=\"av-masonry-image-container\" style=\"background-image: url(https:\/\/www.tfe-france.com\/public\/uploads\/2018\/04\/element-decoration-tolerie-03.jpg);\"><img decoding=\"async\" src=\"data:image\/gif;base64,R0lGODdhAQABAPAAAP\/\/\/wAAACwAAAAAAQABAEACAkQBADs=\" data-lazy-src=\"https:\/\/www.tfe-france.com\/public\/uploads\/2018\/04\/element-decoration-tolerie-03.jpg\" title=\"Portail marron avec d\u00e9coupe laser\" alt=\"Portail marron avec d\u00e9coupe laser\" \/><noscript><img decoding=\"async\" src=\"https:\/\/www.tfe-france.com\/public\/uploads\/2018\/04\/element-decoration-tolerie-03.jpg\" title=\"Portail marron avec d\u00e9coupe laser\" alt=\"Portail marron avec d\u00e9coupe laser\" \/><\/noscript><\/div><\/div><figcaption class='av-inner-masonry-content site-background'><div class='av-inner-masonry-content-pos'><div class='av-inner-masonry-content-pos-content'><div class='avia-arrow'><\/div><h3 class='av-masonry-entry-title entry-title'  itemprop=\"headline\" >The alliance of laser cutting and the laser-punching combi<\/h3><div class='av-masonry-entry-content entry-content'  itemprop=\"text\" >Fabrication de portails sur-mesure, dans des d\u00e9lais courts, pour un sp\u00e9cialiste de la cl\u00f4ture contemporaine et de la v\u00e9randa alu.<\/div><\/div><\/div><\/figcaption><\/figure><\/a><!--end av-masonry entry--><a href=\"https:\/\/www.tfe-france.com\/en\/projet\/a-bespoke-project-for-an-industrial-joinery\/\" id='av-masonry-1-item-4898' data-av-masonry-item='4898' class='av-masonry-entry isotope-item post-4898 portfolio type-portfolio status-publish has-post-thumbnail hentry portfolio_entries-references  av-masonry-item-with-image' title=\"A bespoke project for an industrial joinery\"  itemscope=\"itemscope\" itemtype=\"https:\/\/schema.org\/CreativeWork\" ><div class='av-inner-masonry-sizer'><\/div><figure class='av-inner-masonry main_color'><div class=\"av-masonry-outerimage-container\"><div class=\"av-masonry-image-container\" style=\"background-image: url(https:\/\/www.tfe-france.com\/public\/uploads\/2018\/04\/menuiserie-industrielle_2-705x470.jpg);\"><img decoding=\"async\" src=\"data:image\/gif;base64,R0lGODdhAQABAPAAAP\/\/\/wAAACwAAAAAAQABAEACAkQBADs=\" data-lazy-src=\"https:\/\/www.tfe-france.com\/public\/uploads\/2018\/04\/menuiserie-industrielle_2-705x470.jpg\" title=\"L&#8217;\u00e9bavureuse\" alt=\"L&#039;\u00e9bavureuse\" \/><noscript><img decoding=\"async\" src=\"https:\/\/www.tfe-france.com\/public\/uploads\/2018\/04\/menuiserie-industrielle_2-705x470.jpg\" title=\"L&#8217;\u00e9bavureuse\" alt=\"L&#039;\u00e9bavureuse\" \/><\/noscript><\/div><\/div><figcaption class='av-inner-masonry-content site-background'><div class='av-inner-masonry-content-pos'><div class='av-inner-masonry-content-pos-content'><div class='avia-arrow'><\/div><h3 class='av-masonry-entry-title entry-title'  itemprop=\"headline\" >A bespoke project for an industrial joinery<\/h3><div class='av-masonry-entry-content entry-content'  itemprop=\"text\" >De la gestion annuelle de la production jusqu\u2019au conditionnement : des r\u00e9ponses TFE adapt\u00e9es \u00e0 l\u2019organisation du client...<\/div><\/div><\/div><\/figcaption><\/figure><\/a><!--end av-masonry entry--><\/div><\/div><\/div>\n","protected":false},"excerpt":{"rendered":"","protected":false},"author":1,"featured_media":0,"parent":0,"menu_order":0,"comment_status":"closed","ping_status":"closed","template":"","meta":{"footnotes":""},"class_list":["post-4849","page","type-page","status-publish","hentry"],"yoast_head":"<!-- This site is optimized with the Yoast SEO plugin v25.7 - https:\/\/yoast.com\/wordpress\/plugins\/seo\/ -->\n<title>References - TFE<\/title>\n<meta name=\"robots\" content=\"index, follow, max-snippet:-1, max-image-preview:large, max-video-preview:-1\" \/>\n<link rel=\"canonical\" href=\"https:\/\/www.tfe-france.com\/en\/references\/\" \/>\n<meta property=\"og:locale\" content=\"en_US\" \/>\n<meta property=\"og:type\" content=\"article\" \/>\n<meta property=\"og:title\" content=\"References - TFE\" \/>\n<meta property=\"og:url\" content=\"https:\/\/www.tfe-france.com\/en\/references\/\" \/>\n<meta property=\"og:site_name\" content=\"TFE\" \/>\n<meta name=\"twitter:card\" content=\"summary_large_image\" \/>\n<meta name=\"twitter:label1\" content=\"Est. reading time\" \/>\n\t<meta name=\"twitter:data1\" content=\"1 minute\" \/>\n<script type=\"application\/ld+json\" class=\"yoast-schema-graph\">{\"@context\":\"https:\/\/schema.org\",\"@graph\":[{\"@type\":\"WebPage\",\"@id\":\"https:\/\/www.tfe-france.com\/en\/references\/\",\"url\":\"https:\/\/www.tfe-france.com\/en\/references\/\",\"name\":\"References - TFE\",\"isPartOf\":{\"@id\":\"https:\/\/www.tfe-france.com\/fr\/#website\"},\"datePublished\":\"2018-07-11T13:41:33+00:00\",\"breadcrumb\":{\"@id\":\"https:\/\/www.tfe-france.com\/en\/references\/#breadcrumb\"},\"inLanguage\":\"en-US\",\"potentialAction\":[{\"@type\":\"ReadAction\",\"target\":[\"https:\/\/www.tfe-france.com\/en\/references\/\"]}]},{\"@type\":\"BreadcrumbList\",\"@id\":\"https:\/\/www.tfe-france.com\/en\/references\/#breadcrumb\",\"itemListElement\":[{\"@type\":\"ListItem\",\"position\":1,\"name\":\"Accueil\",\"item\":\"https:\/\/www.tfe-france.com\/en\/\"},{\"@type\":\"ListItem\",\"position\":2,\"name\":\"References\"}]},{\"@type\":\"WebSite\",\"@id\":\"https:\/\/www.tfe-france.com\/fr\/#website\",\"url\":\"https:\/\/www.tfe-france.com\/fr\/\",\"name\":\"TFE\",\"description\":\"\",\"potentialAction\":[{\"@type\":\"SearchAction\",\"target\":{\"@type\":\"EntryPoint\",\"urlTemplate\":\"https:\/\/www.tfe-france.com\/fr\/?s={search_term_string}\"},\"query-input\":{\"@type\":\"PropertyValueSpecification\",\"valueRequired\":true,\"valueName\":\"search_term_string\"}}],\"inLanguage\":\"en-US\"}]}<\/script>\n<!-- \/ Yoast SEO plugin. -->","yoast_head_json":{"title":"References - TFE","robots":{"index":"index","follow":"follow","max-snippet":"max-snippet:-1","max-image-preview":"max-image-preview:large","max-video-preview":"max-video-preview:-1"},"canonical":"https:\/\/www.tfe-france.com\/en\/references\/","og_locale":"en_US","og_type":"article","og_title":"References - TFE","og_url":"https:\/\/www.tfe-france.com\/en\/references\/","og_site_name":"TFE","twitter_card":"summary_large_image","twitter_misc":{"Est. reading time":"1 minute"},"schema":{"@context":"https:\/\/schema.org","@graph":[{"@type":"WebPage","@id":"https:\/\/www.tfe-france.com\/en\/references\/","url":"https:\/\/www.tfe-france.com\/en\/references\/","name":"References - TFE","isPartOf":{"@id":"https:\/\/www.tfe-france.com\/fr\/#website"},"datePublished":"2018-07-11T13:41:33+00:00","breadcrumb":{"@id":"https:\/\/www.tfe-france.com\/en\/references\/#breadcrumb"},"inLanguage":"en-US","potentialAction":[{"@type":"ReadAction","target":["https:\/\/www.tfe-france.com\/en\/references\/"]}]},{"@type":"BreadcrumbList","@id":"https:\/\/www.tfe-france.com\/en\/references\/#breadcrumb","itemListElement":[{"@type":"ListItem","position":1,"name":"Accueil","item":"https:\/\/www.tfe-france.com\/en\/"},{"@type":"ListItem","position":2,"name":"References"}]},{"@type":"WebSite","@id":"https:\/\/www.tfe-france.com\/fr\/#website","url":"https:\/\/www.tfe-france.com\/fr\/","name":"TFE","description":"","potentialAction":[{"@type":"SearchAction","target":{"@type":"EntryPoint","urlTemplate":"https:\/\/www.tfe-france.com\/fr\/?s={search_term_string}"},"query-input":{"@type":"PropertyValueSpecification","valueRequired":true,"valueName":"search_term_string"}}],"inLanguage":"en-US"}]}},"_links":{"self":[{"href":"https:\/\/www.tfe-france.com\/en\/wp-json\/wp\/v2\/pages\/4849","targetHints":{"allow":["GET"]}}],"collection":[{"href":"https:\/\/www.tfe-france.com\/en\/wp-json\/wp\/v2\/pages"}],"about":[{"href":"https:\/\/www.tfe-france.com\/en\/wp-json\/wp\/v2\/types\/page"}],"author":[{"embeddable":true,"href":"https:\/\/www.tfe-france.com\/en\/wp-json\/wp\/v2\/users\/1"}],"replies":[{"embeddable":true,"href":"https:\/\/www.tfe-france.com\/en\/wp-json\/wp\/v2\/comments?post=4849"}],"version-history":[{"count":3,"href":"https:\/\/www.tfe-france.com\/en\/wp-json\/wp\/v2\/pages\/4849\/revisions"}],"predecessor-version":[{"id":4912,"href":"https:\/\/www.tfe-france.com\/en\/wp-json\/wp\/v2\/pages\/4849\/revisions\/4912"}],"wp:attachment":[{"href":"https:\/\/www.tfe-france.com\/en\/wp-json\/wp\/v2\/media?parent=4849"}],"curies":[{"name":"wp","href":"https:\/\/api.w.org\/{rel}","templated":true}]}}