{"id":4857,"date":"2018-07-11T14:42:58","date_gmt":"2018-07-11T13:42:58","guid":{"rendered":"https:\/\/www.tfe-france.com\/?page_id=4857"},"modified":"2018-07-11T15:25:12","modified_gmt":"2018-07-11T14:25:12","slug":"laser-cutting","status":"publish","type":"page","link":"https:\/\/www.tfe-france.com\/en\/fine-sheet-metal-work\/laser-cutting\/","title":{"rendered":"Laser cutting"},"content":{"rendered":"<\/div><\/div><\/div><!-- close content main div --><\/div><\/div><div id='section-surmesure' class='avia-section main_color avia-section-default avia-no-border-styling avia-bg-style-scroll   container_wrap fullsize'   ><div class='container' ><div class='template-page content  av-content-full alpha units'><div class='post-entry post-entry-type-page post-entry-4857'><div class='entry-content-wrapper clearfix'>\n<div class=\"flex_column av_two_fifth  av-animated-generic left-to-right  flex_column_div av-zero-column-padding first  \" style='border-radius:0px; '><p><div class='avia-image-container  av-styling-no-styling     avia-align-center '  itemprop=\"ImageObject\" itemscope=\"itemscope\" itemtype=\"https:\/\/schema.org\/ImageObject\"  ><div class='avia-image-container-inner'><img class='avia_image ' src=\"data:image\/gif;base64,R0lGODdhAQABAPAAAP\/\/\/wAAACwAAAAAAQABAEACAkQBADs=\" data-lazy-src='https:\/\/www.tfe-france.com\/public\/uploads\/2018\/06\/acceuil_slider_laser.jpg' alt='' title=''   itemprop=\"thumbnailUrl\"  \/><noscript><img class='avia_image ' src='https:\/\/www.tfe-france.com\/public\/uploads\/2018\/06\/acceuil_slider_laser.jpg' alt='' title=''   itemprop=\"thumbnailUrl\"  \/><\/noscript><\/div><\/div><br \/>\n<div class='avia-button-wrap avia-button-left '><a href='\/contact\/' class='avia-button   avia-icon_select-no avia-color-theme-color avia-size-medium avia-position-left '   ><span class='avia_iconbox_title' >A proposal ?<\/span><\/a><\/div><br \/>\n<div style='height:30px' class='hr hr-invisible  '><span class='hr-inner ' ><span class='hr-inner-style'><\/span><\/span><\/div><br \/>\n<div style='padding-bottom:10px;color:#3c3c3b;font-size:25px;' class='av-special-heading av-special-heading-h3 custom-color-heading blockquote modern-quote   av-inherit-size '><h3 class='av-special-heading-tag '  itemprop=\"headline\"  >Laser cutting<br \/>\ntechnical resources.\/<\/h3><div class='special-heading-border'><div class='special-heading-inner-border' style='border-color:#3c3c3b'><\/div><\/div><\/div><br \/>\n<div class='avia-icon-list-container  '><ul class='avia-icon-list avia-icon-list-left av-iconlist-small avia_animate_when_almost_visible'>\n<li><div  class='iconlist_icon  avia-font-fontawesome'><span class='iconlist-char ' aria-hidden='true' data-av_icon='\uf00c' data-av_iconfont='fontawesome'><\/span><\/div><article class=\"article-icon-entry \"  itemscope=\"itemscope\" itemtype=\"https:\/\/schema.org\/CreativeWork\" ><div class='iconlist_content_wrap'><header class=\"entry-content-header\"><div class='av_iconlist_title iconlist_title_small  '  itemprop=\"headline\"  >Power<\/div><\/header><div class='iconlist_content  '  itemprop=\"text\"  ><p>4kw<\/p>\n<\/div><\/div><footer class=\"entry-footer\"><\/footer><\/article><div class='iconlist-timeline'><\/div><\/li>\n<li><div  class='iconlist_icon  avia-font-fontawesome'><span class='iconlist-char ' aria-hidden='true' data-av_icon='\uf00c' data-av_iconfont='fontawesome'><\/span><\/div><article class=\"article-icon-entry \"  itemscope=\"itemscope\" itemtype=\"https:\/\/schema.org\/CreativeWork\" ><div class='iconlist_content_wrap'><header class=\"entry-content-header\"><div class='av_iconlist_title iconlist_title_small  '  itemprop=\"headline\"  >Table format<\/div><\/header><div class='iconlist_content  '  itemprop=\"text\"  ><p>1,500mm x 3,000mm<\/p>\n<\/div><\/div><footer class=\"entry-footer\"><\/footer><\/article><div class='iconlist-timeline'><\/div><\/li>\n<li><div  class='iconlist_icon  avia-font-fontawesome'><span class='iconlist-char ' aria-hidden='true' data-av_icon='\uf00c' data-av_iconfont='fontawesome'><\/span><\/div><article class=\"article-icon-entry \"  itemscope=\"itemscope\" itemtype=\"https:\/\/schema.org\/CreativeWork\" ><div class='iconlist_content_wrap'><header class=\"entry-content-header\"><div class='av_iconlist_title iconlist_title_small  '  itemprop=\"headline\"  >Maximum thickness<\/div><\/header><div class='iconlist_content  '  itemprop=\"text\"  ><ul>\n<li><strong>Steel<\/strong> 20mm 02<\/li>\n<li><strong>Stainless steel<\/strong>\u00a015mm N2<\/li>\n<li><strong>Aluminium<\/strong>\u00a08mm N2<\/li>\n<\/ul>\n<\/div><\/div><footer class=\"entry-footer\"><\/footer><\/article><div class='iconlist-timeline'><\/div><\/li>\n<li><div  class='iconlist_icon  avia-font-fontawesome'><span class='iconlist-char ' aria-hidden='true' data-av_icon='\uf00c' data-av_iconfont='fontawesome'><\/span><\/div><article class=\"article-icon-entry av-iconlist-empty\"  itemscope=\"itemscope\" itemtype=\"https:\/\/schema.org\/CreativeWork\" ><div class='iconlist_content_wrap'><header class=\"entry-content-header\"><div class='av_iconlist_title iconlist_title_small  '  itemprop=\"headline\"  >Chargeur \/ D\u00e9chargeur<\/div><\/header><div class='iconlist_content  '  itemprop=\"text\"  ><\/div><\/div><footer class=\"entry-footer\"><\/footer><\/article><div class='iconlist-timeline'><\/div><\/li>\n<\/ul><\/div><\/p><\/div><div class=\"flex_column av_three_fifth  av-animated-generic right-to-left  flex_column_div av-zero-column-padding   \" style='border-radius:0px; '><p><div style='padding-bottom:10px;color:#3c3c3b;font-size:55px;' class='av-special-heading av-special-heading-h2 custom-color-heading blockquote modern-quote   av-inherit-size '><h2 class='av-special-heading-tag '  itemprop=\"headline\"  >Laser Cutting<\/h2><div class ='av-subheading av-subheading_below av_custom_color ' style='font-size:20px;'><p>The flexibility of laser, from prototypes to mass production<\/p>\n<\/div><div class='special-heading-border'><div class='special-heading-inner-border' style='border-color:#3c3c3b'><\/div><\/div><\/div><br \/>\n<section class=\"av_textblock_section \"  itemscope=\"itemscope\" itemtype=\"https:\/\/schema.org\/CreativeWork\" ><div class='avia_textblock  av_inherit_color '  style='color:#2e2d2c; '  itemprop=\"text\" ><p><strong>Laser cutting is adapted to producing finely worked metal parts in aluminium, stainless steel and steel. <\/strong><\/p>\n<p>The combination of an effective programming service and efficient technical resources means that TFE can quickly launch specific laser cutting production.<\/p>\n<p>From single parts to industrial mass production, TFE meets all the needs of the classic and innovating sheet metal work markets.<\/p>\n<p>Recent equipment and rigorous organisation guarantee the quality of our services.<br \/>\nComplex and even artistic industrial designs are possible using laser cutting.<\/p>\n<p>3D CAD makes it possible to work parts of different thicknesses, precise bending radii, and curved profiles, and to optimise the assembly of the different parts together.<\/p>\n<\/div><\/section><br \/>\n<div  class='avia-video avia-video-16-9   '  itemprop=\"video\" itemtype=\"https:\/\/schema.org\/VideoObject\" ><div class='avia-iframe-wrap'><iframe loading=\"lazy\" width=\"1500\" height=\"844\" src=\"https:\/\/www.youtube.com\/embed\/RknCjFDB1LI?feature=oembed\" frameborder=\"0\" allow=\"autoplay; encrypted-media\" allowfullscreen><\/iframe><\/div><\/div><\/p><\/div><div  class='hr hr-default  '><span class='hr-inner ' ><span class='hr-inner-style'><\/span><\/span><\/div>\n<div class=\"flex_column av_two_fifth  flex_column_div av-zero-column-padding first  slider_tfe_spe \" style='border-radius:0px; '><p><div style='height:70px' class='hr hr-invisible   '><span class='hr-inner ' ><span class='hr-inner-style'><\/span><\/span><\/div><br \/>\n<div  data-size='large'  data-lightbox_size='large'  data-animation='slide'  data-ids='4499,4791,4792'  data-video_counter='0'  data-autoplay='false'  data-bg_slider='false'  data-slide_height=''  data-handle='av_slideshow'  data-interval='5'  data-class='  '  data-css_id=''  data-scroll_down=''  data-control_layout='av-control-default'  data-custom_markup=''  data-perma_caption=''  data-autoplay_stopper=''  data-image_attachment=''  data-min_height='0px'  class='avia-slideshow avia-slideshow-1  av-control-default av-default-height-applied avia-slideshow-large av_slideshow    avia-slide-slider '  itemprop=\"ImageObject\" itemscope=\"itemscope\" itemtype=\"https:\/\/schema.org\/ImageObject\" ><ul class='avia-slideshow-inner' style='padding-bottom: 133.38129496403%;'><li  class=' slide-1 ' ><div data-rel='slideshow-1' class='avia-slide-wrap' title='Habillage de fa\u00e7ade inox en d\u00e9coupe laser pour b\u00e2timent d&#039;architecte' ><img src=\"data:image\/gif;base64,R0lGODdhAQABAPAAAP\/\/\/wAAACwAAAAAAQABAEACAkQBADs=\" data-lazy-src='https:\/\/www.tfe-france.com\/public\/uploads\/2018\/07\/10.jpg' width='695' height='927' title='Habillage m\u00e9tallique avec d\u00e9coupe laser' alt='Habillage m\u00e9tallique avec d\u00e9coupe laser'  itemprop=\"thumbnailUrl\"   \/><noscript><img src='https:\/\/www.tfe-france.com\/public\/uploads\/2018\/07\/10.jpg' width='695' height='927' title='Habillage m\u00e9tallique avec d\u00e9coupe laser' alt='Habillage m\u00e9tallique avec d\u00e9coupe laser'  itemprop=\"thumbnailUrl\"   \/><\/noscript><\/div><\/li><li  class=' slide-2 ' ><div data-rel='slideshow-1' class='avia-slide-wrap' title='D\u00e9coupe laser sur inox bross\u00e9 avec ouvertures mini' ><img src=\"data:image\/gif;base64,R0lGODdhAQABAPAAAP\/\/\/wAAACwAAAAAAQABAEACAkQBADs=\" data-lazy-src='https:\/\/www.tfe-france.com\/public\/uploads\/2018\/07\/13-1030x687.jpg' width='1030' height='687' title='D\u00e9coupe laser' alt='Pi\u00e8ce de d\u00e9coupe laser'  itemprop=\"thumbnailUrl\"   \/><noscript><img src='https:\/\/www.tfe-france.com\/public\/uploads\/2018\/07\/13-1030x687.jpg' width='1030' height='687' title='D\u00e9coupe laser' alt='Pi\u00e8ce de d\u00e9coupe laser'  itemprop=\"thumbnailUrl\"   \/><\/noscript><\/div><\/li><\/ul><div class='avia-slideshow-arrows avia-slideshow-controls'><a href='#prev' class='prev-slide' aria-hidden='true' data-av_icon='\ue87c' data-av_iconfont='entypo-fontello'>Previous<\/a><a href='#next' class='next-slide' aria-hidden='true' data-av_icon='\ue87d' data-av_iconfont='entypo-fontello'>Next<\/a><\/div><div class='avia-slideshow-dots avia-slideshow-controls'><a href='#1' class='goto-slide active' >1<\/a><a href='#2' class='goto-slide ' >2<\/a><\/div><\/div><\/p><\/div><div class=\"flex_column av_three_fifth  flex_column_div av-zero-column-padding   \" style='border-radius:0px; '><p><div style='padding-bottom:10px;color:#3c3c3b;font-size:55px;' class='av-special-heading av-special-heading-h3 custom-color-heading blockquote modern-quote   av-inherit-size '><h3 class='av-special-heading-tag '  itemprop=\"headline\"  >Many sectors of activity use TFE\u2019s laser cutting expertise. <\/h3><div class ='av-subheading av-subheading_below av_custom_color ' style='font-size:20px;'><p>All sectors<\/p>\n<\/div><div class='special-heading-border'><div class='special-heading-inner-border' style='border-color:#3c3c3b'><\/div><\/div><\/div><br \/>\n<section class=\"av_textblock_section \"  itemscope=\"itemscope\" itemtype=\"https:\/\/schema.org\/CreativeWork\" ><div class='avia_textblock  av_inherit_color '  style='color:#2e2d2c; '  itemprop=\"text\" ><p>Historically, the first sectors for which we worked on fine sheet metal were the phone industry and the lighting industry for which we produced projector parts.<br \/>\nLaser cutting widened the scope of our skills in producing industrial or specific and complex parts.<\/p>\n<p>TFE partners work in all fields of activity: IT, aviation, electronics, food and agri-food, mechanics, point of sale advertising, fixture and fittings, automotive, and on the electric vehicle market, \u2026<\/p>\n<p>In the construction sector, TFE produces metal cuts for facade cladding, joinery, pools and shelters, lighting\u2026 in small or large series.<br \/>\nSafety and access parts such as die-stamped steps and non-slip duck boarding are increasingly in demand.<\/p>\n<p>Considering the large number of industrial applications and the infinity of bespoke solutions, the list cannot be exhaustive.<\/p>\n<\/div><\/section><\/p><\/div>\n","protected":false},"excerpt":{"rendered":"","protected":false},"author":1,"featured_media":0,"parent":4853,"menu_order":0,"comment_status":"closed","ping_status":"closed","template":"","meta":{"footnotes":""},"class_list":["post-4857","page","type-page","status-publish","hentry"],"yoast_head":"<!-- This site is optimized with the Yoast SEO plugin v25.7 - https:\/\/yoast.com\/wordpress\/plugins\/seo\/ -->\n<title>Laser cutting - TFE<\/title>\n<meta name=\"robots\" content=\"index, follow, max-snippet:-1, max-image-preview:large, max-video-preview:-1\" \/>\n<link rel=\"canonical\" href=\"https:\/\/www.tfe-france.com\/en\/fine-sheet-metal-work\/laser-cutting\/\" \/>\n<meta property=\"og:locale\" content=\"en_US\" \/>\n<meta property=\"og:type\" content=\"article\" \/>\n<meta property=\"og:title\" content=\"Laser cutting - TFE\" \/>\n<meta property=\"og:url\" content=\"https:\/\/www.tfe-france.com\/en\/fine-sheet-metal-work\/laser-cutting\/\" \/>\n<meta property=\"og:site_name\" content=\"TFE\" \/>\n<meta property=\"article:modified_time\" content=\"2018-07-11T14:25:12+00:00\" \/>\n<meta name=\"twitter:card\" content=\"summary_large_image\" \/>\n<meta name=\"twitter:label1\" content=\"Est. reading time\" \/>\n\t<meta name=\"twitter:data1\" content=\"7 minutes\" \/>\n<script type=\"application\/ld+json\" class=\"yoast-schema-graph\">{\"@context\":\"https:\/\/schema.org\",\"@graph\":[{\"@type\":\"WebPage\",\"@id\":\"https:\/\/www.tfe-france.com\/en\/fine-sheet-metal-work\/laser-cutting\/\",\"url\":\"https:\/\/www.tfe-france.com\/en\/fine-sheet-metal-work\/laser-cutting\/\",\"name\":\"Laser cutting - TFE\",\"isPartOf\":{\"@id\":\"https:\/\/www.tfe-france.com\/fr\/#website\"},\"datePublished\":\"2018-07-11T13:42:58+00:00\",\"dateModified\":\"2018-07-11T14:25:12+00:00\",\"breadcrumb\":{\"@id\":\"https:\/\/www.tfe-france.com\/en\/fine-sheet-metal-work\/laser-cutting\/#breadcrumb\"},\"inLanguage\":\"en-US\",\"potentialAction\":[{\"@type\":\"ReadAction\",\"target\":[\"https:\/\/www.tfe-france.com\/en\/fine-sheet-metal-work\/laser-cutting\/\"]}]},{\"@type\":\"BreadcrumbList\",\"@id\":\"https:\/\/www.tfe-france.com\/en\/fine-sheet-metal-work\/laser-cutting\/#breadcrumb\",\"itemListElement\":[{\"@type\":\"ListItem\",\"position\":1,\"name\":\"Accueil\",\"item\":\"https:\/\/www.tfe-france.com\/en\/\"},{\"@type\":\"ListItem\",\"position\":2,\"name\":\"Fine sheet metal work\",\"item\":\"https:\/\/www.tfe-france.com\/en\/fine-sheet-metal-work\/\"},{\"@type\":\"ListItem\",\"position\":3,\"name\":\"Laser cutting\"}]},{\"@type\":\"WebSite\",\"@id\":\"https:\/\/www.tfe-france.com\/fr\/#website\",\"url\":\"https:\/\/www.tfe-france.com\/fr\/\",\"name\":\"TFE\",\"description\":\"\",\"potentialAction\":[{\"@type\":\"SearchAction\",\"target\":{\"@type\":\"EntryPoint\",\"urlTemplate\":\"https:\/\/www.tfe-france.com\/fr\/?s={search_term_string}\"},\"query-input\":{\"@type\":\"PropertyValueSpecification\",\"valueRequired\":true,\"valueName\":\"search_term_string\"}}],\"inLanguage\":\"en-US\"}]}<\/script>\n<!-- \/ Yoast SEO plugin. -->","yoast_head_json":{"title":"Laser cutting - TFE","robots":{"index":"index","follow":"follow","max-snippet":"max-snippet:-1","max-image-preview":"max-image-preview:large","max-video-preview":"max-video-preview:-1"},"canonical":"https:\/\/www.tfe-france.com\/en\/fine-sheet-metal-work\/laser-cutting\/","og_locale":"en_US","og_type":"article","og_title":"Laser cutting - TFE","og_url":"https:\/\/www.tfe-france.com\/en\/fine-sheet-metal-work\/laser-cutting\/","og_site_name":"TFE","article_modified_time":"2018-07-11T14:25:12+00:00","twitter_card":"summary_large_image","twitter_misc":{"Est. reading time":"7 minutes"},"schema":{"@context":"https:\/\/schema.org","@graph":[{"@type":"WebPage","@id":"https:\/\/www.tfe-france.com\/en\/fine-sheet-metal-work\/laser-cutting\/","url":"https:\/\/www.tfe-france.com\/en\/fine-sheet-metal-work\/laser-cutting\/","name":"Laser cutting - TFE","isPartOf":{"@id":"https:\/\/www.tfe-france.com\/fr\/#website"},"datePublished":"2018-07-11T13:42:58+00:00","dateModified":"2018-07-11T14:25:12+00:00","breadcrumb":{"@id":"https:\/\/www.tfe-france.com\/en\/fine-sheet-metal-work\/laser-cutting\/#breadcrumb"},"inLanguage":"en-US","potentialAction":[{"@type":"ReadAction","target":["https:\/\/www.tfe-france.com\/en\/fine-sheet-metal-work\/laser-cutting\/"]}]},{"@type":"BreadcrumbList","@id":"https:\/\/www.tfe-france.com\/en\/fine-sheet-metal-work\/laser-cutting\/#breadcrumb","itemListElement":[{"@type":"ListItem","position":1,"name":"Accueil","item":"https:\/\/www.tfe-france.com\/en\/"},{"@type":"ListItem","position":2,"name":"Fine sheet metal work","item":"https:\/\/www.tfe-france.com\/en\/fine-sheet-metal-work\/"},{"@type":"ListItem","position":3,"name":"Laser cutting"}]},{"@type":"WebSite","@id":"https:\/\/www.tfe-france.com\/fr\/#website","url":"https:\/\/www.tfe-france.com\/fr\/","name":"TFE","description":"","potentialAction":[{"@type":"SearchAction","target":{"@type":"EntryPoint","urlTemplate":"https:\/\/www.tfe-france.com\/fr\/?s={search_term_string}"},"query-input":{"@type":"PropertyValueSpecification","valueRequired":true,"valueName":"search_term_string"}}],"inLanguage":"en-US"}]}},"_links":{"self":[{"href":"https:\/\/www.tfe-france.com\/en\/wp-json\/wp\/v2\/pages\/4857","targetHints":{"allow":["GET"]}}],"collection":[{"href":"https:\/\/www.tfe-france.com\/en\/wp-json\/wp\/v2\/pages"}],"about":[{"href":"https:\/\/www.tfe-france.com\/en\/wp-json\/wp\/v2\/types\/page"}],"author":[{"embeddable":true,"href":"https:\/\/www.tfe-france.com\/en\/wp-json\/wp\/v2\/users\/1"}],"replies":[{"embeddable":true,"href":"https:\/\/www.tfe-france.com\/en\/wp-json\/wp\/v2\/comments?post=4857"}],"version-history":[{"count":7,"href":"https:\/\/www.tfe-france.com\/en\/wp-json\/wp\/v2\/pages\/4857\/revisions"}],"predecessor-version":[{"id":4916,"href":"https:\/\/www.tfe-france.com\/en\/wp-json\/wp\/v2\/pages\/4857\/revisions\/4916"}],"up":[{"embeddable":true,"href":"https:\/\/www.tfe-france.com\/en\/wp-json\/wp\/v2\/pages\/4853"}],"wp:attachment":[{"href":"https:\/\/www.tfe-france.com\/en\/wp-json\/wp\/v2\/media?parent=4857"}],"curies":[{"name":"wp","href":"https:\/\/api.w.org\/{rel}","templated":true}]}}