{"id":4870,"date":"2018-07-11T14:47:16","date_gmt":"2018-07-11T13:47:16","guid":{"rendered":"https:\/\/www.tfe-france.com\/?page_id=4870"},"modified":"2018-07-11T15:40:54","modified_gmt":"2018-07-11T14:40:54","slug":"punching","status":"publish","type":"page","link":"https:\/\/www.tfe-france.com\/en\/fine-sheet-metal-work\/punching\/","title":{"rendered":"Punching"},"content":{"rendered":"<\/div><\/div><\/div><!-- close content main div --><\/div><\/div><div id='section-surmesure' class='avia-section main_color avia-section-default avia-no-border-styling avia-bg-style-scroll   container_wrap fullsize'   ><div class='container' ><div class='template-page content  av-content-full alpha units'><div class='post-entry post-entry-type-page post-entry-4870'><div class='entry-content-wrapper clearfix'>\n<div class=\"flex_column av_two_fifth  av-animated-generic left-to-right  flex_column_div av-zero-column-padding first  \" style='border-radius:0px; '><p><div class='avia-image-container  av-styling-no-styling     avia-align-center '  itemprop=\"ImageObject\" itemscope=\"itemscope\" itemtype=\"https:\/\/schema.org\/ImageObject\"  ><div class='avia-image-container-inner'><img class='avia_image ' src=\"data:image\/gif;base64,R0lGODdhAQABAPAAAP\/\/\/wAAACwAAAAAAQABAEACAkQBADs=\" data-lazy-src='https:\/\/www.tfe-france.com\/public\/uploads\/2018\/07\/pon\u00e7onnage.jpg' alt='Poin\u00e7onnage' title='Poin\u00e7onnage'   itemprop=\"thumbnailUrl\"  \/><noscript><img class='avia_image ' src='https:\/\/www.tfe-france.com\/public\/uploads\/2018\/07\/pon\u00e7onnage.jpg' alt='Poin\u00e7onnage' title='Poin\u00e7onnage'   itemprop=\"thumbnailUrl\"  \/><\/noscript><\/div><\/div><br \/>\n<div class='avia-button-wrap avia-button-left '><a href='\/contact\/' class='avia-button   avia-icon_select-no avia-color-theme-color avia-size-medium avia-position-left '   ><span class='avia_iconbox_title' >A proposal ?<\/span><\/a><\/div><br \/>\n<div style='height:30px' class='hr hr-invisible  '><span class='hr-inner ' ><span class='hr-inner-style'><\/span><\/span><\/div><br \/>\n<div style='padding-bottom:10px;color:#3c3c3b;font-size:25px;' class='av-special-heading av-special-heading-h3 custom-color-heading blockquote modern-quote  av-inherit-size '><h3 class='av-special-heading-tag '  itemprop=\"headline\"  >Punching technical resources,<br \/>\nthe FMC laser combi.\/<\/h3><div class='special-heading-border'><div class='special-heading-inner-border' style='border-color:#3c3c3b'><\/div><\/div><\/div><br \/>\n<div class='avia-icon-list-container  '><ul class='avia-icon-list avia-icon-list-left av-iconlist-small avia_animate_when_almost_visible'>\n<li><div  class='iconlist_icon  avia-font-fontawesome'><span class='iconlist-char ' aria-hidden='true' data-av_icon='\uf00c' data-av_iconfont='fontawesome'><\/span><\/div><article class=\"article-icon-entry \"  itemscope=\"itemscope\" itemtype=\"https:\/\/schema.org\/CreativeWork\" ><div class='iconlist_content_wrap'><header class=\"entry-content-header\"><div class='av_iconlist_title iconlist_title_small  '  itemprop=\"headline\"  >Power<\/div><\/header><div class='iconlist_content  '  itemprop=\"text\"  ><p>3.2kw &#8211; 18 tonnes<\/p>\n<\/div><\/div><footer class=\"entry-footer\"><\/footer><\/article><div class='iconlist-timeline'><\/div><\/li>\n<li><div  class='iconlist_icon  avia-font-fontawesome'><span class='iconlist-char ' aria-hidden='true' data-av_icon='\uf00c' data-av_iconfont='fontawesome'><\/span><\/div><article class=\"article-icon-entry \"  itemscope=\"itemscope\" itemtype=\"https:\/\/schema.org\/CreativeWork\" ><div class='iconlist_content_wrap'><header class=\"entry-content-header\"><div class='av_iconlist_title iconlist_title_small  '  itemprop=\"headline\"  >Table format<\/div><\/header><div class='iconlist_content  '  itemprop=\"text\"  ><p>1,250mm x 2,500mm<\/p>\n<\/div><\/div><footer class=\"entry-footer\"><\/footer><\/article><div class='iconlist-timeline'><\/div><\/li>\n<li><div  class='iconlist_icon  avia-font-fontawesome'><span class='iconlist-char ' aria-hidden='true' data-av_icon='\uf00c' data-av_iconfont='fontawesome'><\/span><\/div><article class=\"article-icon-entry \"  itemscope=\"itemscope\" itemtype=\"https:\/\/schema.org\/CreativeWork\" ><div class='iconlist_content_wrap'><header class=\"entry-content-header\"><div class='av_iconlist_title iconlist_title_small  '  itemprop=\"headline\"  >Maximum thickness<\/div><\/header><div class='iconlist_content  '  itemprop=\"text\"  ><ul>\n<li><strong>Steel<\/strong> 6mm<\/li>\n<li><strong>Stainless steel<\/strong>\u00a04mm<\/li>\n<li><strong>Aluminium<\/strong>\u00a06mm<\/li>\n<\/ul>\n<\/div><\/div><footer class=\"entry-footer\"><\/footer><\/article><div class='iconlist-timeline'><\/div><\/li>\n<li><div  class='iconlist_icon  avia-font-fontawesome'><span class='iconlist-char ' aria-hidden='true' data-av_icon='\uf00c' data-av_iconfont='fontawesome'><\/span><\/div><article class=\"article-icon-entry av-iconlist-empty\"  itemscope=\"itemscope\" itemtype=\"https:\/\/schema.org\/CreativeWork\" ><div class='iconlist_content_wrap'><header class=\"entry-content-header\"><div class='av_iconlist_title iconlist_title_small  '  itemprop=\"headline\"  >Tapping, countersinking, forming, automatic bending<\/div><\/header><div class='iconlist_content  '  itemprop=\"text\"  ><\/div><\/div><footer class=\"entry-footer\"><\/footer><\/article><div class='iconlist-timeline'><\/div><\/li>\n<\/ul><\/div><\/p><\/div><div class=\"flex_column av_three_fifth  av-animated-generic right-to-left  flex_column_div av-zero-column-padding   \" style='border-radius:0px; '><p><div style='padding-bottom:10px;color:#3c3c3b;font-size:55px;' class='av-special-heading av-special-heading-h2 custom-color-heading blockquote modern-quote  av-inherit-size '><h2 class='av-special-heading-tag '  itemprop=\"headline\"  >Punching<\/h2><div class ='av-subheading av-subheading_below av_custom_color ' style='font-size:20px;'><p>TFE uses a laser-punching combi for perforation, forming and die-stamping<\/p>\n<\/div><div class='special-heading-border'><div class='special-heading-inner-border' style='border-color:#3c3c3b'><\/div><\/div><\/div><br \/>\n<section class=\"av_textblock_section \"  itemscope=\"itemscope\" itemtype=\"https:\/\/schema.org\/CreativeWork\" ><div class='avia_textblock  av_inherit_color '  style='color:#2e2d2c; '  itemprop=\"text\" ><p>Punching productivity combined with the flexibility of laser increases productivity, which is one of TFE\u2019s strengths.<\/p>\n<p>Industrial punching is suitable for functional and geometric parts that require work and cutting in the thickness of the metal. Precision punching for stainless steel, aluminium and steel is carried out by hole punch using a die punch, a quicker and cheaper technique than traditional drilling.<\/p>\n<p>TFE uses a laser-punching combi to process thicknesses up to 6mm with a maximum power of 18 tonnes for plates of up to 2.5m.<\/p>\n<p>Plates perforated with large numbers of holes will be produced in industrial quantities using punching to control production costs.<br \/>\nSheet metal cold cutting using a die is used to accurately cut complex parts and perforate the material in multiple places using different techniques.<\/p>\n<p>Hydraulic stamping gives metal parts a new form to shape it to the required profile.<\/p>\n<p>TFE supports you in your choice of process and the tools to prefer depending on the final use of the product and the requested quantities.<\/p>\n<\/div><\/section><br \/>\n<div  class='avia-video avia-video-16-9   '  itemprop=\"video\" itemtype=\"https:\/\/schema.org\/VideoObject\" ><div class='avia-iframe-wrap'><iframe loading=\"lazy\" width=\"1500\" height=\"844\" src=\"https:\/\/www.youtube.com\/embed\/ltPSPXFdcl8?feature=oembed\" frameborder=\"0\" allow=\"autoplay; encrypted-media\" allowfullscreen><\/iframe><\/div><\/div><\/p><\/div><div  class='hr hr-default  '><span class='hr-inner ' ><span class='hr-inner-style'><\/span><\/span><\/div>\n<div class=\"flex_column av_two_fifth  flex_column_div av-zero-column-padding first  \" style='border-radius:0px; '><p><div style='height:10px' class='hr hr-invisible  av-medium-hide av-small-hide av-mini-hide  '><span class='hr-inner ' ><span class='hr-inner-style'><\/span><\/span><\/div><br \/>\n<div  data-size='large'  data-lightbox_size='large'  data-animation='slide'  data-ids='4669,4674,4670,4748,4671'  data-video_counter='0'  data-autoplay='false'  data-bg_slider='false'  data-slide_height=''  data-handle='av_slideshow'  data-interval='5'  data-class='  '  data-css_id=''  data-scroll_down=''  data-control_layout='av-control-default'  data-custom_markup=''  data-perma_caption=''  data-autoplay_stopper=''  data-image_attachment=''  data-min_height='0px'  class='avia-slideshow avia-slideshow-1  av-control-default av-default-height-applied avia-slideshow-large av_slideshow    avia-slide-slider '  itemprop=\"ImageObject\" itemscope=\"itemscope\" itemtype=\"https:\/\/schema.org\/ImageObject\" ><ul class='avia-slideshow-inner' style='padding-bottom: 38.932038834951%;'><li  class=' slide-1 ' ><div data-rel='slideshow-1' class='avia-slide-wrap'  ><img src=\"data:image\/gif;base64,R0lGODdhAQABAPAAAP\/\/\/wAAACwAAAAAAQABAEACAkQBADs=\" data-lazy-src='https:\/\/www.tfe-france.com\/public\/uploads\/2018\/07\/5-1030x401.jpg' width='1030' height='401' title='D\u00e9coupe laser' alt='D\u00e9coupe laser'  itemprop=\"thumbnailUrl\"   \/><noscript><img src='https:\/\/www.tfe-france.com\/public\/uploads\/2018\/07\/5-1030x401.jpg' width='1030' height='401' title='D\u00e9coupe laser' alt='D\u00e9coupe laser'  itemprop=\"thumbnailUrl\"   \/><\/noscript><\/div><\/li><li  class=' slide-2 ' ><div data-rel='slideshow-1' class='avia-slide-wrap'  ><img src=\"data:image\/gif;base64,R0lGODdhAQABAPAAAP\/\/\/wAAACwAAAAAAQABAEACAkQBADs=\" data-lazy-src='https:\/\/www.tfe-france.com\/public\/uploads\/2018\/07\/pon\u00e7onnage-1030x401.jpg' width='1030' height='401' title='Poin\u00e7onnage' alt='Poin\u00e7onnage'  itemprop=\"thumbnailUrl\"   \/><noscript><img src='https:\/\/www.tfe-france.com\/public\/uploads\/2018\/07\/pon\u00e7onnage-1030x401.jpg' width='1030' height='401' title='Poin\u00e7onnage' alt='Poin\u00e7onnage'  itemprop=\"thumbnailUrl\"   \/><\/noscript><\/div><\/li><li  class=' slide-3 ' ><div data-rel='slideshow-1' class='avia-slide-wrap'  ><img src=\"data:image\/gif;base64,R0lGODdhAQABAPAAAP\/\/\/wAAACwAAAAAAQABAEACAkQBADs=\" data-lazy-src='https:\/\/www.tfe-france.com\/public\/uploads\/2018\/07\/reglage_laser_machine-1030x401.jpg' width='1030' height='401' title='D\u00e9coupe laser' alt='Machine de D\u00e9coupe laser'  itemprop=\"thumbnailUrl\"   \/><noscript><img src='https:\/\/www.tfe-france.com\/public\/uploads\/2018\/07\/reglage_laser_machine-1030x401.jpg' width='1030' height='401' title='D\u00e9coupe laser' alt='Machine de D\u00e9coupe laser'  itemprop=\"thumbnailUrl\"   \/><\/noscript><\/div><\/li><li  class=' slide-4 ' ><div data-rel='slideshow-1' class='avia-slide-wrap' title='Alliance de la technologie poin\u00e7onnage avec la technologie laser' ><img src=\"data:image\/gif;base64,R0lGODdhAQABAPAAAP\/\/\/wAAACwAAAAAAQABAEACAkQBADs=\" data-lazy-src='https:\/\/www.tfe-france.com\/public\/uploads\/2018\/07\/2.jpg' width='963' height='606' title='Poin\u00e7onnage avec combin\u00e9 laser' alt='Poin\u00e7onnage avec combin\u00e9 laser'  itemprop=\"thumbnailUrl\"   \/><noscript><img src='https:\/\/www.tfe-france.com\/public\/uploads\/2018\/07\/2.jpg' width='963' height='606' title='Poin\u00e7onnage avec combin\u00e9 laser' alt='Poin\u00e7onnage avec combin\u00e9 laser'  itemprop=\"thumbnailUrl\"   \/><\/noscript><\/div><\/li><li  class=' slide-5 ' ><div data-rel='slideshow-1' class='avia-slide-wrap' title='D\u00e9coupe laser apr\u00e8s poin\u00e7onnage' ><img src=\"data:image\/gif;base64,R0lGODdhAQABAPAAAP\/\/\/wAAACwAAAAAAQABAEACAkQBADs=\" data-lazy-src='https:\/\/www.tfe-france.com\/public\/uploads\/2018\/07\/laser-1030x401.jpg' width='1030' height='401' title='D\u00e9coupe laser' alt='D\u00e9coupe laser'  itemprop=\"thumbnailUrl\"   \/><noscript><img src='https:\/\/www.tfe-france.com\/public\/uploads\/2018\/07\/laser-1030x401.jpg' width='1030' height='401' title='D\u00e9coupe laser' alt='D\u00e9coupe laser'  itemprop=\"thumbnailUrl\"   \/><\/noscript><\/div><\/li><\/ul><div class='avia-slideshow-arrows avia-slideshow-controls'><a href='#prev' class='prev-slide' aria-hidden='true' data-av_icon='\ue87c' data-av_iconfont='entypo-fontello'>Previous<\/a><a href='#next' class='next-slide' aria-hidden='true' data-av_icon='\ue87d' data-av_iconfont='entypo-fontello'>Next<\/a><\/div><div class='avia-slideshow-dots avia-slideshow-controls'><a href='#1' class='goto-slide active' >1<\/a><a href='#2' class='goto-slide ' >2<\/a><a href='#3' class='goto-slide ' >3<\/a><a href='#4' class='goto-slide ' >4<\/a><a href='#5' class='goto-slide ' >5<\/a><\/div><\/div><\/p><\/div><div class=\"flex_column av_three_fifth  flex_column_div av-zero-column-padding   \" style='border-radius:0px; '><p><div style='padding-bottom:10px;color:#3c3c3b;font-size:55px;' class='av-special-heading av-special-heading-h3 custom-color-heading blockquote modern-quote  av-inherit-size '><h3 class='av-special-heading-tag '  itemprop=\"headline\"  >The performance of TFE techniques provides a high degree of production management flexibility.<\/h3><div class ='av-subheading av-subheading_below av_custom_color ' style='font-size:20px;'><p>Flexibility<\/p>\n<\/div><div class='special-heading-border'><div class='special-heading-inner-border' style='border-color:#3c3c3b'><\/div><\/div><\/div><br \/>\n<section class=\"av_textblock_section \"  itemscope=\"itemscope\" itemtype=\"https:\/\/schema.org\/CreativeWork\" ><div class='avia_textblock  av_inherit_color '  style='color:#2e2d2c; '  itemprop=\"text\" ><p>The forming, cutting, countersinking and tapping used on the laser-punching combi guarantee quality parts produced in the shortest time.<\/p>\n<p>TFE processes are automated and are suitable for all metals, stainless steel, aluminium and steel.<\/p>\n<p>The production parameters used by the digital interface optimise production and increase the reliability of checks.<\/p>\n<p>The methods department advises customers on the techniques to use, whether punching, laser cutting or combined techniques to reduce production costs and lead times.<\/p>\n<p>TFE operators are all fine and industrial sheet metal professionals and are trained in the use of the different machines. Their versatility increases our flexibility.<\/p>\n<\/div><\/section><\/p><\/div>\n","protected":false},"excerpt":{"rendered":"","protected":false},"author":1,"featured_media":0,"parent":4853,"menu_order":0,"comment_status":"closed","ping_status":"closed","template":"","meta":{"footnotes":""},"class_list":["post-4870","page","type-page","status-publish","hentry"],"yoast_head":"<!-- This site is optimized with the Yoast SEO plugin v25.7 - https:\/\/yoast.com\/wordpress\/plugins\/seo\/ -->\n<title>Punching - TFE<\/title>\n<meta name=\"robots\" content=\"index, follow, max-snippet:-1, max-image-preview:large, max-video-preview:-1\" \/>\n<link rel=\"canonical\" href=\"https:\/\/www.tfe-france.com\/en\/fine-sheet-metal-work\/punching\/\" \/>\n<meta property=\"og:locale\" content=\"en_US\" \/>\n<meta property=\"og:type\" content=\"article\" \/>\n<meta property=\"og:title\" content=\"Punching - TFE\" \/>\n<meta property=\"og:url\" content=\"https:\/\/www.tfe-france.com\/en\/fine-sheet-metal-work\/punching\/\" \/>\n<meta property=\"og:site_name\" content=\"TFE\" \/>\n<meta property=\"article:modified_time\" content=\"2018-07-11T14:40:54+00:00\" \/>\n<meta name=\"twitter:card\" content=\"summary_large_image\" \/>\n<meta name=\"twitter:label1\" content=\"Est. reading time\" \/>\n\t<meta name=\"twitter:data1\" content=\"7 minutes\" \/>\n<script type=\"application\/ld+json\" class=\"yoast-schema-graph\">{\"@context\":\"https:\/\/schema.org\",\"@graph\":[{\"@type\":\"WebPage\",\"@id\":\"https:\/\/www.tfe-france.com\/en\/fine-sheet-metal-work\/punching\/\",\"url\":\"https:\/\/www.tfe-france.com\/en\/fine-sheet-metal-work\/punching\/\",\"name\":\"Punching - TFE\",\"isPartOf\":{\"@id\":\"https:\/\/www.tfe-france.com\/fr\/#website\"},\"datePublished\":\"2018-07-11T13:47:16+00:00\",\"dateModified\":\"2018-07-11T14:40:54+00:00\",\"breadcrumb\":{\"@id\":\"https:\/\/www.tfe-france.com\/en\/fine-sheet-metal-work\/punching\/#breadcrumb\"},\"inLanguage\":\"en-US\",\"potentialAction\":[{\"@type\":\"ReadAction\",\"target\":[\"https:\/\/www.tfe-france.com\/en\/fine-sheet-metal-work\/punching\/\"]}]},{\"@type\":\"BreadcrumbList\",\"@id\":\"https:\/\/www.tfe-france.com\/en\/fine-sheet-metal-work\/punching\/#breadcrumb\",\"itemListElement\":[{\"@type\":\"ListItem\",\"position\":1,\"name\":\"Accueil\",\"item\":\"https:\/\/www.tfe-france.com\/en\/\"},{\"@type\":\"ListItem\",\"position\":2,\"name\":\"Fine sheet metal work\",\"item\":\"https:\/\/www.tfe-france.com\/en\/fine-sheet-metal-work\/\"},{\"@type\":\"ListItem\",\"position\":3,\"name\":\"Punching\"}]},{\"@type\":\"WebSite\",\"@id\":\"https:\/\/www.tfe-france.com\/fr\/#website\",\"url\":\"https:\/\/www.tfe-france.com\/fr\/\",\"name\":\"TFE\",\"description\":\"\",\"potentialAction\":[{\"@type\":\"SearchAction\",\"target\":{\"@type\":\"EntryPoint\",\"urlTemplate\":\"https:\/\/www.tfe-france.com\/fr\/?s={search_term_string}\"},\"query-input\":{\"@type\":\"PropertyValueSpecification\",\"valueRequired\":true,\"valueName\":\"search_term_string\"}}],\"inLanguage\":\"en-US\"}]}<\/script>\n<!-- \/ Yoast SEO plugin. -->","yoast_head_json":{"title":"Punching - TFE","robots":{"index":"index","follow":"follow","max-snippet":"max-snippet:-1","max-image-preview":"max-image-preview:large","max-video-preview":"max-video-preview:-1"},"canonical":"https:\/\/www.tfe-france.com\/en\/fine-sheet-metal-work\/punching\/","og_locale":"en_US","og_type":"article","og_title":"Punching - TFE","og_url":"https:\/\/www.tfe-france.com\/en\/fine-sheet-metal-work\/punching\/","og_site_name":"TFE","article_modified_time":"2018-07-11T14:40:54+00:00","twitter_card":"summary_large_image","twitter_misc":{"Est. reading time":"7 minutes"},"schema":{"@context":"https:\/\/schema.org","@graph":[{"@type":"WebPage","@id":"https:\/\/www.tfe-france.com\/en\/fine-sheet-metal-work\/punching\/","url":"https:\/\/www.tfe-france.com\/en\/fine-sheet-metal-work\/punching\/","name":"Punching - TFE","isPartOf":{"@id":"https:\/\/www.tfe-france.com\/fr\/#website"},"datePublished":"2018-07-11T13:47:16+00:00","dateModified":"2018-07-11T14:40:54+00:00","breadcrumb":{"@id":"https:\/\/www.tfe-france.com\/en\/fine-sheet-metal-work\/punching\/#breadcrumb"},"inLanguage":"en-US","potentialAction":[{"@type":"ReadAction","target":["https:\/\/www.tfe-france.com\/en\/fine-sheet-metal-work\/punching\/"]}]},{"@type":"BreadcrumbList","@id":"https:\/\/www.tfe-france.com\/en\/fine-sheet-metal-work\/punching\/#breadcrumb","itemListElement":[{"@type":"ListItem","position":1,"name":"Accueil","item":"https:\/\/www.tfe-france.com\/en\/"},{"@type":"ListItem","position":2,"name":"Fine sheet metal work","item":"https:\/\/www.tfe-france.com\/en\/fine-sheet-metal-work\/"},{"@type":"ListItem","position":3,"name":"Punching"}]},{"@type":"WebSite","@id":"https:\/\/www.tfe-france.com\/fr\/#website","url":"https:\/\/www.tfe-france.com\/fr\/","name":"TFE","description":"","potentialAction":[{"@type":"SearchAction","target":{"@type":"EntryPoint","urlTemplate":"https:\/\/www.tfe-france.com\/fr\/?s={search_term_string}"},"query-input":{"@type":"PropertyValueSpecification","valueRequired":true,"valueName":"search_term_string"}}],"inLanguage":"en-US"}]}},"_links":{"self":[{"href":"https:\/\/www.tfe-france.com\/en\/wp-json\/wp\/v2\/pages\/4870","targetHints":{"allow":["GET"]}}],"collection":[{"href":"https:\/\/www.tfe-france.com\/en\/wp-json\/wp\/v2\/pages"}],"about":[{"href":"https:\/\/www.tfe-france.com\/en\/wp-json\/wp\/v2\/types\/page"}],"author":[{"embeddable":true,"href":"https:\/\/www.tfe-france.com\/en\/wp-json\/wp\/v2\/users\/1"}],"replies":[{"embeddable":true,"href":"https:\/\/www.tfe-france.com\/en\/wp-json\/wp\/v2\/comments?post=4870"}],"version-history":[{"count":4,"href":"https:\/\/www.tfe-france.com\/en\/wp-json\/wp\/v2\/pages\/4870\/revisions"}],"predecessor-version":[{"id":4920,"href":"https:\/\/www.tfe-france.com\/en\/wp-json\/wp\/v2\/pages\/4870\/revisions\/4920"}],"up":[{"embeddable":true,"href":"https:\/\/www.tfe-france.com\/en\/wp-json\/wp\/v2\/pages\/4853"}],"wp:attachment":[{"href":"https:\/\/www.tfe-france.com\/en\/wp-json\/wp\/v2\/media?parent=4870"}],"curies":[{"name":"wp","href":"https:\/\/api.w.org\/{rel}","templated":true}]}}