{"id":35,"date":"2014-08-29T02:09:43","date_gmt":"2014-08-29T01:09:43","guid":{"rendered":"http:\/\/wp\/?page_id=35"},"modified":"2025-01-07T14:22:59","modified_gmt":"2025-01-07T13:22:59","slug":"contact","status":"publish","type":"page","link":"https:\/\/www.tfe-france.com\/fr\/contact\/","title":{"rendered":"Contact"},"content":{"rendered":"<\/div><\/div><\/div><!-- close content main div --><\/div><\/div><div id='section-contact' class='avia-section main_color avia-section-default avia-no-border-styling avia-bg-style-scroll   container_wrap fullsize' style = 'background-repeat: no-repeat; background-image: url(https:\/\/www.tfe-france.com\/public\/uploads\/2018\/04\/Background-red.png); background-attachment: scroll; background-position: top right; ' data-section-bg-repeat='no-repeat' ><div class='container' ><div class='template-page content  av-content-full alpha units'><div class='post-entry post-entry-type-page post-entry-35'><div class='entry-content-wrapper clearfix'>\n<div class=\"flex_column av_two_fifth  av-animated-generic left-to-right  flex_column_div av-zero-column-padding first  \" style='border-radius:0px; '><p><section class=\"avia_codeblock_section  avia_code_block_0\"  itemscope=\"itemscope\" itemtype=\"https:\/\/schema.org\/CreativeWork\" ><div class='avia_codeblock '  itemprop=\"text\" > [avia_codeblock_placeholder uid=\"0\"] <\/div><\/section><br \/>\n<div style='height:50px' class='hr hr-invisible  '><span class='hr-inner ' ><span class='hr-inner-style'><\/span><\/span><\/div><br \/>\n<div style='padding-bottom:10px;color:#3c3c3b;font-size:25px;' class='av-special-heading av-special-heading-h3 custom-color-heading blockquote modern-quote   av-inherit-size '><h3 class='av-special-heading-tag '  itemprop=\"headline\"  >Notre service<br \/>\ncommercial<\/h3><div class='special-heading-border'><div class='special-heading-inner-border' style='border-color:#3c3c3b'><\/div><\/div><\/div><br \/>\n<section class=\"av_textblock_section \"  itemscope=\"itemscope\" itemtype=\"https:\/\/schema.org\/CreativeWork\" ><div class='avia_textblock  av_inherit_color '  style='color:#2e2d2c; '  itemprop=\"text\" ><blockquote>\n<p>Nos \u00e9quipes interviennent sur l&rsquo;ensemble<br \/>\n<strong>du territoire fran\u00e7ais<\/strong><\/p>\n<\/blockquote>\n<\/div><\/section><br \/>\n<div style='height:20px' class='hr hr-invisible  '><span class='hr-inner ' ><span class='hr-inner-style'><\/span><\/span><\/div><br \/>\n<section class=\"av_textblock_section \"  itemscope=\"itemscope\" itemtype=\"https:\/\/schema.org\/CreativeWork\" ><div class='avia_textblock  '   itemprop=\"text\" ><p>S\u00e9bastien ROUGET<\/p>\n<p><strong>06 80 22 36 08<\/strong><\/p>\n<p><strong>02 96 31 18 55<\/strong><\/p>\n<\/div><\/section><br \/>\n<section class=\"av_textblock_section \"  itemscope=\"itemscope\" itemtype=\"https:\/\/schema.org\/CreativeWork\" ><div class='avia_textblock  '   itemprop=\"text\" ><\/div><\/section><\/p><\/div><div class=\"flex_column av_three_fifth  av-animated-generic right-to-left  flex_column_div av-zero-column-padding   \" style='border-radius:0px; '><p><div style='padding-bottom:10px;color:#3c3c3b;font-size:55px;' class='av-special-heading av-special-heading-h2 custom-color-heading blockquote modern-quote   av-inherit-size '><h2 class='av-special-heading-tag '  itemprop=\"headline\"  >Contactez<br \/>\nNous<\/h2><div class ='av-subheading av-subheading_below av_custom_color ' style='font-size:20px;'><p><span class=\"adresse\">12 bis Rue Becquerel <b> 22400 LAMBALLE<br \/>\n<span class=\"num\">T\u00e9l. +33 (0)2 96 31 18 55<\/span><\/b><\/span><br \/>\nmail : devis@tfe.bzh<\/p>\n<\/div><div class='special-heading-border'><div class='special-heading-inner-border' style='border-color:#3c3c3b'><\/div><\/div><\/div><br \/>\n<div style='height:10px' class='hr hr-invisible  '><span class='hr-inner ' ><span class='hr-inner-style'><\/span><\/span><\/div><br \/>\n<section class=\"av_textblock_section \"  itemscope=\"itemscope\" itemtype=\"https:\/\/schema.org\/CreativeWork\" ><div class='avia_textblock  '   itemprop=\"text\" ><h3><strong>Vous avez un projet, une demande de devis ?\u00a0<\/strong><\/h3>\n<p style=\"text-align: left;\">Merci de <strong>remplir le formulaire<\/strong>,<br \/>\nnous vous recontacterons dans les meilleurs d\u00e9lais<\/p>\n<\/div><\/section><br \/>\n<section class=\"av_textblock_section \"  itemscope=\"itemscope\" itemtype=\"https:\/\/schema.org\/CreativeWork\" ><div class='avia_textblock  '   itemprop=\"text\" >\n<div class=\"wpcf7 no-js\" id=\"wpcf7-f4060-o1\" lang=\"fr-FR\" dir=\"ltr\" data-wpcf7-id=\"4060\">\n<div class=\"screen-reader-response\"><p role=\"status\" aria-live=\"polite\" aria-atomic=\"true\"><\/p> <ul><\/ul><\/div>\n<form action=\"\/fr\/wp-json\/wp\/v2\/pages\/35#wpcf7-f4060-o1\" method=\"post\" class=\"wpcf7-form init\" aria-label=\"Formulaire de contact\" enctype=\"multipart\/form-data\" novalidate=\"novalidate\" data-status=\"init\">\n<fieldset class=\"hidden-fields-container\"><input type=\"hidden\" name=\"_wpcf7\" value=\"4060\" \/><input type=\"hidden\" name=\"_wpcf7_version\" value=\"6.1.1\" \/><input type=\"hidden\" name=\"_wpcf7_locale\" value=\"fr_FR\" \/><input type=\"hidden\" name=\"_wpcf7_unit_tag\" value=\"wpcf7-f4060-o1\" \/><input type=\"hidden\" name=\"_wpcf7_container_post\" value=\"0\" \/><input type=\"hidden\" name=\"_wpcf7_posted_data_hash\" value=\"\" \/><input type=\"hidden\" name=\"_wpcf7_recaptcha_response\" value=\"\" \/>\n<\/fieldset>\n<div class=\"block_contact\">\n\t<div class=\"flex_column av_one_half  flex_column_div first\">\n\t\t<p><span class=\"wpcf7-form-control-wrap\" data-name=\"nom\"><input size=\"40\" maxlength=\"400\" class=\"wpcf7-form-control wpcf7-text wpcf7-validates-as-required\" aria-required=\"true\" aria-invalid=\"false\" placeholder=\"Nom (obligatoire)\" value=\"\" type=\"text\" name=\"nom\" \/><\/span><br \/>\n<span class=\"wpcf7-form-control-wrap\" data-name=\"prenom\"><input size=\"40\" maxlength=\"400\" class=\"wpcf7-form-control wpcf7-text wpcf7-validates-as-required\" aria-required=\"true\" aria-invalid=\"false\" placeholder=\"Pr\u00e9nom (obligatoire)\" value=\"\" type=\"text\" name=\"prenom\" \/><\/span><br \/>\n<span class=\"wpcf7-form-control-wrap\" data-name=\"your-email\"><input size=\"40\" maxlength=\"400\" class=\"wpcf7-form-control wpcf7-email wpcf7-validates-as-required wpcf7-text wpcf7-validates-as-email\" aria-required=\"true\" aria-invalid=\"false\" placeholder=\"Mail (obligatoire)\" value=\"\" type=\"email\" name=\"your-email\" \/><\/span><br \/>\n<span class=\"wpcf7-form-control-wrap\" data-name=\"your-societe\"><input size=\"40\" maxlength=\"400\" class=\"wpcf7-form-control wpcf7-text\" aria-invalid=\"false\" placeholder=\"Soci\u00e9t\u00e9\" value=\"\" type=\"text\" name=\"your-societe\" \/><\/span><br \/>\n<span class=\"wpcf7-form-control-wrap\" data-name=\"tel-744\"><input size=\"40\" maxlength=\"400\" class=\"wpcf7-form-control wpcf7-tel wpcf7-text wpcf7-validates-as-tel\" aria-invalid=\"false\" placeholder=\"T\u00e9l\u00e9phone\" value=\"\" type=\"tel\" name=\"tel-744\" \/><\/span>\n\t\t<\/p>\n\t\t<div class=\"container-file-2\">\n\t\t\t<p><span class=\"wpcf7-form-control-wrap\" data-name=\"devis\"><input size=\"40\" class=\"wpcf7-form-control wpcf7-file file_input is_empty input-file\" accept=\".pdf,.odt,.docx,.jpg,.png,.dxf,.dwg\" aria-invalid=\"false\" type=\"file\" name=\"devis\" \/><\/span><span class=\"wpcf7-form-control-wrap\" data-name=\"text-189\"><input size=\"40\" maxlength=\"400\" class=\"wpcf7-form-control wpcf7-text devis-fake-input-file\" aria-invalid=\"false\" placeholder=\"Votre plan ou sch\u00e9ma\" value=\"\" type=\"text\" name=\"text-189\" \/><\/span><button class=\"avia-button\"><span class=\"fa fa-upload\"><\/span><\/button>\n\t\t\t<\/p>\n\t\t\t<p class=\"infos-fichier\">Extension des fichiers accept\u00e9es : pdf, odt, docx, jpg, png, dxf et dwg \/ Taille maximale : 5 Mb \/ fichier\n\t\t\t<\/p>\n\t\t<\/div>\n\t<\/div>\n\t<div class=\"flex_column av_one_half  flex_column_div\">\n\t\t<p><span class=\"wpcf7-form-control-wrap\" data-name=\"your-subject\"><input size=\"40\" maxlength=\"400\" class=\"wpcf7-form-control wpcf7-text\" aria-invalid=\"false\" placeholder=\"Sujet\" value=\"\" type=\"text\" name=\"your-subject\" \/><\/span><br \/>\n<span class=\"wpcf7-form-control-wrap\" data-name=\"your-message\"><textarea cols=\"40\" rows=\"10\" maxlength=\"2000\" class=\"wpcf7-form-control wpcf7-textarea\" aria-invalid=\"false\" placeholder=\"Message\" name=\"your-message\"><\/textarea><\/span>\n\t\t<\/p>\n\t\t<p class=\"rgpd\">En soumettant ce formulaire, j\u2019accepte que les informations saisies soient exploit\u00e9es pour permettre de me recontacter. Pour conna\u00eetre et exercer vos droits, notamment de retrait de votre consentement \u00e0 l\u2019utilisation des donn\u00e9es collect\u00e9es par ce formulaire, veuillez consulter notre <a target=\"_blank\" href=\"\/politique-confidentialite\">Politique de Confidentialit\u00e9 des Donn\u00e9es Personnelles<\/a>\n\t\t<\/p>\n\t\t<p><input class=\"wpcf7-form-control wpcf7-submit has-spinner\" type=\"submit\" value=\"Envoyer\" \/>\n\t\t<\/p>\n\t<\/div>\n<\/div><div class=\"wpcf7-response-output\" aria-hidden=\"true\"><\/div>\n<\/form>\n<\/div>\n\n<\/div><\/section><\/p><\/div>\n","protected":false},"excerpt":{"rendered":"","protected":false},"author":1,"featured_media":0,"parent":0,"menu_order":0,"comment_status":"open","ping_status":"closed","template":"","meta":{"footnotes":""},"class_list":["post-35","page","type-page","status-publish","hentry"],"yoast_head":"<!-- This site is optimized with the Yoast SEO plugin v25.7 - https:\/\/yoast.com\/wordpress\/plugins\/seo\/ -->\n<title>Contact - TFE<\/title>\n<meta name=\"description\" content=\"Vous souhaitez prendre contact avec l&#039;entreprise TFE ? Vous pouvez nous contacter via notre formulaire de contact ou par t\u00e9l\u00e9phone au 02.96.31.18.55\" \/>\n<meta name=\"robots\" content=\"index, follow, max-snippet:-1, max-image-preview:large, max-video-preview:-1\" \/>\n<link rel=\"canonical\" href=\"https:\/\/www.tfe-france.com\/fr\/contact\/\" \/>\n<meta property=\"og:locale\" content=\"fr_FR\" \/>\n<meta property=\"og:type\" content=\"article\" \/>\n<meta property=\"og:title\" content=\"Contact - TFE\" \/>\n<meta property=\"og:description\" content=\"Vous souhaitez prendre contact avec l&#039;entreprise TFE ? Vous pouvez nous contacter via notre formulaire de contact ou par t\u00e9l\u00e9phone au 02.96.31.18.55\" \/>\n<meta property=\"og:url\" content=\"https:\/\/www.tfe-france.com\/fr\/contact\/\" \/>\n<meta property=\"og:site_name\" content=\"TFE\" \/>\n<meta property=\"article:modified_time\" content=\"2025-01-07T13:22:59+00:00\" \/>\n<meta name=\"twitter:card\" content=\"summary_large_image\" \/>\n<meta name=\"twitter:label1\" content=\"Dur\u00e9e de lecture estim\u00e9e\" \/>\n\t<meta name=\"twitter:data1\" content=\"2 minutes\" \/>\n<script type=\"application\/ld+json\" class=\"yoast-schema-graph\">{\"@context\":\"https:\/\/schema.org\",\"@graph\":[{\"@type\":\"WebPage\",\"@id\":\"https:\/\/www.tfe-france.com\/fr\/contact\/\",\"url\":\"https:\/\/www.tfe-france.com\/fr\/contact\/\",\"name\":\"Contact - TFE\",\"isPartOf\":{\"@id\":\"https:\/\/www.tfe-france.com\/fr\/#website\"},\"datePublished\":\"2014-08-29T01:09:43+00:00\",\"dateModified\":\"2025-01-07T13:22:59+00:00\",\"description\":\"Vous souhaitez prendre contact avec l'entreprise TFE ? Vous pouvez nous contacter via notre formulaire de contact ou par t\u00e9l\u00e9phone au 02.96.31.18.55\",\"breadcrumb\":{\"@id\":\"https:\/\/www.tfe-france.com\/fr\/contact\/#breadcrumb\"},\"inLanguage\":\"fr-FR\",\"potentialAction\":[{\"@type\":\"ReadAction\",\"target\":[\"https:\/\/www.tfe-france.com\/fr\/contact\/\"]}]},{\"@type\":\"BreadcrumbList\",\"@id\":\"https:\/\/www.tfe-france.com\/fr\/contact\/#breadcrumb\",\"itemListElement\":[{\"@type\":\"ListItem\",\"position\":1,\"name\":\"Accueil\",\"item\":\"https:\/\/www.tfe-france.com\/fr\/accueil-2\/\"},{\"@type\":\"ListItem\",\"position\":2,\"name\":\"Contact\"}]},{\"@type\":\"WebSite\",\"@id\":\"https:\/\/www.tfe-france.com\/fr\/#website\",\"url\":\"https:\/\/www.tfe-france.com\/fr\/\",\"name\":\"TFE\",\"description\":\"\",\"potentialAction\":[{\"@type\":\"SearchAction\",\"target\":{\"@type\":\"EntryPoint\",\"urlTemplate\":\"https:\/\/www.tfe-france.com\/fr\/?s={search_term_string}\"},\"query-input\":{\"@type\":\"PropertyValueSpecification\",\"valueRequired\":true,\"valueName\":\"search_term_string\"}}],\"inLanguage\":\"fr-FR\"}]}<\/script>\n<!-- \/ Yoast SEO plugin. -->","yoast_head_json":{"title":"Contact - TFE","description":"Vous souhaitez prendre contact avec l'entreprise TFE ? Vous pouvez nous contacter via notre formulaire de contact ou par t\u00e9l\u00e9phone au 02.96.31.18.55","robots":{"index":"index","follow":"follow","max-snippet":"max-snippet:-1","max-image-preview":"max-image-preview:large","max-video-preview":"max-video-preview:-1"},"canonical":"https:\/\/www.tfe-france.com\/fr\/contact\/","og_locale":"fr_FR","og_type":"article","og_title":"Contact - TFE","og_description":"Vous souhaitez prendre contact avec l'entreprise TFE ? Vous pouvez nous contacter via notre formulaire de contact ou par t\u00e9l\u00e9phone au 02.96.31.18.55","og_url":"https:\/\/www.tfe-france.com\/fr\/contact\/","og_site_name":"TFE","article_modified_time":"2025-01-07T13:22:59+00:00","twitter_card":"summary_large_image","twitter_misc":{"Dur\u00e9e de lecture estim\u00e9e":"2 minutes"},"schema":{"@context":"https:\/\/schema.org","@graph":[{"@type":"WebPage","@id":"https:\/\/www.tfe-france.com\/fr\/contact\/","url":"https:\/\/www.tfe-france.com\/fr\/contact\/","name":"Contact - TFE","isPartOf":{"@id":"https:\/\/www.tfe-france.com\/fr\/#website"},"datePublished":"2014-08-29T01:09:43+00:00","dateModified":"2025-01-07T13:22:59+00:00","description":"Vous souhaitez prendre contact avec l'entreprise TFE ? Vous pouvez nous contacter via notre formulaire de contact ou par t\u00e9l\u00e9phone au 02.96.31.18.55","breadcrumb":{"@id":"https:\/\/www.tfe-france.com\/fr\/contact\/#breadcrumb"},"inLanguage":"fr-FR","potentialAction":[{"@type":"ReadAction","target":["https:\/\/www.tfe-france.com\/fr\/contact\/"]}]},{"@type":"BreadcrumbList","@id":"https:\/\/www.tfe-france.com\/fr\/contact\/#breadcrumb","itemListElement":[{"@type":"ListItem","position":1,"name":"Accueil","item":"https:\/\/www.tfe-france.com\/fr\/accueil-2\/"},{"@type":"ListItem","position":2,"name":"Contact"}]},{"@type":"WebSite","@id":"https:\/\/www.tfe-france.com\/fr\/#website","url":"https:\/\/www.tfe-france.com\/fr\/","name":"TFE","description":"","potentialAction":[{"@type":"SearchAction","target":{"@type":"EntryPoint","urlTemplate":"https:\/\/www.tfe-france.com\/fr\/?s={search_term_string}"},"query-input":{"@type":"PropertyValueSpecification","valueRequired":true,"valueName":"search_term_string"}}],"inLanguage":"fr-FR"}]}},"_links":{"self":[{"href":"https:\/\/www.tfe-france.com\/fr\/wp-json\/wp\/v2\/pages\/35","targetHints":{"allow":["GET"]}}],"collection":[{"href":"https:\/\/www.tfe-france.com\/fr\/wp-json\/wp\/v2\/pages"}],"about":[{"href":"https:\/\/www.tfe-france.com\/fr\/wp-json\/wp\/v2\/types\/page"}],"author":[{"embeddable":true,"href":"https:\/\/www.tfe-france.com\/fr\/wp-json\/wp\/v2\/users\/1"}],"replies":[{"embeddable":true,"href":"https:\/\/www.tfe-france.com\/fr\/wp-json\/wp\/v2\/comments?post=35"}],"version-history":[{"count":65,"href":"https:\/\/www.tfe-france.com\/fr\/wp-json\/wp\/v2\/pages\/35\/revisions"}],"predecessor-version":[{"id":5713,"href":"https:\/\/www.tfe-france.com\/fr\/wp-json\/wp\/v2\/pages\/35\/revisions\/5713"}],"wp:attachment":[{"href":"https:\/\/www.tfe-france.com\/fr\/wp-json\/wp\/v2\/media?parent=35"}],"curies":[{"name":"wp","href":"https:\/\/api.w.org\/{rel}","templated":true}]}}