{"id":3644,"date":"2018-04-05T10:07:46","date_gmt":"2018-04-05T09:07:46","guid":{"rendered":"https:\/\/www.tfe-france.com\/?page_id=3644"},"modified":"2019-06-04T14:25:22","modified_gmt":"2019-06-04T13:25:22","slug":"historique","status":"publish","type":"page","link":"https:\/\/www.tfe-france.com\/fr\/historique\/","title":{"rendered":"Historique"},"content":{"rendered":"<\/div><\/div><\/div><!-- close content main div --><\/div><\/div><div id='section-page' class='avia-section main_color avia-section-default avia-no-border-styling avia-bg-style-scroll    container_wrap fullsize'   ><div class='container' ><div class='template-page content  av-content-full alpha units'><div class='post-entry post-entry-type-page post-entry-3644'><div class='entry-content-wrapper clearfix'>\n<div class=\"flex_column av_two_fifth  av-animated-generic left-to-right  flex_column_div av-zero-column-padding first  slider_historique \" style='border-radius:0px; '><div  data-size='featured'  data-lightbox_size='large'  data-animation='slide'  data-ids='4613'  data-video_counter='0'  data-autoplay='true'  data-bg_slider='false'  data-slide_height=''  data-handle='av_slideshow'  data-interval='5'  data-class='  '  data-css_id=''  data-scroll_down=''  data-control_layout='av-control-default'  data-custom_markup=''  data-perma_caption=''  data-autoplay_stopper=''  data-image_attachment=''  data-min_height='0px'  data-default-height='28.666666666667'  class='avia-slideshow avia-slideshow-1  av-control-default av-default-height-applied avia-slideshow-featured av_slideshow    avia-slide-slider '  itemprop=\"ImageObject\" itemscope=\"itemscope\" itemtype=\"https:\/\/schema.org\/ImageObject\" ><ul class='avia-slideshow-inner' style='padding-bottom: 48.75%;'><li  class=' av-single-slide slide-1 ' ><div data-rel='slideshow-1' class='avia-slide-wrap'  ><img src=\"data:image\/gif;base64,R0lGODdhAQABAPAAAP\/\/\/wAAACwAAAAAAQABAEACAkQBADs=\" data-lazy-src='https:\/\/www.tfe-france.com\/public\/uploads\/2018\/06\/acceuil_slider_laser-2.jpg' width='800' height='390' title='D\u00e9coupe Laser' alt='D\u00e9coupe Laser'  itemprop=\"thumbnailUrl\"   \/><noscript><img src='https:\/\/www.tfe-france.com\/public\/uploads\/2018\/06\/acceuil_slider_laser-2.jpg' width='800' height='390' title='D\u00e9coupe Laser' alt='D\u00e9coupe Laser'  itemprop=\"thumbnailUrl\"   \/><\/noscript><\/div><\/li><\/ul><\/div><\/div><div class=\"flex_column av_three_fifth  av-animated-generic right-to-left  flex_column_div av-zero-column-padding   \" style='border-radius:0px; '><p><div style='padding-bottom:10px;color:#3c3c3b;font-size:55px;' class='av-special-heading av-special-heading-h2 custom-color-heading blockquote modern-quote   av-inherit-size '><h2 class='av-special-heading-tag '  itemprop=\"headline\"  >L\u2019entreprise TFE<\/h2><div class ='av-subheading av-subheading_below av_custom_color ' style='font-size:20px;'><p>TFE, partenaire et sous-traitant de l\u2019industrie depuis 1974<\/p>\n<\/div><div class='special-heading-border'><div class='special-heading-inner-border' style='border-color:#3c3c3b'><\/div><\/div><\/div><br \/>\n<section class=\"av_textblock_section \"  itemscope=\"itemscope\" itemtype=\"https:\/\/schema.org\/CreativeWork\" ><div class='avia_textblock  av_inherit_color '  style='color:#2e2d2c; '  itemprop=\"text\" ><p>T\u00f4lerie Fine \u00c9lectronique est une entreprise familiale sp\u00e9cialis\u00e9e dans la\u00a0<a href=\"https:\/\/www.tfe-france.com\/tolerie-fine\/decoupe-laser\/\">d\u00e9coupe laser<\/a>, le\u00a0<a href=\"https:\/\/www.tfe-france.com\/tolerie-fine\/poinconnage\/\">poin\u00e7onnage<\/a>, le\u00a0<a href=\"https:\/\/www.tfe-france.com\/tolerie-fine\/pliage\/\">pliage robotis\u00e9<\/a>, les\u00a0<a href=\"https:\/\/www.tfe-france.com\/tolerie-fine\/soudure-assemblage\/\">soudures<\/a>\u00a0et le\u00a0<a href=\"https:\/\/www.tfe-france.com\/tolerie-fine\/thermolaquage\/\">thermolaquage<\/a>\u2026<\/p>\n<p>Install\u00e9e \u00e0 Lamballe dans les C\u00f4tes d\u2019Armor, TFE con\u00e7oit et r\u00e9alise des pi\u00e8ces sur-mesure en acier, inox et aluminium pour tout type d\u2019industrie, PME et PMI.<br \/>\nL\u2019organisation des ateliers de pliage et d\u2019assemblage permettent d\u2019optimiser la production.<br \/>\nLes finitions en peinture thermolaqu\u00e9e \u00e9poxy et polyur\u00e9thane qui personnalisent vos produits, sont r\u00e9alis\u00e9es en interne, comme la s\u00e9rigraphie.<\/p>\n<p>Du prototype aux moyennes et grandes s\u00e9ries TFE s\u2019engage sur la qualit\u00e9 de ses ouvrages et ses d\u00e9lais de livraison.<br \/>\nLe bureau des m\u00e9thodes TFE garantit le respect de votre cahier des charges et la ma\u00eetrise des co\u00fbts de production.<\/p>\n<p><b>Certifi\u00e9e Iso 9001 V2015<\/b>, TFE a cr\u00e9\u00e9 de nombreux partenariats dans des secteurs d\u2019activit\u00e9 vari\u00e9s\u00a0: \u00e9lectronique, informatique, transport, ing\u00e9nierie, \u00e9quipement, agencement, m\u00e9dical, agriculture, agroalimentaire, b\u00e2timent, PLV, acc\u00e8s et s\u00e9curit\u00e9, \u2026<\/p>\n<p>Vous devez r\u00e9aliser rapidement des ensembles ou sous-ensembles en t\u00f4lerie fine ?<br \/>\nVous recherchez un sous-traitant efficace dans la transformation de m\u00e9taux\u00a0?<\/p>\n<\/div><\/section><\/p><\/div>\n\n<\/div><\/div><\/div><!-- close content main div --><\/div><\/div><div id='section-page_2' class='avia-section main_color avia-section-default avia-no-border-styling avia-bg-style-scroll    container_wrap fullsize' style = 'background-repeat: no-repeat; background-image: url(https:\/\/www.tfe-france.com\/public\/uploads\/2018\/04\/Background-red.png); background-attachment: scroll; background-position: top right; ' data-section-bg-repeat='no-repeat' ><div class='container' ><div class='template-page content  av-content-full alpha units'><div class='post-entry post-entry-type-page post-entry-3644'><div class='entry-content-wrapper clearfix'>\n<div class='flex_column_table av-equal-height-column-flextable -flextable' ><div class=\"flex_column av_one_half  av-animated-generic right-to-left  flex_column_table_cell av-equal-height-column av-align-top first  \" style='padding:30px 0px 0px 0px ; border-radius:0px; '><p><div style='padding-bottom:10px;color:#3c3c3b;font-size:55px;' class='av-special-heading av-special-heading-h2 custom-color-heading blockquote modern-quote   av-inherit-size '><h2 class='av-special-heading-tag '  itemprop=\"headline\"  >Historique TFE<\/h2><div class ='av-subheading av-subheading_below av_custom_color ' style='font-size:20px;'><p>L\u2019histoire de TFE conjugue plusieurs passions\u00a0: la t\u00f4lerie, la famille et la p\u00eache<\/p>\n<\/div><div class='special-heading-border'><div class='special-heading-inner-border' style='border-color:#3c3c3b'><\/div><\/div><\/div><br \/>\n<section class=\"av_textblock_section \"  itemscope=\"itemscope\" itemtype=\"https:\/\/schema.org\/CreativeWork\" ><div class='avia_textblock  av_inherit_color '  style='font-size:16px; color:#2e2d2c; '  itemprop=\"text\" ><p style=\"text-align: left;\">Des<strong> investissements r\u00e9guliers<\/strong> dans du mat\u00e9riel performant permettent \u00e0 TFE de s\u2019imposer en <strong>t\u00f4lerie fine<\/strong>, <strong><a href=\"\/tolerie-fine\/decoupe-laser\/\">d\u00e9coupe laser<\/a><\/strong> et <strong><a href=\"\/tolerie-fine\/poinconnage\/\">poin\u00e7onnage<\/a><\/strong> dans de nombreux secteurs d\u2019activit\u00e9.<\/p>\n<p style=\"text-align: left;\">Au <strong>bureau des m\u00e9thodes<\/strong>, 4 techniciens travaillent en permanence \u00e0 la recherche de solutions optimales.<\/p>\n<\/div><\/section><\/p><\/div><\/div><!--close column table wrapper. Autoclose: 1 --><div class='flex_column_table av-equal-height-column-flextable -flextable' ><div class='av-flex-placeholder'><\/div><div class=\"flex_column av_one_half  av-animated-generic right-to-left  flex_column_table_cell av-equal-height-column av-align-top av-zero-column-padding   historique_tfe \" style='border-radius:0px; '><p><div class='avia-image-container  av-styling-no-styling    avia-align-right '  itemprop=\"ImageObject\" itemscope=\"itemscope\" itemtype=\"https:\/\/schema.org\/ImageObject\"  ><div class='avia-image-container-inner'><img class='avia_image ' src=\"data:image\/gif;base64,R0lGODdhAQABAPAAAP\/\/\/wAAACwAAAAAAQABAEACAkQBADs=\" data-lazy-src='https:\/\/www.tfe-france.com\/public\/uploads\/2018\/04\/dates.png' alt='dates importantes TFE' title='dates importantes TFE'   itemprop=\"thumbnailUrl\"  \/><noscript><img class='avia_image ' src='https:\/\/www.tfe-france.com\/public\/uploads\/2018\/04\/dates.png' alt='dates importantes TFE' title='dates importantes TFE'   itemprop=\"thumbnailUrl\"  \/><\/noscript><\/div><\/div><br \/>\n<div style='height:30px' class='hr hr-invisible  '><span class='hr-inner ' ><span class='hr-inner-style'><\/span><\/span><\/div><br \/>\n<section class=\"av_textblock_section \"  itemscope=\"itemscope\" itemtype=\"https:\/\/schema.org\/CreativeWork\" ><div class='avia_textblock  av_inherit_color '  style='font-size:16px; color:#2e2d2c; '  itemprop=\"text\" ><h3 style=\"text-align: center;\"><strong>Et l\u2019entreprise vit au rythme des machines<br \/>\nqui tournent 24h\/24<\/strong><\/h3>\n<\/div><\/section><\/p><\/div><\/div><!--close column table wrapper. Autoclose: 1 --><div class=\"tabcontainer   top_tab   \">\n\n<section class=\"av_tab_section\"  itemscope=\"itemscope\" itemtype=\"https:\/\/schema.org\/CreativeWork\" >    <div data-fake-id=\"#tab-id-1\" class=\"tab active_tab\"  itemprop=\"headline\" >1974<\/div>\n    <div id=\"tab-id-1-container\" class=\"tab_content active_tab_content\">\n        <div class=\"tab_inner_content invers-color\"  itemprop=\"text\" >\n<p>Cr\u00e9ation de la soci\u00e9t\u00e9 TFE par Bernard Rosier, m\u00e9canicien en a\u00e9ronautique devenu chef d\u2019\u00e9quipe dans une t\u00f4lerie.<\/p>\n\n        <\/div>\n    <\/div>\n<\/section>\n\n<section class=\"av_tab_section\"  itemscope=\"itemscope\" itemtype=\"https:\/\/schema.org\/CreativeWork\" >    <div data-fake-id=\"#tab-id-2\" class=\"tab \"  itemprop=\"headline\" >1983<\/div>\n    <div id=\"tab-id-2-container\" class=\"tab_content \">\n        <div class=\"tab_inner_content invers-color\"  itemprop=\"text\" >\n<p>C\u2019est la <strong>premi\u00e8re<\/strong> embauche !<\/p>\n\n        <\/div>\n    <\/div>\n<\/section>\n\n<section class=\"av_tab_section\"  itemscope=\"itemscope\" itemtype=\"https:\/\/schema.org\/CreativeWork\" >    <div data-fake-id=\"#tab-id-3\" class=\"tab \"  itemprop=\"headline\" >1992<\/div>\n    <div id=\"tab-id-3-container\" class=\"tab_content \">\n        <div class=\"tab_inner_content invers-color\"  itemprop=\"text\" >\n<p><strong>TFE compte 25 employ\u00e9s.<br \/>\n<\/strong>La croissance et l\u2019investissement r\u00e9gulier dans des machines toujours plus innovantes n\u00e9cessitent de nouveaux locaux, construits \u00e0\u00a0<strong>Lamballe<\/strong>\u00a0en 1992.<\/p>\n<p>La m\u00eame ann\u00e9e la PME s\u2019engage dans une d\u00e9marche qualit\u00e9 et obtient la\u00a0<strong>certification ISO 9003<\/strong>\u00a0qui garantit aux clients le contr\u00f4le final de toutes les pi\u00e8ces industrielles sortant de l\u2019atelier.<\/p>\n\n        <\/div>\n    <\/div>\n<\/section>\n\n<section class=\"av_tab_section\"  itemscope=\"itemscope\" itemtype=\"https:\/\/schema.org\/CreativeWork\" >    <div data-fake-id=\"#tab-id-4\" class=\"tab \"  itemprop=\"headline\" >1994<\/div>\n    <div id=\"tab-id-4-container\" class=\"tab_content \">\n        <div class=\"tab_inner_content invers-color\"  itemprop=\"text\" >\n<p>Jean-Luc Rosier rejoint l\u2019entreprise en\u00a0<strong>1994<\/strong>, 20 ans apr\u00e8s la cr\u00e9ation par ses parents de\u00a0<strong>T\u00f4lerie Fine \u00c9lectronique<\/strong>\u00a0en r\u00e9gion parisienne.<\/p>\n\n        <\/div>\n    <\/div>\n<\/section>\n\n<section class=\"av_tab_section\"  itemscope=\"itemscope\" itemtype=\"https:\/\/schema.org\/CreativeWork\" >    <div data-fake-id=\"#tab-id-5\" class=\"tab \"  itemprop=\"headline\" >1995<\/div>\n    <div id=\"tab-id-5-container\" class=\"tab_content \">\n        <div class=\"tab_inner_content invers-color\"  itemprop=\"text\" >\n<p>Un\u00a0<strong>ERP<\/strong>\u00a0est d\u00e9ploy\u00e9 d\u00e8s\u00a0<strong>1995<\/strong>, pour plus de r\u00e9activit\u00e9 et de flexibilit\u00e9. S\u2019adapter aux demandes et exigences des clients est une priorit\u00e9, Bernard Rosier m\u00e8ne tous ces changements avec son fils avant de prendre sa retraite en\u00a0<strong>1999<\/strong>.<\/p>\n\n        <\/div>\n    <\/div>\n<\/section>\n\n<section class=\"av_tab_section\"  itemscope=\"itemscope\" itemtype=\"https:\/\/schema.org\/CreativeWork\" >    <div data-fake-id=\"#tab-id-6\" class=\"tab \"  itemprop=\"headline\" >2001<\/div>\n    <div id=\"tab-id-6-container\" class=\"tab_content \">\n        <div class=\"tab_inner_content invers-color\"  itemprop=\"text\" >\n<p>L\u2019arriv\u00e9e du num\u00e9rique fait \u00e9voluer le m\u00e9tier et les champs d\u2019expertise, la premi\u00e8re machine de\u00a0<strong><a href=\"https:\/\/www.tfe-france.com\/tolerie-fine\/decoupe-laser\/\">d\u00e9coupe laser<\/a><\/strong>\u00a0arrive chez TFE en\u00a0<strong>2001<\/strong><\/p>\n\n        <\/div>\n    <\/div>\n<\/section>\n\n<section class=\"av_tab_section\"  itemscope=\"itemscope\" itemtype=\"https:\/\/schema.org\/CreativeWork\" >    <div data-fake-id=\"#tab-id-7\" class=\"tab \"  itemprop=\"headline\" >2015<\/div>\n    <div id=\"tab-id-7-container\" class=\"tab_content \">\n        <div class=\"tab_inner_content invers-color\"  itemprop=\"text\" >\n<p>Un atelier de\u00a0<a href=\"https:\/\/www.tfe-france.com\/tolerie-fine\/thermolaquage\/\">thermolaquage<\/a>\u00a0\u00e9poxy est install\u00e9, en compl\u00e9ment de l\u2019atelier de peinture liquide polyur\u00e9thane (PU).<\/p>\n\n        <\/div>\n    <\/div>\n<\/section>\n\n<section class=\"av_tab_section\"  itemscope=\"itemscope\" itemtype=\"https:\/\/schema.org\/CreativeWork\" >    <div data-fake-id=\"#tab-id-8\" class=\"tab \"  itemprop=\"headline\" >2016<\/div>\n    <div id=\"tab-id-8-container\" class=\"tab_content \">\n        <div class=\"tab_inner_content invers-color\"  itemprop=\"text\" >\n<p>La poin\u00e7onneuse FMC est remplac\u00e9e par un combin\u00e9\u00a0<a href=\"https:\/\/www.tfe-france.com\/tolerie-fine\/poinconnage\/\">laser-poin\u00e7onnage<\/a>.<\/p>\n\n        <\/div>\n    <\/div>\n<\/section>\n\n<section class=\"av_tab_section\"  itemscope=\"itemscope\" itemtype=\"https:\/\/schema.org\/CreativeWork\" >    <div data-fake-id=\"#tab-id-9\" class=\"tab \"  itemprop=\"headline\" >2018<\/div>\n    <div id=\"tab-id-9-container\" class=\"tab_content \">\n        <div class=\"tab_inner_content invers-color\"  itemprop=\"text\" >\n<p>L\u2019investissement dans deux nouvelles\u00a0<a href=\"https:\/\/www.tfe-france.com\/tolerie-fine\/pliage\/\">plieuses<\/a>\u00a0\u00e0 commande num\u00e9rique permet de r\u00e9pondre \u00e0 des demandes sp\u00e9cifiques\u00a0: v\u00e9hicules \u00e9lectriques, s\u00e9curit\u00e9 et acc\u00e8s, agencement, PLV, \u2026<\/p>\n\n        <\/div>\n    <\/div>\n<\/section>\n\n<section class=\"av_tab_section\"  itemscope=\"itemscope\" itemtype=\"https:\/\/schema.org\/CreativeWork\" >    <div data-fake-id=\"#tab-id-10\" class=\"tab \"  itemprop=\"headline\" >2019<\/div>\n    <div id=\"tab-id-10-container\" class=\"tab_content \">\n        <div class=\"tab_inner_content invers-color\"  itemprop=\"text\" >\n<p>La direction d&rsquo;<a href=\"http:\/\/www.atpa.fr\/\" target=\"_blank\" rel=\"noopener noreferrer\">ATPA<\/a> rach\u00e8te TFE pour proposer une offre globale, du sur-mesure \u00e0 la s\u00e9rie r\u00e9currente.<\/p>\n\n        <\/div>\n    <\/div>\n<\/section>\n\n<\/div>\n\n\n","protected":false},"excerpt":{"rendered":"","protected":false},"author":1,"featured_media":0,"parent":0,"menu_order":0,"comment_status":"closed","ping_status":"closed","template":"","meta":{"footnotes":""},"class_list":["post-3644","page","type-page","status-publish","hentry"],"yoast_head":"<!-- This site is optimized with the Yoast SEO plugin v25.7 - https:\/\/yoast.com\/wordpress\/plugins\/seo\/ -->\n<title>Historique - TFE<\/title>\n<meta name=\"description\" content=\"TFE est partenaire et sous-traitant de l&#039;industrie depuis 1974. A travers les ann\u00e9es l&#039;entreprise a investit progressivement et propose un parc machine \u00e0 la pointe de la technologie\" \/>\n<meta name=\"robots\" content=\"index, follow, max-snippet:-1, max-image-preview:large, max-video-preview:-1\" \/>\n<link rel=\"canonical\" href=\"https:\/\/www.tfe-france.com\/fr\/historique\/\" \/>\n<meta property=\"og:locale\" content=\"fr_FR\" \/>\n<meta property=\"og:type\" content=\"article\" \/>\n<meta property=\"og:title\" content=\"Historique - TFE\" \/>\n<meta property=\"og:description\" content=\"TFE est partenaire et sous-traitant de l&#039;industrie depuis 1974. A travers les ann\u00e9es l&#039;entreprise a investit progressivement et propose un parc machine \u00e0 la pointe de la technologie\" \/>\n<meta property=\"og:url\" content=\"https:\/\/www.tfe-france.com\/fr\/historique\/\" \/>\n<meta property=\"og:site_name\" content=\"TFE\" \/>\n<meta property=\"article:modified_time\" content=\"2019-06-04T13:25:22+00:00\" \/>\n<meta name=\"twitter:card\" content=\"summary_large_image\" \/>\n<meta name=\"twitter:label1\" content=\"Dur\u00e9e de lecture estim\u00e9e\" \/>\n\t<meta name=\"twitter:data1\" content=\"8 minutes\" \/>\n<script type=\"application\/ld+json\" class=\"yoast-schema-graph\">{\"@context\":\"https:\/\/schema.org\",\"@graph\":[{\"@type\":\"WebPage\",\"@id\":\"https:\/\/www.tfe-france.com\/fr\/historique\/\",\"url\":\"https:\/\/www.tfe-france.com\/fr\/historique\/\",\"name\":\"Historique - TFE\",\"isPartOf\":{\"@id\":\"https:\/\/www.tfe-france.com\/fr\/#website\"},\"datePublished\":\"2018-04-05T09:07:46+00:00\",\"dateModified\":\"2019-06-04T13:25:22+00:00\",\"description\":\"TFE est partenaire et sous-traitant de l'industrie depuis 1974. A travers les ann\u00e9es l'entreprise a investit progressivement et propose un parc machine \u00e0 la pointe de la technologie\",\"breadcrumb\":{\"@id\":\"https:\/\/www.tfe-france.com\/fr\/historique\/#breadcrumb\"},\"inLanguage\":\"fr-FR\",\"potentialAction\":[{\"@type\":\"ReadAction\",\"target\":[\"https:\/\/www.tfe-france.com\/fr\/historique\/\"]}]},{\"@type\":\"BreadcrumbList\",\"@id\":\"https:\/\/www.tfe-france.com\/fr\/historique\/#breadcrumb\",\"itemListElement\":[{\"@type\":\"ListItem\",\"position\":1,\"name\":\"Accueil\",\"item\":\"https:\/\/www.tfe-france.com\/fr\/accueil-2\/\"},{\"@type\":\"ListItem\",\"position\":2,\"name\":\"Historique\"}]},{\"@type\":\"WebSite\",\"@id\":\"https:\/\/www.tfe-france.com\/fr\/#website\",\"url\":\"https:\/\/www.tfe-france.com\/fr\/\",\"name\":\"TFE\",\"description\":\"\",\"potentialAction\":[{\"@type\":\"SearchAction\",\"target\":{\"@type\":\"EntryPoint\",\"urlTemplate\":\"https:\/\/www.tfe-france.com\/fr\/?s={search_term_string}\"},\"query-input\":{\"@type\":\"PropertyValueSpecification\",\"valueRequired\":true,\"valueName\":\"search_term_string\"}}],\"inLanguage\":\"fr-FR\"}]}<\/script>\n<!-- \/ Yoast SEO plugin. -->","yoast_head_json":{"title":"Historique - TFE","description":"TFE est partenaire et sous-traitant de l'industrie depuis 1974. A travers les ann\u00e9es l'entreprise a investit progressivement et propose un parc machine \u00e0 la pointe de la technologie","robots":{"index":"index","follow":"follow","max-snippet":"max-snippet:-1","max-image-preview":"max-image-preview:large","max-video-preview":"max-video-preview:-1"},"canonical":"https:\/\/www.tfe-france.com\/fr\/historique\/","og_locale":"fr_FR","og_type":"article","og_title":"Historique - TFE","og_description":"TFE est partenaire et sous-traitant de l'industrie depuis 1974. A travers les ann\u00e9es l'entreprise a investit progressivement et propose un parc machine \u00e0 la pointe de la technologie","og_url":"https:\/\/www.tfe-france.com\/fr\/historique\/","og_site_name":"TFE","article_modified_time":"2019-06-04T13:25:22+00:00","twitter_card":"summary_large_image","twitter_misc":{"Dur\u00e9e de lecture estim\u00e9e":"8 minutes"},"schema":{"@context":"https:\/\/schema.org","@graph":[{"@type":"WebPage","@id":"https:\/\/www.tfe-france.com\/fr\/historique\/","url":"https:\/\/www.tfe-france.com\/fr\/historique\/","name":"Historique - TFE","isPartOf":{"@id":"https:\/\/www.tfe-france.com\/fr\/#website"},"datePublished":"2018-04-05T09:07:46+00:00","dateModified":"2019-06-04T13:25:22+00:00","description":"TFE est partenaire et sous-traitant de l'industrie depuis 1974. A travers les ann\u00e9es l'entreprise a investit progressivement et propose un parc machine \u00e0 la pointe de la technologie","breadcrumb":{"@id":"https:\/\/www.tfe-france.com\/fr\/historique\/#breadcrumb"},"inLanguage":"fr-FR","potentialAction":[{"@type":"ReadAction","target":["https:\/\/www.tfe-france.com\/fr\/historique\/"]}]},{"@type":"BreadcrumbList","@id":"https:\/\/www.tfe-france.com\/fr\/historique\/#breadcrumb","itemListElement":[{"@type":"ListItem","position":1,"name":"Accueil","item":"https:\/\/www.tfe-france.com\/fr\/accueil-2\/"},{"@type":"ListItem","position":2,"name":"Historique"}]},{"@type":"WebSite","@id":"https:\/\/www.tfe-france.com\/fr\/#website","url":"https:\/\/www.tfe-france.com\/fr\/","name":"TFE","description":"","potentialAction":[{"@type":"SearchAction","target":{"@type":"EntryPoint","urlTemplate":"https:\/\/www.tfe-france.com\/fr\/?s={search_term_string}"},"query-input":{"@type":"PropertyValueSpecification","valueRequired":true,"valueName":"search_term_string"}}],"inLanguage":"fr-FR"}]}},"_links":{"self":[{"href":"https:\/\/www.tfe-france.com\/fr\/wp-json\/wp\/v2\/pages\/3644","targetHints":{"allow":["GET"]}}],"collection":[{"href":"https:\/\/www.tfe-france.com\/fr\/wp-json\/wp\/v2\/pages"}],"about":[{"href":"https:\/\/www.tfe-france.com\/fr\/wp-json\/wp\/v2\/types\/page"}],"author":[{"embeddable":true,"href":"https:\/\/www.tfe-france.com\/fr\/wp-json\/wp\/v2\/users\/1"}],"replies":[{"embeddable":true,"href":"https:\/\/www.tfe-france.com\/fr\/wp-json\/wp\/v2\/comments?post=3644"}],"version-history":[{"count":89,"href":"https:\/\/www.tfe-france.com\/fr\/wp-json\/wp\/v2\/pages\/3644\/revisions"}],"predecessor-version":[{"id":5285,"href":"https:\/\/www.tfe-france.com\/fr\/wp-json\/wp\/v2\/pages\/3644\/revisions\/5285"}],"wp:attachment":[{"href":"https:\/\/www.tfe-france.com\/fr\/wp-json\/wp\/v2\/media?parent=3644"}],"curies":[{"name":"wp","href":"https:\/\/api.w.org\/{rel}","templated":true}]}}