{"id":3646,"date":"2018-04-05T10:07:55","date_gmt":"2018-04-05T09:07:55","guid":{"rendered":"https:\/\/www.tfe-france.com\/?page_id=3646"},"modified":"2019-09-12T14:36:55","modified_gmt":"2019-09-12T13:36:55","slug":"chiffres-cles","status":"publish","type":"page","link":"https:\/\/www.tfe-france.com\/fr\/chiffres-cles\/","title":{"rendered":"Chiffres cl\u00e9s"},"content":{"rendered":"<\/div><\/div><\/div><!-- close content main div --><\/div><\/div><div id='section-chiffres' class='avia-section main_color avia-section-default avia-no-border-styling avia-bg-style-scroll   container_wrap fullsize' style = 'background-repeat: no-repeat; background-image: url(https:\/\/www.tfe-france.com\/public\/uploads\/2018\/04\/Background-red.png); background-attachment: scroll; background-position: top right; ' data-section-bg-repeat='no-repeat' ><div class='container' ><div class='template-page content  av-content-full alpha units'><div class='post-entry post-entry-type-page post-entry-3646'><div class='entry-content-wrapper clearfix'>\n<div class=\"flex_column av_three_fifth  flex_column_div av-zero-column-padding first  \" style='border-radius:0px; '><div style='padding-bottom:10px;color:#3c3c3b;font-size:55px;' class='av-special-heading av-special-heading-h2 custom-color-heading blockquote modern-quote   av-inherit-size '><h2 class='av-special-heading-tag '  itemprop=\"headline\"  >Chiffres cl\u00e9s tfe<\/h2><div class ='av-subheading av-subheading_below av_custom_color ' style='font-size:20px;'><p>En plus de 40 ans TFE s\u2019est forg\u00e9e de solides r\u00e9f\u00e9rences<br \/>\nen t\u00f4lerie de pr\u00e9cision et m\u00e9cano-soudure<\/p>\n<\/div><div class='special-heading-border'><div class='special-heading-inner-border' style='border-color:#3c3c3b'><\/div><\/div><\/div><\/div><div class=\"flex_column av_two_fifth  flex_column_div av-zero-column-padding   \" style='border-radius:0px; '><section class=\"av_textblock_section \"  itemscope=\"itemscope\" itemtype=\"https:\/\/schema.org\/CreativeWork\" ><div class='avia_textblock  av_inherit_color '  style='color:#3c3c3b; '  itemprop=\"text\" ><h3 style=\"text-align: left;\" align=\"justify\">Une expertise et des savoir-faire<\/h3>\n<p style=\"text-align: left;\" align=\"justify\">qui reposent sur une d\u00e9marche d\u2019<strong>am\u00e9lioration continue<\/strong>,<br \/>\ndes <strong>investissements r\u00e9guliers<\/strong> et une <strong>\u00e9coute attentive du march\u00e9<\/strong>.<\/p>\n<\/div><\/section><\/div><div style='height:50px' class='hr hr-invisible  '><span class='hr-inner ' ><span class='hr-inner-style'><\/span><\/span><\/div>\n<div class=\"flex_column av_one_fourth  flex_column_div av-zero-column-padding first  \" style='border-radius:0px; '><div  class=\"avia-animated-number av-force-default-color  avia-color-  avia_animate_when_visible\" ><strong class=\"heading avia-animated-number-title\" style='font-size:40px'><span class=\"avia-single-number __av-single-number\" data-number=\"1974\">1974<\/span><\/strong><div class='avia-animated-number-content' ><p>Cr\u00e9ation<br \/>\nde l&rsquo;entreprise<\/p>\n<\/div><\/div><\/div><div class=\"flex_column av_one_fourth  flex_column_div av-zero-column-padding   \" style='border-radius:0px; '><div  class=\"avia-animated-number av-force-default-color  avia-color-   avia_animate_when_visible\" ><strong class=\"heading avia-animated-number-title\" style='font-size:40px'><span class=\"avia-single-number __av-single-number\" data-number=\"30\">30<\/span><\/strong><div class='avia-animated-number-content' ><p>Collaborateurs<br \/>\nen 2018<\/p>\n<\/div><\/div><\/div><div class=\"flex_column av_one_fourth  flex_column_div av-zero-column-padding   \" style='border-radius:0px; '><div  class=\"avia-animated-number av-force-default-color  avia-color-   avia_animate_when_visible\" ><strong class=\"heading avia-animated-number-title\" style='font-size:40px'><span class=\"avia-single-number __av-single-number\" data-number=\"3\">3<\/span><span class=\"avia-no-number\">,<\/span><span class=\"avia-single-number __av-single-number\" data-number=\"8\">8<\/span><span class=\"avia-no-number\"> Mill. \u20ac<\/span><\/strong><div class='avia-animated-number-content' ><p>Chiffre<br \/>\nd&rsquo;affaire en 2018<\/p>\n<\/div><\/div><\/div><div class=\"flex_column av_one_fourth  flex_column_div av-zero-column-padding   \" style='border-radius:0px; '><div  class=\"avia-animated-number av-force-default-color  avia-color-  avia_animate_when_visible\" ><strong class=\"heading avia-animated-number-title\" style='font-size:40px'><span class=\"avia-single-number __av-single-number\" data-number=\"3\">3<\/span><span class=\"avia-no-number\"> <\/span><span class=\"avia-single-number __av-single-number\" data-number=\"411\">411<\/span><span class=\"avia-no-number\"> m\u00b2<\/span><\/strong><div class='avia-animated-number-content' ><p>des locaux<br \/>\nde l&rsquo;entreprise<\/p>\n<\/div><\/div><\/div><div class=\"flex_column av_one_fourth  flex_column_div first  \" style='padding:20px 0px 0px 0px ; border-radius:0px; '><div  class=\"avia-animated-number av-force-default-color  avia-color-  avia_animate_when_visible\" ><strong class=\"heading avia-animated-number-title\" style='font-size:40px'><span class=\"avia-single-number __av-single-number\" data-number=\"450\">450<\/span><\/strong><div class='avia-animated-number-content' ><p>Ordre<br \/>\nde fabrication \/ <span class=\"leg\">par mois<\/span><\/p>\n<\/div><\/div><\/div><div class=\"flex_column av_one_fourth  flex_column_div   \" style='padding:20px 0px 0px 0px ; border-radius:0px; '><div  class=\"avia-animated-number av-force-default-color  avia-color-  avia_animate_when_visible\" ><strong class=\"heading avia-animated-number-title\" style='font-size:40px'><span class=\"avia-single-number __av-single-number\" data-number=\"8000\">8000<\/span><\/strong><div class='avia-animated-number-content' ><p>Pi\u00e8ces<br \/>\ndiff\u00e9rentes devis\u00e9es \/ <span class=\"leg\">par an<\/span><\/p>\n<\/div><\/div><\/div><div class=\"flex_column av_one_fourth  flex_column_div   \" style='padding:20px 0px 0px 0px ; border-radius:0px; '><div  class=\"avia-animated-number av-force-default-color  avia-color-  avia_animate_when_visible\" ><strong class=\"heading avia-animated-number-title\" style='font-size:40px'><span class=\"avia-single-number __av-single-number\" data-number=\"250\">250<\/span><\/strong><div class='avia-animated-number-content' ><p>Clients<br \/>\nChaque ann\u00e9e<\/p>\n<\/div><\/div><\/div><div class=\"flex_column av_one_fourth  flex_column_div   \" style='padding:20px 0px 0px 0px ; border-radius:0px; '><div  class=\"avia-animated-number av-force-default-color  avia-color-  avia_animate_when_visible\" ><strong class=\"heading avia-animated-number-title\" style='font-size:40px'><span class=\"avia-single-number __av-single-number\" data-number=\"350\">350<\/span><\/strong><div class='avia-animated-number-content' ><p>Tonnes de mati\u00e8res<br \/>\ntransform\u00e9es \/ <span class=\"leg\">par an<\/span><\/p>\n<\/div><\/div><\/div><div style='height:50px' class='hr hr-invisible  '><span class='hr-inner ' ><span class='hr-inner-style'><\/span><\/span><\/div>\n<\/div><\/div><\/div><!-- close content main div --><\/div><\/div><div id='section-chiffres-2' class='avia-section main_color avia-section-default avia-no-border-styling avia-full-stretch av-section-color-overlay-active avia-bg-style-fixed    container_wrap fullsize' style = 'background-color: #cecece; background-repeat: no-repeat; background-image: url(https:\/\/www.tfe-france.com\/public\/uploads\/2018\/07\/soudure_table_2.jpg); background-attachment: fixed; background-position: top left; ' data-section-bg-repeat='stretch' ><div class='av-section-color-overlay-wrap'><div class='av-section-color-overlay' style='opacity: 0.4; background-color: #333333; '><\/div><div class='container' ><div class='template-page content  av-content-full alpha units'><div class='post-entry post-entry-type-page post-entry-3646'><div class='entry-content-wrapper clearfix'>\n<div class='flex_column_table av-equal-height-column-flextable -flextable' ><div class=\"flex_column av_one_third  av-animated-generic pop-up  flex_column_table_cell av-equal-height-column av-align-top first  \" style='padding:30px 20px 30px 20px ; background-color:rgba(255,255,255,0.75); border-radius:0px; '><p><div style='padding-bottom:10px;color:#3c3c3b;font-size:30px;' class='av-special-heading av-special-heading-h3 custom-color-heading blockquote modern-quote modern-centered   av-inherit-size '><h3 class='av-special-heading-tag '  itemprop=\"headline\"  >D\u00e9coupe Laser<\/h3><div class='special-heading-border'><div class='special-heading-inner-border' style='border-color:#3c3c3b'><\/div><\/div><\/div><br \/>\n<div style='height:40px' class='hr hr-invisible  '><span class='hr-inner ' ><span class='hr-inner-style'><\/span><\/span><\/div><br \/>\n<section class=\"av_textblock_section \"  itemscope=\"itemscope\" itemtype=\"https:\/\/schema.org\/CreativeWork\" ><div class='avia_textblock  '   itemprop=\"text\" ><h3 style=\"text-align: center;\">Acier<\/h3>\n<p style=\"text-align: center;\">jusqu\u2019\u00e0 <strong>20mm<\/strong><\/p>\n<h3 style=\"text-align: center;\">Inox<\/h3>\n<p style=\"text-align: center;\">jusqu\u2019\u00e0 <strong>15mm<\/strong><\/p>\n<h3 style=\"text-align: center;\">Alu<\/h3>\n<p style=\"text-align: center;\">jusqu\u2019\u00e0 <strong>8mm<\/strong><\/p>\n<\/div><\/section><\/p><\/div><\/div><!--close column table wrapper. Autoclose: 1 --><div class='flex_column_table av-equal-height-column-flextable -flextable' ><div class='av-flex-placeholder'><\/div><div class=\"flex_column av_one_third  av-animated-generic pop-up  flex_column_table_cell av-equal-height-column av-align-top   \" style='padding:30px 20px 30px 20px ; background-color:rgba(255,255,255,0.75); border-radius:0px; '><p><div style='padding-bottom:10px;color:#3c3c3b;font-size:30px;' class='av-special-heading av-special-heading-h3 custom-color-heading blockquote modern-quote modern-centered   av-inherit-size '><h3 class='av-special-heading-tag '  itemprop=\"headline\"  >Poin\u00e7onnage<\/h3><div class='special-heading-border'><div class='special-heading-inner-border' style='border-color:#3c3c3b'><\/div><\/div><\/div><br \/>\n<div style='height:40px' class='hr hr-invisible  '><span class='hr-inner ' ><span class='hr-inner-style'><\/span><\/span><\/div><br \/>\n<section class=\"av_textblock_section \"  itemscope=\"itemscope\" itemtype=\"https:\/\/schema.org\/CreativeWork\" ><div class='avia_textblock  '   itemprop=\"text\" ><h3 style=\"text-align: center;\">\u00c9paisseur<\/h3>\n<p style=\"text-align: center;\">jusqu\u2019\u00e0 <strong>6mm<\/strong><\/p>\n<h3 style=\"text-align: center;\">Capacit\u00e9<\/h3>\n<p style=\"text-align: center;\"><strong>18<\/strong> tonnes<\/p>\n<\/div><\/section><\/p><\/div><\/div><!--close column table wrapper. Autoclose: 1 --><div class='flex_column_table av-equal-height-column-flextable -flextable' ><div class='av-flex-placeholder'><\/div><div class=\"flex_column av_one_third  av-animated-generic pop-up  flex_column_table_cell av-equal-height-column av-align-top   \" style='padding:30px 20px 30px 20px ; background-color:rgba(255,255,255,0.75); border-radius:0px; '><p><div style='padding-bottom:10px;color:#3c3c3b;font-size:30px;' class='av-special-heading av-special-heading-h3 custom-color-heading blockquote modern-quote modern-centered   av-inherit-size '><h3 class='av-special-heading-tag '  itemprop=\"headline\"  >Pliage<\/h3><div class='special-heading-border'><div class='special-heading-inner-border' style='border-color:#3c3c3b'><\/div><\/div><\/div><br \/>\n<div style='height:40px' class='hr hr-invisible  '><span class='hr-inner ' ><span class='hr-inner-style'><\/span><\/span><\/div><br \/>\n<section class=\"av_textblock_section \"  itemscope=\"itemscope\" itemtype=\"https:\/\/schema.org\/CreativeWork\" ><div class='avia_textblock  '   itemprop=\"text\" ><h3 style=\"text-align: center;\">Dimension<\/h3>\n<p style=\"text-align: center;\">jusqu\u2019\u00e0 <strong>3m<\/strong><\/p>\n<h3 style=\"text-align: center;\">Capacit\u00e9<\/h3>\n<p style=\"text-align: center;\"><strong>220<\/strong> tonnes<\/p>\n<\/div><\/section><\/p><\/div><\/div><!--close column table wrapper. Autoclose: 1 -->\n<\/p>\n","protected":false},"excerpt":{"rendered":"","protected":false},"author":1,"featured_media":0,"parent":0,"menu_order":0,"comment_status":"closed","ping_status":"closed","template":"","meta":{"footnotes":""},"class_list":["post-3646","page","type-page","status-publish","hentry"],"yoast_head":"<!-- This site is optimized with the Yoast SEO plugin v25.7 - https:\/\/yoast.com\/wordpress\/plugins\/seo\/ -->\n<title>Chiffres Cl\u00e9s - TFE<\/title>\n<meta name=\"description\" content=\"En plus de 40 ans TFE s\u2019est forg\u00e9e de solides r\u00e9f\u00e9rences en t\u00f4lerie de pr\u00e9cision et m\u00e9cano-soudure.\" \/>\n<meta name=\"robots\" content=\"index, follow, max-snippet:-1, max-image-preview:large, max-video-preview:-1\" \/>\n<link rel=\"canonical\" href=\"https:\/\/www.tfe-france.com\/fr\/chiffres-cles\/\" \/>\n<meta property=\"og:locale\" content=\"fr_FR\" \/>\n<meta property=\"og:type\" content=\"article\" \/>\n<meta property=\"og:title\" content=\"Chiffres Cl\u00e9s - TFE\" \/>\n<meta property=\"og:description\" content=\"En plus de 40 ans TFE s\u2019est forg\u00e9e de solides r\u00e9f\u00e9rences en t\u00f4lerie de pr\u00e9cision et m\u00e9cano-soudure.\" \/>\n<meta property=\"og:url\" content=\"https:\/\/www.tfe-france.com\/fr\/chiffres-cles\/\" \/>\n<meta property=\"og:site_name\" content=\"TFE\" \/>\n<meta property=\"article:modified_time\" content=\"2019-09-12T13:36:55+00:00\" \/>\n<meta name=\"twitter:card\" content=\"summary_large_image\" \/>\n<meta name=\"twitter:label1\" content=\"Dur\u00e9e de lecture estim\u00e9e\" \/>\n\t<meta name=\"twitter:data1\" content=\"10 minutes\" \/>\n<script type=\"application\/ld+json\" class=\"yoast-schema-graph\">{\"@context\":\"https:\/\/schema.org\",\"@graph\":[{\"@type\":\"WebPage\",\"@id\":\"https:\/\/www.tfe-france.com\/fr\/chiffres-cles\/\",\"url\":\"https:\/\/www.tfe-france.com\/fr\/chiffres-cles\/\",\"name\":\"Chiffres Cl\u00e9s - TFE\",\"isPartOf\":{\"@id\":\"https:\/\/www.tfe-france.com\/fr\/#website\"},\"datePublished\":\"2018-04-05T09:07:55+00:00\",\"dateModified\":\"2019-09-12T13:36:55+00:00\",\"description\":\"En plus de 40 ans TFE s\u2019est forg\u00e9e de solides r\u00e9f\u00e9rences en t\u00f4lerie de pr\u00e9cision et m\u00e9cano-soudure.\",\"breadcrumb\":{\"@id\":\"https:\/\/www.tfe-france.com\/fr\/chiffres-cles\/#breadcrumb\"},\"inLanguage\":\"fr-FR\",\"potentialAction\":[{\"@type\":\"ReadAction\",\"target\":[\"https:\/\/www.tfe-france.com\/fr\/chiffres-cles\/\"]}]},{\"@type\":\"BreadcrumbList\",\"@id\":\"https:\/\/www.tfe-france.com\/fr\/chiffres-cles\/#breadcrumb\",\"itemListElement\":[{\"@type\":\"ListItem\",\"position\":1,\"name\":\"Accueil\",\"item\":\"https:\/\/www.tfe-france.com\/fr\/accueil-2\/\"},{\"@type\":\"ListItem\",\"position\":2,\"name\":\"Chiffres cl\u00e9s\"}]},{\"@type\":\"WebSite\",\"@id\":\"https:\/\/www.tfe-france.com\/fr\/#website\",\"url\":\"https:\/\/www.tfe-france.com\/fr\/\",\"name\":\"TFE\",\"description\":\"\",\"potentialAction\":[{\"@type\":\"SearchAction\",\"target\":{\"@type\":\"EntryPoint\",\"urlTemplate\":\"https:\/\/www.tfe-france.com\/fr\/?s={search_term_string}\"},\"query-input\":{\"@type\":\"PropertyValueSpecification\",\"valueRequired\":true,\"valueName\":\"search_term_string\"}}],\"inLanguage\":\"fr-FR\"}]}<\/script>\n<!-- \/ Yoast SEO plugin. -->","yoast_head_json":{"title":"Chiffres Cl\u00e9s - TFE","description":"En plus de 40 ans TFE s\u2019est forg\u00e9e de solides r\u00e9f\u00e9rences en t\u00f4lerie de pr\u00e9cision et m\u00e9cano-soudure.","robots":{"index":"index","follow":"follow","max-snippet":"max-snippet:-1","max-image-preview":"max-image-preview:large","max-video-preview":"max-video-preview:-1"},"canonical":"https:\/\/www.tfe-france.com\/fr\/chiffres-cles\/","og_locale":"fr_FR","og_type":"article","og_title":"Chiffres Cl\u00e9s - TFE","og_description":"En plus de 40 ans TFE s\u2019est forg\u00e9e de solides r\u00e9f\u00e9rences en t\u00f4lerie de pr\u00e9cision et m\u00e9cano-soudure.","og_url":"https:\/\/www.tfe-france.com\/fr\/chiffres-cles\/","og_site_name":"TFE","article_modified_time":"2019-09-12T13:36:55+00:00","twitter_card":"summary_large_image","twitter_misc":{"Dur\u00e9e de lecture estim\u00e9e":"10 minutes"},"schema":{"@context":"https:\/\/schema.org","@graph":[{"@type":"WebPage","@id":"https:\/\/www.tfe-france.com\/fr\/chiffres-cles\/","url":"https:\/\/www.tfe-france.com\/fr\/chiffres-cles\/","name":"Chiffres Cl\u00e9s - TFE","isPartOf":{"@id":"https:\/\/www.tfe-france.com\/fr\/#website"},"datePublished":"2018-04-05T09:07:55+00:00","dateModified":"2019-09-12T13:36:55+00:00","description":"En plus de 40 ans TFE s\u2019est forg\u00e9e de solides r\u00e9f\u00e9rences en t\u00f4lerie de pr\u00e9cision et m\u00e9cano-soudure.","breadcrumb":{"@id":"https:\/\/www.tfe-france.com\/fr\/chiffres-cles\/#breadcrumb"},"inLanguage":"fr-FR","potentialAction":[{"@type":"ReadAction","target":["https:\/\/www.tfe-france.com\/fr\/chiffres-cles\/"]}]},{"@type":"BreadcrumbList","@id":"https:\/\/www.tfe-france.com\/fr\/chiffres-cles\/#breadcrumb","itemListElement":[{"@type":"ListItem","position":1,"name":"Accueil","item":"https:\/\/www.tfe-france.com\/fr\/accueil-2\/"},{"@type":"ListItem","position":2,"name":"Chiffres cl\u00e9s"}]},{"@type":"WebSite","@id":"https:\/\/www.tfe-france.com\/fr\/#website","url":"https:\/\/www.tfe-france.com\/fr\/","name":"TFE","description":"","potentialAction":[{"@type":"SearchAction","target":{"@type":"EntryPoint","urlTemplate":"https:\/\/www.tfe-france.com\/fr\/?s={search_term_string}"},"query-input":{"@type":"PropertyValueSpecification","valueRequired":true,"valueName":"search_term_string"}}],"inLanguage":"fr-FR"}]}},"_links":{"self":[{"href":"https:\/\/www.tfe-france.com\/fr\/wp-json\/wp\/v2\/pages\/3646","targetHints":{"allow":["GET"]}}],"collection":[{"href":"https:\/\/www.tfe-france.com\/fr\/wp-json\/wp\/v2\/pages"}],"about":[{"href":"https:\/\/www.tfe-france.com\/fr\/wp-json\/wp\/v2\/types\/page"}],"author":[{"embeddable":true,"href":"https:\/\/www.tfe-france.com\/fr\/wp-json\/wp\/v2\/users\/1"}],"replies":[{"embeddable":true,"href":"https:\/\/www.tfe-france.com\/fr\/wp-json\/wp\/v2\/comments?post=3646"}],"version-history":[{"count":104,"href":"https:\/\/www.tfe-france.com\/fr\/wp-json\/wp\/v2\/pages\/3646\/revisions"}],"predecessor-version":[{"id":5450,"href":"https:\/\/www.tfe-france.com\/fr\/wp-json\/wp\/v2\/pages\/3646\/revisions\/5450"}],"wp:attachment":[{"href":"https:\/\/www.tfe-france.com\/fr\/wp-json\/wp\/v2\/media?parent=3646"}],"curies":[{"name":"wp","href":"https:\/\/api.w.org\/{rel}","templated":true}]}}