{"id":3650,"date":"2018-04-05T10:08:22","date_gmt":"2018-04-05T09:08:22","guid":{"rendered":"https:\/\/www.tfe-france.com\/?page_id=3650"},"modified":"2018-07-17T09:51:53","modified_gmt":"2018-07-17T08:51:53","slug":"charte-qualite","status":"publish","type":"page","link":"https:\/\/www.tfe-france.com\/fr\/charte-qualite\/","title":{"rendered":"Charte qualit\u00e9"},"content":{"rendered":"<\/div><\/div><\/div><!-- close content main div --><\/div><\/div><div id='section-page' class='avia-section main_color avia-section-default avia-no-border-styling avia-bg-style-scroll   container_wrap fullsize'   ><div class='container' ><div class='template-page content  av-content-full alpha units'><div class='post-entry post-entry-type-page post-entry-3650'><div class='entry-content-wrapper clearfix'>\n<div class=\"flex_column av_two_fifth  av-animated-generic left-to-right  flex_column_div av-zero-column-padding first  qualite \" style='border-radius:0px; '><div class='avia-image-container  av-styling-no-styling     avia-align-center '  itemprop=\"ImageObject\" itemscope=\"itemscope\" itemtype=\"https:\/\/schema.org\/ImageObject\"  ><div class='avia-image-container-inner'><img class='avia_image ' src=\"data:image\/gif;base64,R0lGODdhAQABAPAAAP\/\/\/wAAACwAAAAAAQABAEACAkQBADs=\" data-lazy-src='https:\/\/www.tfe-france.com\/public\/uploads\/2018\/07\/tfe-bretagne-tolerie-fine-decoupe-laser-10-1800x700.jpg' alt='B\u00e2timent de l&#039;entreprise TFE' title='tfe-bretagne-tolerie-fine-decoupe-laser-10-1800x700'   itemprop=\"thumbnailUrl\"  \/><noscript><img class='avia_image ' src='https:\/\/www.tfe-france.com\/public\/uploads\/2018\/07\/tfe-bretagne-tolerie-fine-decoupe-laser-10-1800x700.jpg' alt='B\u00e2timent de l&#039;entreprise TFE' title='tfe-bretagne-tolerie-fine-decoupe-laser-10-1800x700'   itemprop=\"thumbnailUrl\"  \/><\/noscript><\/div><\/div><\/div><div class=\"flex_column av_three_fifth  av-animated-generic right-to-left  flex_column_div av-zero-column-padding   \" style='border-radius:0px; '><p><div style='padding-bottom:10px;color:#3c3c3b;font-size:55px;' class='av-special-heading av-special-heading-h2 custom-color-heading blockquote modern-quote   av-inherit-size '><h2 class='av-special-heading-tag '  itemprop=\"headline\"  >D\u00e9marche qualit\u00e9 TFE<\/h2><div class ='av-subheading av-subheading_below av_custom_color ' style='font-size:20px;'><p>Entreprise familiale, TFE s\u2019engage dans un management durable de ses \u00e9quipes<\/p>\n<\/div><div class='special-heading-border'><div class='special-heading-inner-border' style='border-color:#3c3c3b'><\/div><\/div><\/div><br \/>\n<section class=\"av_textblock_section \"  itemscope=\"itemscope\" itemtype=\"https:\/\/schema.org\/CreativeWork\" ><div class='avia_textblock  av_inherit_color '  style='color:#2e2d2c; '  itemprop=\"text\" ><p>La <strong>relation de confiance<\/strong> tiss\u00e9e avec nos clients, au fil du temps et des projets, repose sur la fid\u00e9lit\u00e9 de nos engagements et la <strong>fiabilit\u00e9 de nos produits<\/strong>.<\/p>\n<blockquote>\n<p>Chez TFE nous parlons de <strong>partenariat<\/strong> plus que de relation client fournisseur, de <strong>collaborateurs<\/strong> plut\u00f4t que de salari\u00e9s.<\/p>\n<\/blockquote>\n<\/div><\/section><\/p><\/div><\/div><\/div><\/div><!-- close content main div --><\/div><\/div><div id='section-qualite' class='avia-section main_color avia-section-default avia-no-border-styling avia-bg-style-scroll   container_wrap fullsize' style = 'background-color: #e2e2e2; '  ><div class='container' ><div class='template-page content  av-content-full alpha units'><div class='post-entry post-entry-type-page post-entry-3650'><div class='entry-content-wrapper clearfix'>\n<div class=\"flex_column av_one_full  flex_column_div av-zero-column-padding first  \" style='border-radius:0px; '><p><div style='padding-bottom:10px;color:#3c3c3b;font-size:45px;' class='av-special-heading av-special-heading-h3 custom-color-heading blockquote modern-quote modern-centered   av-inherit-size '><h3 class='av-special-heading-tag '  itemprop=\"headline\"  >La charte qualit\u00e9 TFE<\/h3><div class='special-heading-border'><div class='special-heading-inner-border' style='border-color:#3c3c3b'><\/div><\/div><\/div><br \/>\n<section class=\"av_textblock_section \"  itemscope=\"itemscope\" itemtype=\"https:\/\/schema.org\/CreativeWork\" ><div class='avia_textblock  av_inherit_color '  style='color:#3c3c3b; '  itemprop=\"text\" ><h3><\/h3>\n<h3 style=\"text-align: right;\">D\u00c9VELOPPER, VEILLER, CR\u00c9ER, PROMOUVOIR, GARANTIR !<\/h3>\n<p style=\"text-align: right;\">TFE s\u2019est engag\u00e9e d\u00e8s 1992 dans une d\u00e9marche Qualit\u00e9.<br \/>\n<strong>TFE est certifi\u00e9e Iso 9001 V2015<\/strong><\/p>\n<\/div><\/section><\/p><\/div><div class=\"flex_column av_one_half  flex_column_div av-zero-column-padding first  \" style='border-radius:0px; '><article class=\"iconbox iconbox_top av-no-box    \"  itemscope=\"itemscope\" itemtype=\"https:\/\/schema.org\/CreativeWork\" ><div class=\"iconbox_content\"><header class=\"entry-content-header\"><div class=\"iconbox_icon heading-color \" aria-hidden='true' data-av_icon='\uf00c' data-av_iconfont='fontawesome'  style='border:1px solid #3c3c3b; color:#3c3c3b; ' ><\/div><h3 class='iconbox_content_title '  itemprop=\"headline\"  >D\u00e9velopper<\/h3><\/header><div class='iconbox_content_container  '  itemprop=\"text\"  ><p style=\"text-align: justify;\">Une <strong>d\u00e9marche commerciale\u00a0<\/strong>et une<strong> organisation adapt\u00e9es au march\u00e9<\/strong>, aux partenaires r\u00e9gionaux et \u00e0 tous les secteurs identifi\u00e9s en croissance \u00e0\u00a0<strong>fortes exigences de qualit\u00e9<\/strong><\/p>\n<\/div><\/div><footer class=\"entry-footer\"><\/footer><\/article><\/div><div class=\"flex_column av_one_half  flex_column_div av-zero-column-padding   \" style='border-radius:0px; '><article class=\"iconbox iconbox_top av-no-box    \"  itemscope=\"itemscope\" itemtype=\"https:\/\/schema.org\/CreativeWork\" ><div class=\"iconbox_content\"><header class=\"entry-content-header\"><div class=\"iconbox_icon heading-color \" aria-hidden='true' data-av_icon='\uf00c' data-av_iconfont='fontawesome'  style='border:1px solid #3c3c3b; color:#3c3c3b; ' ><\/div><h3 class='iconbox_content_title '  itemprop=\"headline\"  >Cr\u00e9er<\/h3><\/header><div class='iconbox_content_container  '  itemprop=\"text\"  ><p style=\"text-align: justify;\">Une <strong>culture d\u2019am\u00e9lioration continue\u00a0<\/strong>partag\u00e9e par tous les membres de l\u2019entreprise et <strong>pilot\u00e9e par \u00eelot<\/strong> de production, en termes de sant\u00e9, s\u00e9curit\u00e9, qualit\u00e9, production, et environnement<\/p>\n<\/div><\/div><footer class=\"entry-footer\"><\/footer><\/article><\/div><div style='height:50px' class='hr hr-invisible  '><span class='hr-inner ' ><span class='hr-inner-style'><\/span><\/span><\/div>\n<div class='flex_column_table av-equal-height-column-flextable -flextable' ><div class=\"flex_column av_one_third  flex_column_table_cell av-equal-height-column av-align-top first  \" style='padding:0 0px 0px 0px ; border-radius:0px; '><article class=\"iconbox iconbox_top av-no-box    \"  itemscope=\"itemscope\" itemtype=\"https:\/\/schema.org\/CreativeWork\" ><div class=\"iconbox_content\"><header class=\"entry-content-header\"><div class=\"iconbox_icon heading-color \" aria-hidden='true' data-av_icon='\uf00c' data-av_iconfont='fontawesome'  style='border:1px solid #3c3c3b; color:#3c3c3b; ' ><\/div><h3 class='iconbox_content_title '  itemprop=\"headline\"  >Veiller<\/h3><\/header><div class='iconbox_content_container  '  itemprop=\"text\"  ><p style=\"text-align: justify;\">Aux <strong>\u00e9volutions techniques<\/strong>, <strong>technologiques<br \/>\n<\/strong>et <strong>tarifaires du march\u00e9<\/strong><\/p>\n<\/div><\/div><footer class=\"entry-footer\"><\/footer><\/article><\/div><\/div><!--close column table wrapper. Autoclose: 1 --><div class='flex_column_table av-equal-height-column-flextable -flextable' ><div class='av-flex-placeholder'><\/div><div class=\"flex_column av_one_third  flex_column_table_cell av-equal-height-column av-align-top   \" style='padding:0 0 0 0 ; border-radius:0px; '><article class=\"iconbox iconbox_top av-no-box    \"  itemscope=\"itemscope\" itemtype=\"https:\/\/schema.org\/CreativeWork\" ><div class=\"iconbox_content\"><header class=\"entry-content-header\"><div class=\"iconbox_icon heading-color \" aria-hidden='true' data-av_icon='\uf00c' data-av_iconfont='fontawesome'  style='border:1px solid #3c3c3b; color:#3c3c3b; ' ><\/div><h3 class='iconbox_content_title '  itemprop=\"headline\"  >Promouvoir<\/h3><\/header><div class='iconbox_content_container  '  itemprop=\"text\"  ><p style=\"text-align: justify;\">Les <strong>m\u00e9tiers techniques<br \/>\n<\/strong>et\u00a0<strong>manuels<\/strong> de l\u2019entreprise<\/p>\n<\/div><\/div><footer class=\"entry-footer\"><\/footer><\/article><\/div><\/div><!--close column table wrapper. Autoclose: 1 --><div class='flex_column_table av-equal-height-column-flextable -flextable' ><div class='av-flex-placeholder'><\/div><div class=\"flex_column av_one_third  flex_column_table_cell av-equal-height-column av-align-top   \" style='padding:0 0px 0px 0px ; border-radius:0px; '><article class=\"iconbox iconbox_top av-no-box    \"  itemscope=\"itemscope\" itemtype=\"https:\/\/schema.org\/CreativeWork\" ><div class=\"iconbox_content\"><header class=\"entry-content-header\"><div class=\"iconbox_icon heading-color \" aria-hidden='true' data-av_icon='\uf00c' data-av_iconfont='fontawesome'  style='border:1px solid #3c3c3b; color:#3c3c3b; ' ><\/div><h3 class='iconbox_content_title '  itemprop=\"headline\"  >Garantir<\/h3><\/header><div class='iconbox_content_container  '  itemprop=\"text\"  ><p style=\"text-align: justify;\">La <strong>livraison de produits conformes\u00a0<\/strong>au<br \/>\n<strong>cahier des charges du client<\/strong> et aux <strong>exigences r\u00e9glementaires<\/strong> et <strong>l\u00e9gales<\/strong> en vigueur<\/p>\n<\/div><\/div><footer class=\"entry-footer\"><\/footer><\/article><\/div><\/div><!--close column table wrapper. Autoclose: 1 --><div style='height:50px' class='hr hr-invisible  '><span class='hr-inner ' ><span class='hr-inner-style'><\/span><\/span><\/div>\n<\/p>\n","protected":false},"excerpt":{"rendered":"","protected":false},"author":1,"featured_media":0,"parent":0,"menu_order":0,"comment_status":"closed","ping_status":"closed","template":"","meta":{"footnotes":""},"class_list":["post-3650","page","type-page","status-publish","hentry"],"yoast_head":"<!-- This site is optimized with the Yoast SEO plugin v25.7 - https:\/\/yoast.com\/wordpress\/plugins\/seo\/ -->\n<title>Charte Qualit\u00e9, Certification ISO 9001 - TFE<\/title>\n<meta name=\"description\" content=\"TFE, une entreprise familiale engag\u00e9e dans une d\u00e9marche qualit\u00e9 d\u00e8s 1992. L&#039;entreprise poss\u00e8de aujourd&#039;hui une vraie charte qualit\u00e9 et est certifi\u00e9e ISO 9001.\" \/>\n<meta name=\"robots\" content=\"index, follow, max-snippet:-1, max-image-preview:large, max-video-preview:-1\" \/>\n<link rel=\"canonical\" href=\"https:\/\/www.tfe-france.com\/fr\/charte-qualite\/\" \/>\n<meta property=\"og:locale\" content=\"fr_FR\" \/>\n<meta property=\"og:type\" content=\"article\" \/>\n<meta property=\"og:title\" content=\"Charte Qualit\u00e9, Certification ISO 9001 - TFE\" \/>\n<meta property=\"og:description\" content=\"TFE, une entreprise familiale engag\u00e9e dans une d\u00e9marche qualit\u00e9 d\u00e8s 1992. L&#039;entreprise poss\u00e8de aujourd&#039;hui une vraie charte qualit\u00e9 et est certifi\u00e9e ISO 9001.\" \/>\n<meta property=\"og:url\" content=\"https:\/\/www.tfe-france.com\/fr\/charte-qualite\/\" \/>\n<meta property=\"og:site_name\" content=\"TFE\" \/>\n<meta property=\"article:modified_time\" content=\"2018-07-17T08:51:53+00:00\" \/>\n<meta name=\"twitter:card\" content=\"summary_large_image\" \/>\n<meta name=\"twitter:label1\" content=\"Dur\u00e9e de lecture estim\u00e9e\" \/>\n\t<meta name=\"twitter:data1\" content=\"8 minutes\" \/>\n<script type=\"application\/ld+json\" class=\"yoast-schema-graph\">{\"@context\":\"https:\/\/schema.org\",\"@graph\":[{\"@type\":\"WebPage\",\"@id\":\"https:\/\/www.tfe-france.com\/fr\/charte-qualite\/\",\"url\":\"https:\/\/www.tfe-france.com\/fr\/charte-qualite\/\",\"name\":\"Charte Qualit\u00e9, Certification ISO 9001 - TFE\",\"isPartOf\":{\"@id\":\"https:\/\/www.tfe-france.com\/fr\/#website\"},\"datePublished\":\"2018-04-05T09:08:22+00:00\",\"dateModified\":\"2018-07-17T08:51:53+00:00\",\"description\":\"TFE, une entreprise familiale engag\u00e9e dans une d\u00e9marche qualit\u00e9 d\u00e8s 1992. L'entreprise poss\u00e8de aujourd'hui une vraie charte qualit\u00e9 et est certifi\u00e9e ISO 9001.\",\"breadcrumb\":{\"@id\":\"https:\/\/www.tfe-france.com\/fr\/charte-qualite\/#breadcrumb\"},\"inLanguage\":\"fr-FR\",\"potentialAction\":[{\"@type\":\"ReadAction\",\"target\":[\"https:\/\/www.tfe-france.com\/fr\/charte-qualite\/\"]}]},{\"@type\":\"BreadcrumbList\",\"@id\":\"https:\/\/www.tfe-france.com\/fr\/charte-qualite\/#breadcrumb\",\"itemListElement\":[{\"@type\":\"ListItem\",\"position\":1,\"name\":\"Accueil\",\"item\":\"https:\/\/www.tfe-france.com\/fr\/accueil-2\/\"},{\"@type\":\"ListItem\",\"position\":2,\"name\":\"Charte qualit\u00e9\"}]},{\"@type\":\"WebSite\",\"@id\":\"https:\/\/www.tfe-france.com\/fr\/#website\",\"url\":\"https:\/\/www.tfe-france.com\/fr\/\",\"name\":\"TFE\",\"description\":\"\",\"potentialAction\":[{\"@type\":\"SearchAction\",\"target\":{\"@type\":\"EntryPoint\",\"urlTemplate\":\"https:\/\/www.tfe-france.com\/fr\/?s={search_term_string}\"},\"query-input\":{\"@type\":\"PropertyValueSpecification\",\"valueRequired\":true,\"valueName\":\"search_term_string\"}}],\"inLanguage\":\"fr-FR\"}]}<\/script>\n<!-- \/ Yoast SEO plugin. -->","yoast_head_json":{"title":"Charte Qualit\u00e9, Certification ISO 9001 - TFE","description":"TFE, une entreprise familiale engag\u00e9e dans une d\u00e9marche qualit\u00e9 d\u00e8s 1992. L'entreprise poss\u00e8de aujourd'hui une vraie charte qualit\u00e9 et est certifi\u00e9e ISO 9001.","robots":{"index":"index","follow":"follow","max-snippet":"max-snippet:-1","max-image-preview":"max-image-preview:large","max-video-preview":"max-video-preview:-1"},"canonical":"https:\/\/www.tfe-france.com\/fr\/charte-qualite\/","og_locale":"fr_FR","og_type":"article","og_title":"Charte Qualit\u00e9, Certification ISO 9001 - TFE","og_description":"TFE, une entreprise familiale engag\u00e9e dans une d\u00e9marche qualit\u00e9 d\u00e8s 1992. L'entreprise poss\u00e8de aujourd'hui une vraie charte qualit\u00e9 et est certifi\u00e9e ISO 9001.","og_url":"https:\/\/www.tfe-france.com\/fr\/charte-qualite\/","og_site_name":"TFE","article_modified_time":"2018-07-17T08:51:53+00:00","twitter_card":"summary_large_image","twitter_misc":{"Dur\u00e9e de lecture estim\u00e9e":"8 minutes"},"schema":{"@context":"https:\/\/schema.org","@graph":[{"@type":"WebPage","@id":"https:\/\/www.tfe-france.com\/fr\/charte-qualite\/","url":"https:\/\/www.tfe-france.com\/fr\/charte-qualite\/","name":"Charte Qualit\u00e9, Certification ISO 9001 - TFE","isPartOf":{"@id":"https:\/\/www.tfe-france.com\/fr\/#website"},"datePublished":"2018-04-05T09:08:22+00:00","dateModified":"2018-07-17T08:51:53+00:00","description":"TFE, une entreprise familiale engag\u00e9e dans une d\u00e9marche qualit\u00e9 d\u00e8s 1992. L'entreprise poss\u00e8de aujourd'hui une vraie charte qualit\u00e9 et est certifi\u00e9e ISO 9001.","breadcrumb":{"@id":"https:\/\/www.tfe-france.com\/fr\/charte-qualite\/#breadcrumb"},"inLanguage":"fr-FR","potentialAction":[{"@type":"ReadAction","target":["https:\/\/www.tfe-france.com\/fr\/charte-qualite\/"]}]},{"@type":"BreadcrumbList","@id":"https:\/\/www.tfe-france.com\/fr\/charte-qualite\/#breadcrumb","itemListElement":[{"@type":"ListItem","position":1,"name":"Accueil","item":"https:\/\/www.tfe-france.com\/fr\/accueil-2\/"},{"@type":"ListItem","position":2,"name":"Charte qualit\u00e9"}]},{"@type":"WebSite","@id":"https:\/\/www.tfe-france.com\/fr\/#website","url":"https:\/\/www.tfe-france.com\/fr\/","name":"TFE","description":"","potentialAction":[{"@type":"SearchAction","target":{"@type":"EntryPoint","urlTemplate":"https:\/\/www.tfe-france.com\/fr\/?s={search_term_string}"},"query-input":{"@type":"PropertyValueSpecification","valueRequired":true,"valueName":"search_term_string"}}],"inLanguage":"fr-FR"}]}},"_links":{"self":[{"href":"https:\/\/www.tfe-france.com\/fr\/wp-json\/wp\/v2\/pages\/3650","targetHints":{"allow":["GET"]}}],"collection":[{"href":"https:\/\/www.tfe-france.com\/fr\/wp-json\/wp\/v2\/pages"}],"about":[{"href":"https:\/\/www.tfe-france.com\/fr\/wp-json\/wp\/v2\/types\/page"}],"author":[{"embeddable":true,"href":"https:\/\/www.tfe-france.com\/fr\/wp-json\/wp\/v2\/users\/1"}],"replies":[{"embeddable":true,"href":"https:\/\/www.tfe-france.com\/fr\/wp-json\/wp\/v2\/comments?post=3650"}],"version-history":[{"count":55,"href":"https:\/\/www.tfe-france.com\/fr\/wp-json\/wp\/v2\/pages\/3650\/revisions"}],"predecessor-version":[{"id":5658,"href":"https:\/\/www.tfe-france.com\/fr\/wp-json\/wp\/v2\/pages\/3650\/revisions\/5658"}],"wp:attachment":[{"href":"https:\/\/www.tfe-france.com\/fr\/wp-json\/wp\/v2\/media?parent=3650"}],"curies":[{"name":"wp","href":"https:\/\/api.w.org\/{rel}","templated":true}]}}