{"id":3652,"date":"2018-04-05T10:08:37","date_gmt":"2018-04-05T09:08:37","guid":{"rendered":"https:\/\/www.tfe-france.com\/?page_id=3652"},"modified":"2018-07-23T16:15:17","modified_gmt":"2018-07-23T15:15:17","slug":"projet-sur-mesure","status":"publish","type":"page","link":"https:\/\/www.tfe-france.com\/fr\/projet-sur-mesure\/","title":{"rendered":"Projet sur-mesure"},"content":{"rendered":"<\/div><\/div><\/div><!-- close content main div --><\/div><\/div><div id='section-surmesure' class='avia-section main_color avia-section-default avia-no-border-styling avia-bg-style-scroll   container_wrap fullsize'   ><div class='container' ><div class='template-page content  av-content-full alpha units'><div class='post-entry post-entry-type-page post-entry-3652'><div class='entry-content-wrapper clearfix'>\n<div class=\"flex_column av_two_fifth  av-animated-generic left-to-right  flex_column_div av-zero-column-padding first  \" style='border-radius:0px; '><div class='avia-image-container  av-styling-no-styling     avia-align-center '  itemprop=\"ImageObject\" itemscope=\"itemscope\" itemtype=\"https:\/\/schema.org\/ImageObject\"  ><div class='avia-image-container-inner'><img class='avia_image ' src=\"data:image\/gif;base64,R0lGODdhAQABAPAAAP\/\/\/wAAACwAAAAAAQABAEACAkQBADs=\" data-lazy-src='https:\/\/www.tfe-france.com\/public\/uploads\/2018\/06\/acceuil_slider_laser-2.jpg' alt='D\u00e9coupe Laser' title='D\u00e9coupe Laser'   itemprop=\"thumbnailUrl\"  \/><noscript><img class='avia_image ' src='https:\/\/www.tfe-france.com\/public\/uploads\/2018\/06\/acceuil_slider_laser-2.jpg' alt='D\u00e9coupe Laser' title='D\u00e9coupe Laser'   itemprop=\"thumbnailUrl\"  \/><\/noscript><\/div><\/div><\/div><div class=\"flex_column av_three_fifth  av-animated-generic right-to-left  flex_column_div av-zero-column-padding   \" style='border-radius:0px; '><p><div style='padding-bottom:10px;color:#3c3c3b;font-size:55px;' class='av-special-heading av-special-heading-h2 custom-color-heading blockquote modern-quote   av-inherit-size '><h2 class='av-special-heading-tag '  itemprop=\"headline\"  >PROJET SUR-MESURE<\/h2><div class ='av-subheading av-subheading_below av_custom_color ' style='font-size:20px;'><p>TFE transforme tous les m\u00e9taux en feuilles, barres ou tubes<\/p>\n<\/div><div class='special-heading-border'><div class='special-heading-inner-border' style='border-color:#3c3c3b'><\/div><\/div><\/div><br \/>\n<section class=\"av_textblock_section \"  itemscope=\"itemscope\" itemtype=\"https:\/\/schema.org\/CreativeWork\" ><div class='avia_textblock  av_inherit_color '  style='color:#2e2d2c; '  itemprop=\"text\" ><p><strong>\u00c0 l\u2019unit\u00e9, en petites, moyennes ou grandes s\u00e9ries TFE vous conseille dans l\u2019am\u00e9lioration et la finition de vos produits<\/strong><\/p>\n<p>Selon les plans fournis ou en respectant votre cahier des charges, notre bureau des m\u00e9thodes con\u00e7oit chaque pi\u00e8ce de t\u00f4lerie en amont de la production.<br \/>\n<strong>Leurs missions<\/strong>\u00a0: optimiser la fabrication, ma\u00eetriser l\u2019utilisation des mati\u00e8res premi\u00e8res, r\u00e9duire les co\u00fbts, garantir la qualit\u00e9 tout au long du process.<br \/>\nLes fichiers r\u00e9ceptionn\u00e9s sous SLDPRT, DWG, DXF, STEP, IGES, IGS, STL \u2026 sont trait\u00e9s par CAO 2D et 3D SOLIDWORKS.<br \/>\nUn logiciel FAO automatise l\u2019usinage. L\u2019ensemble des machines, d\u00e9coupe laser, combin\u00e9 laser-poin\u00e7onnage et plieuses sont pilot\u00e9es par commande num\u00e9rique (CN).<\/p>\n<p>L\u2019aluminium, l\u2019acier et l\u2019inox d\u2019\u00e9paisseur fine ou moyenne, prennent forme dans nos ateliers pour donner vie \u00e0 vos projets industriels.<\/p>\n<p><strong>TFE s\u2019adapte \u00e0 vos contraintes, respecte les d\u00e9lais de livraison, garantit la qualit\u00e9.<\/strong><\/p>\n<p>Quatre techniciens travaillent en permanence au bureau des m\u00e9thodes pour r\u00e9pondre au plus vite \u00e0 vos attentes et assurer la ma\u00eetrise d\u2019\u0153uvre. Les devis sont r\u00e9alis\u00e9s rapidement et TFE peut d\u00e9velopper des plans de surveillance particuliers \u00e0 votre demande.<br \/>\nL\u2019ERP m\u00e9tier assure le suivi de tout le processus d\u2019industrialisation et la tra\u00e7abilit\u00e9 de la production, du devis \u00e0 la facturation.<br \/>\nChaque pi\u00e8ce est r\u00e9alis\u00e9e par des techniciens form\u00e9s aux derni\u00e8res technologies.<br \/>\nLe contr\u00f4le qualit\u00e9 s\u2019effectue tout au long du process TFE, de la conception \u00e0 la livraison.<\/p>\n<p>TFE met \u00e0 votre disposition plus de 40 ans d\u2019expertise et la passion partag\u00e9e d\u2019un m\u00e9tier de pr\u00e9cision, la t\u00f4lerie fine et la t\u00f4lerie industrielle.<\/p>\n<\/div><\/section><\/p><\/div><div style='height:60px' class='hr hr-invisible  '><span class='hr-inner ' ><span class='hr-inner-style'><\/span><\/span><\/div>\n<div class=\"flex_column av_two_fifth  flex_column_div av-zero-column-padding first  \" style='border-radius:0px; '><p><div style='padding-bottom:10px;color:#3c3c3b;font-size:55px;' class='av-special-heading av-special-heading-h3 custom-color-heading blockquote modern-quote modern-centered   av-inherit-size '><h3 class='av-special-heading-tag '  itemprop=\"headline\"  >Vous avez<br \/>\nUN PROJET ?<\/h3><div class='special-heading-border'><div class='special-heading-inner-border' style='border-color:#3c3c3b'><\/div><\/div><\/div><br \/>\n<section class=\"av_textblock_section \"  itemscope=\"itemscope\" itemtype=\"https:\/\/schema.org\/CreativeWork\" ><div class='avia_textblock  '   itemprop=\"text\" ><p style=\"text-align: right;\">Merci de <strong>remplir le formulaire<\/strong>,<br \/>\nnous vous recontacterons dans les meilleurs d\u00e9lais<\/p>\n<\/div><\/section><\/p><\/div><div class=\"flex_column av_one_fifth  flex_column_div av-zero-column-padding   \" style='border-radius:0px; '><div style=' margin-top:63px; margin-bottom:30px;'  class='hr hr-custom hr-right hr-icon-no  '><span class='hr-inner   inner-border-av-border-thin' style=' width:160px; border-color:#e32b43;' ><span class='hr-inner-style'><\/span><\/span><\/div><\/div><div class=\"flex_column av_two_fifth  flex_column_div av-zero-column-padding   \" style='border-radius:0px; '><section class=\"av_textblock_section \"  itemscope=\"itemscope\" itemtype=\"https:\/\/schema.org\/CreativeWork\" ><div class='avia_textblock  av_inherit_color '  style='color:#0a0a0a; '  itemprop=\"text\" >\n<div class=\"wpcf7 no-js\" id=\"wpcf7-f3958-o1\" lang=\"fr-FR\" dir=\"ltr\" data-wpcf7-id=\"3958\">\n<div class=\"screen-reader-response\"><p role=\"status\" aria-live=\"polite\" aria-atomic=\"true\"><\/p> <ul><\/ul><\/div>\n<form action=\"\/fr\/wp-json\/wp\/v2\/pages\/3652#wpcf7-f3958-o1\" method=\"post\" class=\"wpcf7-form init\" aria-label=\"Formulaire de contact\" enctype=\"multipart\/form-data\" novalidate=\"novalidate\" data-status=\"init\">\n<fieldset class=\"hidden-fields-container\"><input type=\"hidden\" name=\"_wpcf7\" value=\"3958\" \/><input type=\"hidden\" name=\"_wpcf7_version\" value=\"6.1.1\" \/><input type=\"hidden\" name=\"_wpcf7_locale\" value=\"fr_FR\" \/><input type=\"hidden\" name=\"_wpcf7_unit_tag\" value=\"wpcf7-f3958-o1\" \/><input type=\"hidden\" name=\"_wpcf7_container_post\" value=\"0\" \/><input type=\"hidden\" name=\"_wpcf7_posted_data_hash\" value=\"\" \/><input type=\"hidden\" name=\"_wpcf7_recaptcha_response\" value=\"\" \/>\n<\/fieldset>\n<p><span class=\"wpcf7-form-control-wrap\" data-name=\"your-name\"><input size=\"40\" maxlength=\"400\" class=\"wpcf7-form-control wpcf7-text wpcf7-validates-as-required\" aria-required=\"true\" aria-invalid=\"false\" placeholder=\"Nom\" value=\"\" type=\"text\" name=\"your-name\" \/><\/span><br \/>\n<span class=\"wpcf7-form-control-wrap\" data-name=\"your-email\"><input size=\"40\" maxlength=\"400\" class=\"wpcf7-form-control wpcf7-email wpcf7-validates-as-required wpcf7-text wpcf7-validates-as-email\" aria-required=\"true\" aria-invalid=\"false\" placeholder=\"Mail\" value=\"\" type=\"email\" name=\"your-email\" \/><\/span><br \/>\n<span class=\"wpcf7-form-control-wrap\" data-name=\"your-subject\"><input size=\"40\" maxlength=\"400\" class=\"wpcf7-form-control wpcf7-text\" aria-invalid=\"false\" placeholder=\"Sujet\" value=\"\" type=\"text\" name=\"your-subject\" \/><\/span><br \/>\n<span class=\"wpcf7-form-control-wrap\" data-name=\"your-message\"><textarea cols=\"40\" rows=\"10\" maxlength=\"2000\" class=\"wpcf7-form-control wpcf7-textarea\" aria-invalid=\"false\" placeholder=\"Message\" name=\"your-message\"><\/textarea><\/span>\n<\/p>\n<div class=\"container-file\">\n\t<p><span class=\"wpcf7-form-control-wrap\" data-name=\"devis\"><input size=\"40\" class=\"wpcf7-form-control wpcf7-file file_input is_empty input-file\" accept=\".pdf,.odt,.docx,.jpg,.png,.dxf,.dwg\" aria-invalid=\"false\" type=\"file\" name=\"devis\" \/><\/span><span class=\"wpcf7-form-control-wrap\" data-name=\"text-406\"><input size=\"40\" maxlength=\"400\" class=\"wpcf7-form-control wpcf7-text wpcf7-validates-as-required devis-fake-input-file\" aria-required=\"true\" aria-invalid=\"false\" placeholder=\"Votre plan ou sch\u00e9ma\" value=\"\" type=\"text\" name=\"text-406\" \/><\/span><button class=\"avia-button\"><span class=\"fa fa-upload\"><\/span><\/button>\n\t<\/p>\n\t<p class=\"infos-fichier\">Extension des fichiers accept\u00e9es : pdf, odt, docx, jpg, png, dxf et dwg \/ Taille maximale : 5 Mb \/ fichier\n\t<\/p>\n<\/div>\n<p class=\"rgpd\">En soumettant ce formulaire, j\u2019accepte que les informations saisies soient exploit\u00e9es pour permettre de me recontacter. Pour conna\u00eetre et exercer vos droits, notamment de retrait de votre consentement \u00e0 l\u2019utilisation des donn\u00e9es collect\u00e9es par ce formulaire, veuillez consulter notre <a target=\"_blank\" href=\"\/politique-confidentialite\">Politique de Confidentialit\u00e9 des Donn\u00e9es Personnelles<\/a>\n<\/p>\n<div class=\"container-submit\">\n\t<p><input class=\"wpcf7-form-control wpcf7-submit has-spinner\" type=\"submit\" value=\"Envoyer\" \/>\n\t<\/p>\n<\/div><div class=\"wpcf7-response-output\" aria-hidden=\"true\"><\/div>\n<\/form>\n<\/div>\n\n<\/div><\/section><\/div>\n","protected":false},"excerpt":{"rendered":"","protected":false},"author":1,"featured_media":0,"parent":0,"menu_order":0,"comment_status":"closed","ping_status":"closed","template":"","meta":{"footnotes":""},"class_list":["post-3652","page","type-page","status-publish","hentry"],"yoast_head":"<!-- This site is optimized with the Yoast SEO plugin v25.7 - https:\/\/yoast.com\/wordpress\/plugins\/seo\/ -->\n<title>Projet sur-mesure, projet de m\u00e9tallerie industrielle -TFE<\/title>\n<meta name=\"description\" content=\"Vous avez un projet de m\u00e9tallerie industrielle ? TFE \u00e9tudie votre projet sur-mesure gr\u00e2ce \u00e0 son bureau des m\u00e9thodes int\u00e9gr\u00e9.\" \/>\n<meta name=\"robots\" content=\"index, follow, max-snippet:-1, max-image-preview:large, max-video-preview:-1\" \/>\n<link rel=\"canonical\" href=\"https:\/\/www.tfe-france.com\/fr\/projet-sur-mesure\/\" \/>\n<meta property=\"og:locale\" content=\"fr_FR\" \/>\n<meta property=\"og:type\" content=\"article\" \/>\n<meta property=\"og:title\" content=\"Projet sur-mesure, projet de m\u00e9tallerie industrielle -TFE\" \/>\n<meta property=\"og:description\" content=\"Vous avez un projet de m\u00e9tallerie industrielle ? TFE \u00e9tudie votre projet sur-mesure gr\u00e2ce \u00e0 son bureau des m\u00e9thodes int\u00e9gr\u00e9.\" \/>\n<meta property=\"og:url\" content=\"https:\/\/www.tfe-france.com\/fr\/projet-sur-mesure\/\" \/>\n<meta property=\"og:site_name\" content=\"TFE\" \/>\n<meta property=\"article:modified_time\" content=\"2018-07-23T15:15:17+00:00\" \/>\n<meta name=\"twitter:card\" content=\"summary_large_image\" \/>\n<meta name=\"twitter:label1\" content=\"Dur\u00e9e de lecture estim\u00e9e\" \/>\n\t<meta name=\"twitter:data1\" content=\"5 minutes\" \/>\n<script type=\"application\/ld+json\" class=\"yoast-schema-graph\">{\"@context\":\"https:\/\/schema.org\",\"@graph\":[{\"@type\":\"WebPage\",\"@id\":\"https:\/\/www.tfe-france.com\/fr\/projet-sur-mesure\/\",\"url\":\"https:\/\/www.tfe-france.com\/fr\/projet-sur-mesure\/\",\"name\":\"Projet sur-mesure, projet de m\u00e9tallerie industrielle -TFE\",\"isPartOf\":{\"@id\":\"https:\/\/www.tfe-france.com\/fr\/#website\"},\"datePublished\":\"2018-04-05T09:08:37+00:00\",\"dateModified\":\"2018-07-23T15:15:17+00:00\",\"description\":\"Vous avez un projet de m\u00e9tallerie industrielle ? TFE \u00e9tudie votre projet sur-mesure gr\u00e2ce \u00e0 son bureau des m\u00e9thodes int\u00e9gr\u00e9.\",\"breadcrumb\":{\"@id\":\"https:\/\/www.tfe-france.com\/fr\/projet-sur-mesure\/#breadcrumb\"},\"inLanguage\":\"fr-FR\",\"potentialAction\":[{\"@type\":\"ReadAction\",\"target\":[\"https:\/\/www.tfe-france.com\/fr\/projet-sur-mesure\/\"]}]},{\"@type\":\"BreadcrumbList\",\"@id\":\"https:\/\/www.tfe-france.com\/fr\/projet-sur-mesure\/#breadcrumb\",\"itemListElement\":[{\"@type\":\"ListItem\",\"position\":1,\"name\":\"Accueil\",\"item\":\"https:\/\/www.tfe-france.com\/fr\/accueil-2\/\"},{\"@type\":\"ListItem\",\"position\":2,\"name\":\"Projet sur-mesure\"}]},{\"@type\":\"WebSite\",\"@id\":\"https:\/\/www.tfe-france.com\/fr\/#website\",\"url\":\"https:\/\/www.tfe-france.com\/fr\/\",\"name\":\"TFE\",\"description\":\"\",\"potentialAction\":[{\"@type\":\"SearchAction\",\"target\":{\"@type\":\"EntryPoint\",\"urlTemplate\":\"https:\/\/www.tfe-france.com\/fr\/?s={search_term_string}\"},\"query-input\":{\"@type\":\"PropertyValueSpecification\",\"valueRequired\":true,\"valueName\":\"search_term_string\"}}],\"inLanguage\":\"fr-FR\"}]}<\/script>\n<!-- \/ Yoast SEO plugin. -->","yoast_head_json":{"title":"Projet sur-mesure, projet de m\u00e9tallerie industrielle -TFE","description":"Vous avez un projet de m\u00e9tallerie industrielle ? TFE \u00e9tudie votre projet sur-mesure gr\u00e2ce \u00e0 son bureau des m\u00e9thodes int\u00e9gr\u00e9.","robots":{"index":"index","follow":"follow","max-snippet":"max-snippet:-1","max-image-preview":"max-image-preview:large","max-video-preview":"max-video-preview:-1"},"canonical":"https:\/\/www.tfe-france.com\/fr\/projet-sur-mesure\/","og_locale":"fr_FR","og_type":"article","og_title":"Projet sur-mesure, projet de m\u00e9tallerie industrielle -TFE","og_description":"Vous avez un projet de m\u00e9tallerie industrielle ? TFE \u00e9tudie votre projet sur-mesure gr\u00e2ce \u00e0 son bureau des m\u00e9thodes int\u00e9gr\u00e9.","og_url":"https:\/\/www.tfe-france.com\/fr\/projet-sur-mesure\/","og_site_name":"TFE","article_modified_time":"2018-07-23T15:15:17+00:00","twitter_card":"summary_large_image","twitter_misc":{"Dur\u00e9e de lecture estim\u00e9e":"5 minutes"},"schema":{"@context":"https:\/\/schema.org","@graph":[{"@type":"WebPage","@id":"https:\/\/www.tfe-france.com\/fr\/projet-sur-mesure\/","url":"https:\/\/www.tfe-france.com\/fr\/projet-sur-mesure\/","name":"Projet sur-mesure, projet de m\u00e9tallerie industrielle -TFE","isPartOf":{"@id":"https:\/\/www.tfe-france.com\/fr\/#website"},"datePublished":"2018-04-05T09:08:37+00:00","dateModified":"2018-07-23T15:15:17+00:00","description":"Vous avez un projet de m\u00e9tallerie industrielle ? TFE \u00e9tudie votre projet sur-mesure gr\u00e2ce \u00e0 son bureau des m\u00e9thodes int\u00e9gr\u00e9.","breadcrumb":{"@id":"https:\/\/www.tfe-france.com\/fr\/projet-sur-mesure\/#breadcrumb"},"inLanguage":"fr-FR","potentialAction":[{"@type":"ReadAction","target":["https:\/\/www.tfe-france.com\/fr\/projet-sur-mesure\/"]}]},{"@type":"BreadcrumbList","@id":"https:\/\/www.tfe-france.com\/fr\/projet-sur-mesure\/#breadcrumb","itemListElement":[{"@type":"ListItem","position":1,"name":"Accueil","item":"https:\/\/www.tfe-france.com\/fr\/accueil-2\/"},{"@type":"ListItem","position":2,"name":"Projet sur-mesure"}]},{"@type":"WebSite","@id":"https:\/\/www.tfe-france.com\/fr\/#website","url":"https:\/\/www.tfe-france.com\/fr\/","name":"TFE","description":"","potentialAction":[{"@type":"SearchAction","target":{"@type":"EntryPoint","urlTemplate":"https:\/\/www.tfe-france.com\/fr\/?s={search_term_string}"},"query-input":{"@type":"PropertyValueSpecification","valueRequired":true,"valueName":"search_term_string"}}],"inLanguage":"fr-FR"}]}},"_links":{"self":[{"href":"https:\/\/www.tfe-france.com\/fr\/wp-json\/wp\/v2\/pages\/3652","targetHints":{"allow":["GET"]}}],"collection":[{"href":"https:\/\/www.tfe-france.com\/fr\/wp-json\/wp\/v2\/pages"}],"about":[{"href":"https:\/\/www.tfe-france.com\/fr\/wp-json\/wp\/v2\/types\/page"}],"author":[{"embeddable":true,"href":"https:\/\/www.tfe-france.com\/fr\/wp-json\/wp\/v2\/users\/1"}],"replies":[{"embeddable":true,"href":"https:\/\/www.tfe-france.com\/fr\/wp-json\/wp\/v2\/comments?post=3652"}],"version-history":[{"count":75,"href":"https:\/\/www.tfe-france.com\/fr\/wp-json\/wp\/v2\/pages\/3652\/revisions"}],"predecessor-version":[{"id":5129,"href":"https:\/\/www.tfe-france.com\/fr\/wp-json\/wp\/v2\/pages\/3652\/revisions\/5129"}],"wp:attachment":[{"href":"https:\/\/www.tfe-france.com\/fr\/wp-json\/wp\/v2\/media?parent=3652"}],"curies":[{"name":"wp","href":"https:\/\/api.w.org\/{rel}","templated":true}]}}