{"id":3654,"date":"2018-04-05T10:08:52","date_gmt":"2018-04-05T09:08:52","guid":{"rendered":"https:\/\/www.tfe-france.com\/?page_id=3654"},"modified":"2018-07-17T10:18:54","modified_gmt":"2018-07-17T09:18:54","slug":"tolerie-fine","status":"publish","type":"page","link":"https:\/\/www.tfe-france.com\/fr\/tolerie-fine\/","title":{"rendered":"T\u00f4lerie fine"},"content":{"rendered":"<\/div><\/div><\/div><!-- close content main div --><\/div><\/div><div id='section-tolerie' class='avia-section main_color avia-section-default avia-no-shadow avia-bg-style-scroll   container_wrap fullsize'   ><div class='container' ><div class='template-page content  av-content-full alpha units'><div class='post-entry post-entry-type-page post-entry-3654'><div class='entry-content-wrapper clearfix'>\n<div class=\"flex_column av_one_third  flex_column_div av-zero-column-padding first  \" style='border-radius:0px; '><p><div style='padding-bottom:10px;color:#3c3c3b;font-size:23px;' class='av-special-heading av-special-heading-h3 custom-color-heading blockquote modern-quote   av-inherit-size '><h3 class='av-special-heading-tag '  itemprop=\"headline\"  >Parc Machine<br \/>\nD\u00e9coupe laser.\/<\/h3><div class='special-heading-border'><div class='special-heading-inner-border' style='border-color:#3c3c3b'><\/div><\/div><\/div><br \/>\n<section class=\"av_textblock_section \"  itemscope=\"itemscope\" itemtype=\"https:\/\/schema.org\/CreativeWork\" ><div class='avia_textblock  '   itemprop=\"text\" ><p>La souplesse du laser, du prototype \u00e0 la grande s\u00e9rie&#8230;<\/p>\n<\/div><\/section><br \/>\n<div class='avia-button-wrap avia-button-left '><a href='https:\/\/www.tfe-france.com\/fr\/tolerie-fine\/decoupe-laser\/' class='avia-button   avia-icon_select-yes-right-icon avia-color-theme-color avia-size-small avia-position-left '   ><span class='avia_iconbox_title' >En savoir plus<\/span><span class='avia_button_icon avia_button_icon_right' aria-hidden='true' data-av_icon='\uf105' data-av_iconfont='fontawesome'><\/span><\/a><\/div><\/p><\/div><div class=\"flex_column av_one_third  flex_column_div av-zero-column-padding   \" style='border-radius:0px; '><p><div style='padding-bottom:10px;color:#3c3c3b;font-size:23px;' class='av-special-heading av-special-heading-h3 custom-color-heading blockquote modern-quote   av-inherit-size '><h3 class='av-special-heading-tag '  itemprop=\"headline\"  >Parc Machine<br \/>\nPoin\u00e7onnage.\/<\/h3><div class='special-heading-border'><div class='special-heading-inner-border' style='border-color:#3c3c3b'><\/div><\/div><\/div><br \/>\n<section class=\"av_textblock_section \"  itemscope=\"itemscope\" itemtype=\"https:\/\/schema.org\/CreativeWork\" ><div class='avia_textblock  '   itemprop=\"text\" ><p>Un combin\u00e9 laser-poin\u00e7onnage pour la perforation, le formage et l\u2019emboutissage&#8230;<\/p>\n<\/div><\/section><br \/>\n<div class='avia-button-wrap avia-button-left '><a href='https:\/\/www.tfe-france.com\/fr\/tolerie-fine\/poinconnage\/' class='avia-button   avia-icon_select-yes-right-icon avia-color-theme-color avia-size-small avia-position-left '   ><span class='avia_iconbox_title' >En savoir plus<\/span><span class='avia_button_icon avia_button_icon_right' aria-hidden='true' data-av_icon='\uf105' data-av_iconfont='fontawesome'><\/span><\/a><\/div><\/p><\/div><div class=\"flex_column av_one_third  flex_column_div av-zero-column-padding   \" style='border-radius:0px; '><p><div style='padding-bottom:10px;color:#3c3c3b;font-size:23px;' class='av-special-heading av-special-heading-h3 custom-color-heading blockquote modern-quote   av-inherit-size '><h3 class='av-special-heading-tag '  itemprop=\"headline\"  >Parc Machine<br \/>\nPliage.\/<\/h3><div class='special-heading-border'><div class='special-heading-inner-border' style='border-color:#3c3c3b'><\/div><\/div><\/div><br \/>\n<section class=\"av_textblock_section \"  itemscope=\"itemscope\" itemtype=\"https:\/\/schema.org\/CreativeWork\" ><div class='avia_textblock  '   itemprop=\"text\" ><p>Des solutions \u00e0 commandes num\u00e9riques pour le pliage acier, inox et alu&#8230;<\/p>\n<\/div><\/section><br \/>\n<div class='avia-button-wrap avia-button-left '><a href='https:\/\/www.tfe-france.com\/fr\/tolerie-fine\/pliage\/' class='avia-button   avia-icon_select-yes-right-icon avia-color-theme-color avia-size-small avia-position-left '   ><span class='avia_iconbox_title' >En savoir plus<\/span><span class='avia_button_icon avia_button_icon_right' aria-hidden='true' data-av_icon='\uf105' data-av_iconfont='fontawesome'><\/span><\/a><\/div><\/p><\/div><div class=\"flex_column av_one_third  flex_column_div av-zero-column-padding first  \" style='border-radius:0px; '><p><div style='padding-bottom:10px;color:#3c3c3b;font-size:23px;' class='av-special-heading av-special-heading-h3 custom-color-heading blockquote modern-quote   av-inherit-size '><h3 class='av-special-heading-tag '  itemprop=\"headline\"  >Parc Machine<br \/>\nSoudure et Assemblage.\/<\/h3><div class='special-heading-border'><div class='special-heading-inner-border' style='border-color:#3c3c3b'><\/div><\/div><\/div><br \/>\n<section class=\"av_textblock_section \"  itemscope=\"itemscope\" itemtype=\"https:\/\/schema.org\/CreativeWork\" ><div class='avia_textblock  '   itemprop=\"text\" ><p>Les ensembles m\u00e9cano-soud\u00e9s sont r\u00e9alis\u00e9s dans les ateliers de TFE&#8230;<\/p>\n<\/div><\/section><br \/>\n<div class='avia-button-wrap avia-button-left '><a href='https:\/\/www.tfe-france.com\/fr\/tolerie-fine\/soudures-assemblage\/' class='avia-button   avia-icon_select-yes-right-icon avia-color-theme-color avia-size-small avia-position-left '   ><span class='avia_iconbox_title' >En savoir plus<\/span><span class='avia_button_icon avia_button_icon_right' aria-hidden='true' data-av_icon='\uf105' data-av_iconfont='fontawesome'><\/span><\/a><\/div><\/p><\/div><div class=\"flex_column av_one_third  flex_column_div av-zero-column-padding   \" style='border-radius:0px; '><p><div style='padding-bottom:10px;color:#3c3c3b;font-size:23px;' class='av-special-heading av-special-heading-h3 custom-color-heading blockquote modern-quote   av-inherit-size '><h3 class='av-special-heading-tag '  itemprop=\"headline\"  >Parc Machine<br \/>\nThermolaquage.\/<\/h3><div class='special-heading-border'><div class='special-heading-inner-border' style='border-color:#3c3c3b'><\/div><\/div><\/div><br \/>\n<section class=\"av_textblock_section \"  itemscope=\"itemscope\" itemtype=\"https:\/\/schema.org\/CreativeWork\" ><div class='avia_textblock  '   itemprop=\"text\" ><p>Un atelier de peinture d\u00e9di\u00e9 au thermolaquage des pi\u00e8ces usin\u00e9es : poudre, \u00e9poxy ou polyester&#8230;<\/p>\n<\/div><\/section><br \/>\n<div class='avia-button-wrap avia-button-left '><a href='https:\/\/www.tfe-france.com\/fr\/tolerie-fine\/thermolaquage\/' class='avia-button   avia-icon_select-yes-right-icon avia-color-theme-color avia-size-small avia-position-left '   ><span class='avia_iconbox_title' >En savoir plus<\/span><span class='avia_button_icon avia_button_icon_right' aria-hidden='true' data-av_icon='\uf105' data-av_iconfont='fontawesome'><\/span><\/a><\/div><\/p><\/div><div class=\"flex_column av_one_third  flex_column_div av-zero-column-padding   \" style='border-radius:0px; '><p><div style='padding-bottom:10px;color:#3c3c3b;font-size:23px;' class='av-special-heading av-special-heading-h3 custom-color-heading blockquote modern-quote   av-inherit-size '><h3 class='av-special-heading-tag '  itemprop=\"headline\"  >Parc Machine<br \/>\nPersonnalisation.\/<\/h3><div class='special-heading-border'><div class='special-heading-inner-border' style='border-color:#3c3c3b'><\/div><\/div><\/div><br \/>\n<section class=\"av_textblock_section \"  itemscope=\"itemscope\" itemtype=\"https:\/\/schema.org\/CreativeWork\" ><div class='avia_textblock  '   itemprop=\"text\" ><p>TFE assure toutes les finitions des pi\u00e8ces usin\u00e9es&#8230;<\/p>\n<\/div><\/section><br \/>\n<div class='avia-button-wrap avia-button-left '><a href='https:\/\/www.tfe-france.com\/fr\/tolerie-fine\/personnalisation\/' class='avia-button   avia-icon_select-yes-right-icon avia-color-theme-color avia-size-small avia-position-left '   ><span class='avia_iconbox_title' >En savoir plus<\/span><span class='avia_button_icon avia_button_icon_right' aria-hidden='true' data-av_icon='\uf105' data-av_iconfont='fontawesome'><\/span><\/a><\/div><\/p><\/div>\n","protected":false},"excerpt":{"rendered":"","protected":false},"author":1,"featured_media":0,"parent":0,"menu_order":0,"comment_status":"closed","ping_status":"closed","template":"","meta":{"footnotes":""},"class_list":["post-3654","page","type-page","status-publish","hentry"],"yoast_head":"<!-- This site is optimized with the Yoast SEO plugin v25.7 - https:\/\/yoast.com\/wordpress\/plugins\/seo\/ -->\n<title>T\u00f4lerie Fine, T\u00f4lerie de pr\u00e9cision, T\u00f4lerie Industrielle - TFE<\/title>\n<meta name=\"description\" content=\"TFE est le sp\u00e9cialiste de la t\u00f4lerie fine de pr\u00e9cision ! La t\u00f4lerie industrielle est au coeur des activit\u00e9s. TPE, PME, Industriels, nous proposons des solutions sur-mesure\" \/>\n<meta name=\"robots\" content=\"index, follow, max-snippet:-1, max-image-preview:large, max-video-preview:-1\" \/>\n<link rel=\"canonical\" href=\"https:\/\/www.tfe-france.com\/fr\/tolerie-fine\/\" \/>\n<meta property=\"og:locale\" content=\"fr_FR\" \/>\n<meta property=\"og:type\" content=\"article\" \/>\n<meta property=\"og:title\" content=\"T\u00f4lerie Fine, T\u00f4lerie de pr\u00e9cision, T\u00f4lerie Industrielle - TFE\" \/>\n<meta property=\"og:description\" content=\"TFE est le sp\u00e9cialiste de la t\u00f4lerie fine de pr\u00e9cision ! La t\u00f4lerie industrielle est au coeur des activit\u00e9s. TPE, PME, Industriels, nous proposons des solutions sur-mesure\" \/>\n<meta property=\"og:url\" content=\"https:\/\/www.tfe-france.com\/fr\/tolerie-fine\/\" \/>\n<meta property=\"og:site_name\" content=\"TFE\" \/>\n<meta property=\"article:modified_time\" content=\"2018-07-17T09:18:54+00:00\" \/>\n<meta name=\"twitter:card\" content=\"summary_large_image\" \/>\n<meta name=\"twitter:label1\" content=\"Dur\u00e9e de lecture estim\u00e9e\" \/>\n\t<meta name=\"twitter:data1\" content=\"3 minutes\" \/>\n<script type=\"application\/ld+json\" class=\"yoast-schema-graph\">{\"@context\":\"https:\/\/schema.org\",\"@graph\":[{\"@type\":\"WebPage\",\"@id\":\"https:\/\/www.tfe-france.com\/fr\/tolerie-fine\/\",\"url\":\"https:\/\/www.tfe-france.com\/fr\/tolerie-fine\/\",\"name\":\"T\u00f4lerie Fine, T\u00f4lerie de pr\u00e9cision, T\u00f4lerie Industrielle - TFE\",\"isPartOf\":{\"@id\":\"https:\/\/www.tfe-france.com\/fr\/#website\"},\"datePublished\":\"2018-04-05T09:08:52+00:00\",\"dateModified\":\"2018-07-17T09:18:54+00:00\",\"description\":\"TFE est le sp\u00e9cialiste de la t\u00f4lerie fine de pr\u00e9cision ! La t\u00f4lerie industrielle est au coeur des activit\u00e9s. TPE, PME, Industriels, nous proposons des solutions sur-mesure\",\"breadcrumb\":{\"@id\":\"https:\/\/www.tfe-france.com\/fr\/tolerie-fine\/#breadcrumb\"},\"inLanguage\":\"fr-FR\",\"potentialAction\":[{\"@type\":\"ReadAction\",\"target\":[\"https:\/\/www.tfe-france.com\/fr\/tolerie-fine\/\"]}]},{\"@type\":\"BreadcrumbList\",\"@id\":\"https:\/\/www.tfe-france.com\/fr\/tolerie-fine\/#breadcrumb\",\"itemListElement\":[{\"@type\":\"ListItem\",\"position\":1,\"name\":\"Accueil\",\"item\":\"https:\/\/www.tfe-france.com\/fr\/accueil-2\/\"},{\"@type\":\"ListItem\",\"position\":2,\"name\":\"T\u00f4lerie fine\"}]},{\"@type\":\"WebSite\",\"@id\":\"https:\/\/www.tfe-france.com\/fr\/#website\",\"url\":\"https:\/\/www.tfe-france.com\/fr\/\",\"name\":\"TFE\",\"description\":\"\",\"potentialAction\":[{\"@type\":\"SearchAction\",\"target\":{\"@type\":\"EntryPoint\",\"urlTemplate\":\"https:\/\/www.tfe-france.com\/fr\/?s={search_term_string}\"},\"query-input\":{\"@type\":\"PropertyValueSpecification\",\"valueRequired\":true,\"valueName\":\"search_term_string\"}}],\"inLanguage\":\"fr-FR\"}]}<\/script>\n<!-- \/ Yoast SEO plugin. -->","yoast_head_json":{"title":"T\u00f4lerie Fine, T\u00f4lerie de pr\u00e9cision, T\u00f4lerie Industrielle - TFE","description":"TFE est le sp\u00e9cialiste de la t\u00f4lerie fine de pr\u00e9cision ! La t\u00f4lerie industrielle est au coeur des activit\u00e9s. TPE, PME, Industriels, nous proposons des solutions sur-mesure","robots":{"index":"index","follow":"follow","max-snippet":"max-snippet:-1","max-image-preview":"max-image-preview:large","max-video-preview":"max-video-preview:-1"},"canonical":"https:\/\/www.tfe-france.com\/fr\/tolerie-fine\/","og_locale":"fr_FR","og_type":"article","og_title":"T\u00f4lerie Fine, T\u00f4lerie de pr\u00e9cision, T\u00f4lerie Industrielle - TFE","og_description":"TFE est le sp\u00e9cialiste de la t\u00f4lerie fine de pr\u00e9cision ! La t\u00f4lerie industrielle est au coeur des activit\u00e9s. TPE, PME, Industriels, nous proposons des solutions sur-mesure","og_url":"https:\/\/www.tfe-france.com\/fr\/tolerie-fine\/","og_site_name":"TFE","article_modified_time":"2018-07-17T09:18:54+00:00","twitter_card":"summary_large_image","twitter_misc":{"Dur\u00e9e de lecture estim\u00e9e":"3 minutes"},"schema":{"@context":"https:\/\/schema.org","@graph":[{"@type":"WebPage","@id":"https:\/\/www.tfe-france.com\/fr\/tolerie-fine\/","url":"https:\/\/www.tfe-france.com\/fr\/tolerie-fine\/","name":"T\u00f4lerie Fine, T\u00f4lerie de pr\u00e9cision, T\u00f4lerie Industrielle - TFE","isPartOf":{"@id":"https:\/\/www.tfe-france.com\/fr\/#website"},"datePublished":"2018-04-05T09:08:52+00:00","dateModified":"2018-07-17T09:18:54+00:00","description":"TFE est le sp\u00e9cialiste de la t\u00f4lerie fine de pr\u00e9cision ! La t\u00f4lerie industrielle est au coeur des activit\u00e9s. TPE, PME, Industriels, nous proposons des solutions sur-mesure","breadcrumb":{"@id":"https:\/\/www.tfe-france.com\/fr\/tolerie-fine\/#breadcrumb"},"inLanguage":"fr-FR","potentialAction":[{"@type":"ReadAction","target":["https:\/\/www.tfe-france.com\/fr\/tolerie-fine\/"]}]},{"@type":"BreadcrumbList","@id":"https:\/\/www.tfe-france.com\/fr\/tolerie-fine\/#breadcrumb","itemListElement":[{"@type":"ListItem","position":1,"name":"Accueil","item":"https:\/\/www.tfe-france.com\/fr\/accueil-2\/"},{"@type":"ListItem","position":2,"name":"T\u00f4lerie fine"}]},{"@type":"WebSite","@id":"https:\/\/www.tfe-france.com\/fr\/#website","url":"https:\/\/www.tfe-france.com\/fr\/","name":"TFE","description":"","potentialAction":[{"@type":"SearchAction","target":{"@type":"EntryPoint","urlTemplate":"https:\/\/www.tfe-france.com\/fr\/?s={search_term_string}"},"query-input":{"@type":"PropertyValueSpecification","valueRequired":true,"valueName":"search_term_string"}}],"inLanguage":"fr-FR"}]}},"_links":{"self":[{"href":"https:\/\/www.tfe-france.com\/fr\/wp-json\/wp\/v2\/pages\/3654","targetHints":{"allow":["GET"]}}],"collection":[{"href":"https:\/\/www.tfe-france.com\/fr\/wp-json\/wp\/v2\/pages"}],"about":[{"href":"https:\/\/www.tfe-france.com\/fr\/wp-json\/wp\/v2\/types\/page"}],"author":[{"embeddable":true,"href":"https:\/\/www.tfe-france.com\/fr\/wp-json\/wp\/v2\/users\/1"}],"replies":[{"embeddable":true,"href":"https:\/\/www.tfe-france.com\/fr\/wp-json\/wp\/v2\/comments?post=3654"}],"version-history":[{"count":14,"href":"https:\/\/www.tfe-france.com\/fr\/wp-json\/wp\/v2\/pages\/3654\/revisions"}],"predecessor-version":[{"id":5638,"href":"https:\/\/www.tfe-france.com\/fr\/wp-json\/wp\/v2\/pages\/3654\/revisions\/5638"}],"wp:attachment":[{"href":"https:\/\/www.tfe-france.com\/fr\/wp-json\/wp\/v2\/media?parent=3654"}],"curies":[{"name":"wp","href":"https:\/\/api.w.org\/{rel}","templated":true}]}}