{"id":3656,"date":"2018-04-05T10:09:08","date_gmt":"2018-04-05T09:09:08","guid":{"rendered":"https:\/\/www.tfe-france.com\/?page_id=3656"},"modified":"2020-01-28T15:26:33","modified_gmt":"2020-01-28T14:26:33","slug":"decoupe-laser","status":"publish","type":"page","link":"https:\/\/www.tfe-france.com\/fr\/tolerie-fine\/decoupe-laser\/","title":{"rendered":"D\u00e9coupe laser"},"content":{"rendered":"<\/div><\/div><\/div><!-- close content main div --><\/div><\/div><div id='section-surmesure' class='avia-section main_color avia-section-default avia-no-border-styling avia-bg-style-scroll   container_wrap fullsize'   ><div class='container' ><div class='template-page content  av-content-full alpha units'><div class='post-entry post-entry-type-page post-entry-3656'><div class='entry-content-wrapper clearfix'>\n<div class=\"flex_column av_two_fifth  av-animated-generic left-to-right  flex_column_div av-zero-column-padding first  \" style='border-radius:0px; '><p><div class='avia-image-container  av-styling-no-styling     avia-align-center '  itemprop=\"ImageObject\" itemscope=\"itemscope\" itemtype=\"https:\/\/schema.org\/ImageObject\"  ><div class='avia-image-container-inner'><img class='avia_image ' src=\"data:image\/gif;base64,R0lGODdhAQABAPAAAP\/\/\/wAAACwAAAAAAQABAEACAkQBADs=\" data-lazy-src='https:\/\/www.tfe-france.com\/public\/uploads\/2018\/06\/acceuil_slider_laser-2.jpg' alt='D\u00e9coupe Laser' title='D\u00e9coupe Laser'   itemprop=\"thumbnailUrl\"  \/><noscript><img class='avia_image ' src='https:\/\/www.tfe-france.com\/public\/uploads\/2018\/06\/acceuil_slider_laser-2.jpg' alt='D\u00e9coupe Laser' title='D\u00e9coupe Laser'   itemprop=\"thumbnailUrl\"  \/><\/noscript><\/div><\/div><br \/>\n<div class='avia-button-wrap avia-button-left '><a href='\/contact\/' class='avia-button   avia-icon_select-no avia-color-theme-color avia-size-medium avia-position-left '   ><span class='avia_iconbox_title' >Demande de devis ?<\/span><\/a><\/div><br \/>\n<div style='height:30px' class='hr hr-invisible  '><span class='hr-inner ' ><span class='hr-inner-style'><\/span><\/span><\/div><br \/>\n<div style='padding-bottom:10px;color:#3c3c3b;font-size:25px;' class='av-special-heading av-special-heading-h3 custom-color-heading blockquote modern-quote   av-inherit-size '><h3 class='av-special-heading-tag '  itemprop=\"headline\"  >Moyens techniques<br \/>\nde d\u00e9coupe laser.\/<\/h3><div class='special-heading-border'><div class='special-heading-inner-border' style='border-color:#3c3c3b'><\/div><\/div><\/div><br \/>\n<div class='avia-icon-list-container   '><ul class='avia-icon-list avia-icon-list-left av-iconlist-small avia_animate_when_almost_visible'>\n<li><div  class='iconlist_icon  avia-font-fontawesome'><span class='iconlist-char ' aria-hidden='true' data-av_icon='\uf00c' data-av_iconfont='fontawesome'><\/span><\/div><article class=\"article-icon-entry \"  itemscope=\"itemscope\" itemtype=\"https:\/\/schema.org\/CreativeWork\" ><div class='iconlist_content_wrap'><header class=\"entry-content-header\"><div class='av_iconlist_title iconlist_title_small  '  itemprop=\"headline\"  >Puissance<\/div><\/header><div class='iconlist_content  '  itemprop=\"text\"  ><p>4kw<\/p>\n<\/div><\/div><footer class=\"entry-footer\"><\/footer><\/article><div class='iconlist-timeline'><\/div><\/li>\n<li><div  class='iconlist_icon  avia-font-fontawesome'><span class='iconlist-char ' aria-hidden='true' data-av_icon='\uf00c' data-av_iconfont='fontawesome'><\/span><\/div><article class=\"article-icon-entry \"  itemscope=\"itemscope\" itemtype=\"https:\/\/schema.org\/CreativeWork\" ><div class='iconlist_content_wrap'><header class=\"entry-content-header\"><div class='av_iconlist_title iconlist_title_small  '  itemprop=\"headline\"  >Format table<\/div><\/header><div class='iconlist_content  '  itemprop=\"text\"  ><p>1 500mm x 3 000mm<\/p>\n<\/div><\/div><footer class=\"entry-footer\"><\/footer><\/article><div class='iconlist-timeline'><\/div><\/li>\n<li><div  class='iconlist_icon  avia-font-fontawesome'><span class='iconlist-char ' aria-hidden='true' data-av_icon='\uf00c' data-av_iconfont='fontawesome'><\/span><\/div><article class=\"article-icon-entry \"  itemscope=\"itemscope\" itemtype=\"https:\/\/schema.org\/CreativeWork\" ><div class='iconlist_content_wrap'><header class=\"entry-content-header\"><div class='av_iconlist_title iconlist_title_small  '  itemprop=\"headline\"  >\u00c9paisseur max.<\/div><\/header><div class='iconlist_content  '  itemprop=\"text\"  ><ul>\n<li><strong>Acier<\/strong> 20mm 02<\/li>\n<li><strong>Inox<\/strong>\u00a015mm N2<\/li>\n<li><strong>Alu<\/strong> 15mm N2<\/li>\n<li><strong>Laiton <\/strong>8mm<\/li>\n<li><strong>Cuivre<\/strong> 8mm<\/li>\n<\/ul>\n<\/div><\/div><footer class=\"entry-footer\"><\/footer><\/article><div class='iconlist-timeline'><\/div><\/li>\n<li><div  class='iconlist_icon  avia-font-fontawesome'><span class='iconlist-char ' aria-hidden='true' data-av_icon='\uf00c' data-av_iconfont='fontawesome'><\/span><\/div><article class=\"article-icon-entry \"  itemscope=\"itemscope\" itemtype=\"https:\/\/schema.org\/CreativeWork\" ><div class='iconlist_content_wrap'><header class=\"entry-content-header\"><div class='av_iconlist_title iconlist_title_small  '  itemprop=\"headline\"  >Chargement \/ D\u00e9chargement<\/div><\/header><div class='iconlist_content  '  itemprop=\"text\"  ><p>Automatis\u00e9<\/p>\n<\/div><\/div><footer class=\"entry-footer\"><\/footer><\/article><div class='iconlist-timeline'><\/div><\/li>\n<\/ul><\/div><\/p><\/div><div class=\"flex_column av_three_fifth  av-animated-generic right-to-left  flex_column_div av-zero-column-padding   \" style='border-radius:0px; '><p><div style='padding-bottom:10px;color:#3c3c3b;font-size:55px;' class='av-special-heading av-special-heading-h2 custom-color-heading blockquote modern-quote   av-inherit-size '><h2 class='av-special-heading-tag '  itemprop=\"headline\"  >d\u00e9coupe laser<\/h2><div class ='av-subheading av-subheading_below av_custom_color ' style='font-size:20px;'><p>La souplesse du laser, du prototype \u00e0 la grande s\u00e9rie<\/p>\n<\/div><div class='special-heading-border'><div class='special-heading-inner-border' style='border-color:#3c3c3b'><\/div><\/div><\/div><br \/>\n<section class=\"av_textblock_section \"  itemscope=\"itemscope\" itemtype=\"https:\/\/schema.org\/CreativeWork\" ><div class='avia_textblock  av_inherit_color '  style='color:#2e2d2c; '  itemprop=\"text\" ><p><strong>La d\u00e9coupe laser est adapt\u00e9e \u00e0 la fabrication de pi\u00e8ces ouvrag\u00e9es r\u00e9alis\u00e9es en m\u00e9tal, aluminium, inox et acier.<\/strong><\/p>\n<p>La conjugaison d\u2019un service de programmation efficace et de moyens techniques performants permet \u00e0 TFE de mettre en \u0153uvre rapidement des <strong>productions sp\u00e9cifiques<\/strong> r\u00e9alis\u00e9es en <strong>d\u00e9coupe laser<\/strong>.<\/p>\n<p><strong>De la pi\u00e8ce unique \u00e0 la r\u00e9alisation industrielle en s\u00e9rie<\/strong>, TFE r\u00e9pond \u00e0 tous les besoins en m\u00e9tallerie des march\u00e9s classiques et innovants.<\/p>\n<p>Des \u00e9quipements r\u00e9cents et une organisation rigoureuse garantissent la qualit\u00e9 des prestations.<br \/>\nDes conceptions industrielles complexes voire artistiques sont possibles en d\u00e9coupe laser.<\/p>\n<p>La DAO 3D permet de travailler des pi\u00e8ces de <strong>diff\u00e9rentes \u00e9paisseurs<\/strong>, des <strong>rayons de pliage pr\u00e9cis<\/strong>, des<strong> profils curvilignes<\/strong> et d\u2019optimiser l\u2019assemblage des diff\u00e9rentes pi\u00e8ces entre elles.<\/p>\n<\/div><\/section><br \/>\n<div  class='avia-video avia-video-16-9   '  itemprop=\"video\" itemtype=\"https:\/\/schema.org\/VideoObject\" ><div class='avia-iframe-wrap'><iframe loading=\"lazy\" title=\"D\u00e9coupe Au Laser Fibre TFE ligne robotis\u00e9e\" width=\"1500\" height=\"844\" src=\"https:\/\/www.youtube.com\/embed\/0S31wnYrfMo?feature=oembed\" frameborder=\"0\" allow=\"accelerometer; autoplay; encrypted-media; gyroscope; picture-in-picture\" allowfullscreen><\/iframe><\/div><\/div><\/p><\/div><div  class='hr hr-default  '><span class='hr-inner ' ><span class='hr-inner-style'><\/span><\/span><\/div>\n<div class=\"flex_column av_two_fifth  flex_column_div av-zero-column-padding first  slider_tfe_spe \" style='border-radius:0px; '><p><div style='height:70px' class='hr hr-invisible   '><span class='hr-inner ' ><span class='hr-inner-style'><\/span><\/span><\/div><br \/>\n<div  data-size='no scaling'  data-lightbox_size='large'  data-animation='slide'  data-ids='4666,4791,4792'  data-video_counter='0'  data-autoplay='false'  data-bg_slider='false'  data-slide_height=''  data-handle='av_slideshow'  data-interval='5'  data-class='  '  data-css_id=''  data-scroll_down=''  data-control_layout='av-control-default'  data-custom_markup=''  data-perma_caption=''  data-autoplay_stopper=''  data-image_attachment=''  data-min_height='0px'  class='avia-slideshow avia-slideshow-1  av-control-default av-default-height-applied avia-slideshow-no scaling av_slideshow    avia-slide-slider '  itemprop=\"ImageObject\" itemscope=\"itemscope\" itemtype=\"https:\/\/schema.org\/ImageObject\" ><ul class='avia-slideshow-inner' style='padding-bottom: 66.697936210131%;'><li  class=' slide-1 ' ><div data-rel='slideshow-1' class='avia-slide-wrap'  ><img src=\"data:image\/gif;base64,R0lGODdhAQABAPAAAP\/\/\/wAAACwAAAAAAQABAEACAkQBADs=\" data-lazy-src='https:\/\/www.tfe-france.com\/public\/uploads\/2018\/07\/laser_resultat.jpg' width='1066' height='711' title='D\u00e9coupe laser' alt='D\u00e9coupe laser'  itemprop=\"thumbnailUrl\"   \/><noscript><img src='https:\/\/www.tfe-france.com\/public\/uploads\/2018\/07\/laser_resultat.jpg' width='1066' height='711' title='D\u00e9coupe laser' alt='D\u00e9coupe laser'  itemprop=\"thumbnailUrl\"   \/><\/noscript><\/div><\/li><li  class=' slide-2 ' ><div data-rel='slideshow-1' class='avia-slide-wrap' title='Habillage de fa\u00e7ade inox en d\u00e9coupe laser pour b\u00e2timent d&#039;architecte' ><img src=\"data:image\/gif;base64,R0lGODdhAQABAPAAAP\/\/\/wAAACwAAAAAAQABAEACAkQBADs=\" data-lazy-src='https:\/\/www.tfe-france.com\/public\/uploads\/2018\/07\/10.jpg' width='695' height='927' title='Habillage m\u00e9tallique avec d\u00e9coupe laser' alt='Habillage m\u00e9tallique avec d\u00e9coupe laser'  itemprop=\"thumbnailUrl\"   \/><noscript><img src='https:\/\/www.tfe-france.com\/public\/uploads\/2018\/07\/10.jpg' width='695' height='927' title='Habillage m\u00e9tallique avec d\u00e9coupe laser' alt='Habillage m\u00e9tallique avec d\u00e9coupe laser'  itemprop=\"thumbnailUrl\"   \/><\/noscript><\/div><\/li><li  class=' slide-3 ' ><div data-rel='slideshow-1' class='avia-slide-wrap' title='D\u00e9coupe laser sur inox bross\u00e9 avec ouvertures mini' ><img src=\"data:image\/gif;base64,R0lGODdhAQABAPAAAP\/\/\/wAAACwAAAAAAQABAEACAkQBADs=\" data-lazy-src='https:\/\/www.tfe-france.com\/public\/uploads\/2018\/07\/13.jpg' width='1555' height='1037' title='D\u00e9coupe laser' alt='Pi\u00e8ce de d\u00e9coupe laser'  itemprop=\"thumbnailUrl\"   \/><noscript><img src='https:\/\/www.tfe-france.com\/public\/uploads\/2018\/07\/13.jpg' width='1555' height='1037' title='D\u00e9coupe laser' alt='Pi\u00e8ce de d\u00e9coupe laser'  itemprop=\"thumbnailUrl\"   \/><\/noscript><\/div><\/li><\/ul><div class='avia-slideshow-arrows avia-slideshow-controls'><a href='#prev' class='prev-slide' aria-hidden='true' data-av_icon='\ue87c' data-av_iconfont='entypo-fontello'>Pr\u00e9c\u00e9dent<\/a><a href='#next' class='next-slide' aria-hidden='true' data-av_icon='\ue87d' data-av_iconfont='entypo-fontello'>Suivant<\/a><\/div><div class='avia-slideshow-dots avia-slideshow-controls'><a href='#1' class='goto-slide active' >1<\/a><a href='#2' class='goto-slide ' >2<\/a><a href='#3' class='goto-slide ' >3<\/a><\/div><\/div><\/p><\/div><div class=\"flex_column av_three_fifth  flex_column_div av-zero-column-padding   \" style='border-radius:0px; '><p><div style='padding-bottom:10px;color:#3c3c3b;font-size:55px;' class='av-special-heading av-special-heading-h3 custom-color-heading blockquote modern-quote   av-inherit-size '><h3 class='av-special-heading-tag '  itemprop=\"headline\"  >Quelles secteurs d\u2019activit\u00e9s ?<\/h3><div class ='av-subheading av-subheading_below av_custom_color ' style='font-size:20px;'><p>Un acteur multi-secteurs<\/p>\n<\/div><div class='special-heading-border'><div class='special-heading-inner-border' style='border-color:#3c3c3b'><\/div><\/div><\/div><br \/>\n<section class=\"av_textblock_section \"  itemscope=\"itemscope\" itemtype=\"https:\/\/schema.org\/CreativeWork\" ><div class='avia_textblock  av_inherit_color '  style='color:#2e2d2c; '  itemprop=\"text\" ><p><strong>De nombreux secteurs d\u2019activit\u00e9 font confiance \u00e0 l\u2019expertise en d\u00e9coupe laser de TFE.<\/strong><\/p>\n<p>Historiquement, les premiers m\u00e9tiers pour lesquels nous avons travaill\u00e9 la t\u00f4lerie fine sont la t\u00e9l\u00e9phonie et l\u2019\u00e9clairage avec la r\u00e9alisation de pi\u00e8ces de projecteurs. La <strong>d\u00e9coupe laser<\/strong> a largement ouvert nos champs de comp\u00e9tences dans la <strong>fabrication de produits industriels<\/strong> ou de <strong>pi\u00e8ces sp\u00e9cifiques et complexes<\/strong>.<\/p>\n<p>Les partenaires de TFE interviennent dans <strong>tous les domaines<\/strong>\u00a0: informatique, a\u00e9ronautique, \u00e9lectronique, alimentaire et agroalimentaire, agriculture, m\u00e9canique, PLV, agencement, automobile, et sur le march\u00e9 du v\u00e9hicule \u00e9lectrique, \u2026<\/p>\n<p>Dans le secteur du b\u00e2timent TFE r\u00e9alise des <strong>d\u00e9coupes m\u00e9tal<\/strong> pour les habillages de fa\u00e7ades, les menuiseries, les piscines et abris, l\u2019\u00e9clairage\u2026 en petite ou grande s\u00e9rie.<br \/>\nDes <strong>pi\u00e8ces pour la s\u00e9curit\u00e9<\/strong> et l\u2019acc\u00e8s comme les marches embouties et les caillebotis antid\u00e9rapants sont de plus en plus demand\u00e9es.<\/p>\n<p>La liste ne peut \u00eatre exhaustive tant les applications industrielles sont nombreuses et les <strong>solutions sur-mesure infinies<\/strong>.<\/p>\n<\/div><\/section><\/p><\/div>\n","protected":false},"excerpt":{"rendered":"","protected":false},"author":1,"featured_media":0,"parent":3654,"menu_order":0,"comment_status":"closed","ping_status":"closed","template":"","meta":{"footnotes":""},"class_list":["post-3656","page","type-page","status-publish","hentry"],"yoast_head":"<!-- This site is optimized with the Yoast SEO plugin v25.7 - https:\/\/yoast.com\/wordpress\/plugins\/seo\/ -->\n<title>D\u00e9coupe laser, D\u00e9coupe m\u00e9tal, aluminium, inox et acier - TFE<\/title>\n<meta name=\"description\" content=\"TFE est le sp\u00e9cialiste D\u00e9coupe Laser en Bretagne. Notre machine de d\u00e9coupe laser permet de r\u00e9aliser des d\u00e9coupes sur m\u00e9tal, aluminium, inox et acier. TFE, votre partenaire pour la d\u00e9coupe de t\u00f4le.\" \/>\n<meta name=\"robots\" content=\"index, follow, max-snippet:-1, max-image-preview:large, max-video-preview:-1\" \/>\n<link rel=\"canonical\" href=\"https:\/\/www.tfe-france.com\/fr\/tolerie-fine\/decoupe-laser\/\" \/>\n<meta property=\"og:locale\" content=\"fr_FR\" \/>\n<meta property=\"og:type\" content=\"article\" \/>\n<meta property=\"og:title\" content=\"D\u00e9coupe laser, D\u00e9coupe m\u00e9tal, aluminium, inox et acier - TFE\" \/>\n<meta property=\"og:description\" content=\"TFE est le sp\u00e9cialiste D\u00e9coupe Laser en Bretagne. Notre machine de d\u00e9coupe laser permet de r\u00e9aliser des d\u00e9coupes sur m\u00e9tal, aluminium, inox et acier. TFE, votre partenaire pour la d\u00e9coupe de t\u00f4le.\" \/>\n<meta property=\"og:url\" content=\"https:\/\/www.tfe-france.com\/fr\/tolerie-fine\/decoupe-laser\/\" \/>\n<meta property=\"og:site_name\" content=\"TFE\" \/>\n<meta property=\"article:modified_time\" content=\"2020-01-28T14:26:33+00:00\" \/>\n<meta name=\"twitter:card\" content=\"summary_large_image\" \/>\n<meta name=\"twitter:label1\" content=\"Dur\u00e9e de lecture estim\u00e9e\" \/>\n\t<meta name=\"twitter:data1\" content=\"8 minutes\" \/>\n<script type=\"application\/ld+json\" class=\"yoast-schema-graph\">{\"@context\":\"https:\/\/schema.org\",\"@graph\":[{\"@type\":\"WebPage\",\"@id\":\"https:\/\/www.tfe-france.com\/fr\/tolerie-fine\/decoupe-laser\/\",\"url\":\"https:\/\/www.tfe-france.com\/fr\/tolerie-fine\/decoupe-laser\/\",\"name\":\"D\u00e9coupe laser, D\u00e9coupe m\u00e9tal, aluminium, inox et acier - TFE\",\"isPartOf\":{\"@id\":\"https:\/\/www.tfe-france.com\/fr\/#website\"},\"datePublished\":\"2018-04-05T09:09:08+00:00\",\"dateModified\":\"2020-01-28T14:26:33+00:00\",\"description\":\"TFE est le sp\u00e9cialiste D\u00e9coupe Laser en Bretagne. Notre machine de d\u00e9coupe laser permet de r\u00e9aliser des d\u00e9coupes sur m\u00e9tal, aluminium, inox et acier. TFE, votre partenaire pour la d\u00e9coupe de t\u00f4le.\",\"breadcrumb\":{\"@id\":\"https:\/\/www.tfe-france.com\/fr\/tolerie-fine\/decoupe-laser\/#breadcrumb\"},\"inLanguage\":\"fr-FR\",\"potentialAction\":[{\"@type\":\"ReadAction\",\"target\":[\"https:\/\/www.tfe-france.com\/fr\/tolerie-fine\/decoupe-laser\/\"]}]},{\"@type\":\"BreadcrumbList\",\"@id\":\"https:\/\/www.tfe-france.com\/fr\/tolerie-fine\/decoupe-laser\/#breadcrumb\",\"itemListElement\":[{\"@type\":\"ListItem\",\"position\":1,\"name\":\"Accueil\",\"item\":\"https:\/\/www.tfe-france.com\/fr\/accueil-2\/\"},{\"@type\":\"ListItem\",\"position\":2,\"name\":\"T\u00f4lerie fine\",\"item\":\"https:\/\/www.tfe-france.com\/fr\/tolerie-fine\/\"},{\"@type\":\"ListItem\",\"position\":3,\"name\":\"D\u00e9coupe laser\"}]},{\"@type\":\"WebSite\",\"@id\":\"https:\/\/www.tfe-france.com\/fr\/#website\",\"url\":\"https:\/\/www.tfe-france.com\/fr\/\",\"name\":\"TFE\",\"description\":\"\",\"potentialAction\":[{\"@type\":\"SearchAction\",\"target\":{\"@type\":\"EntryPoint\",\"urlTemplate\":\"https:\/\/www.tfe-france.com\/fr\/?s={search_term_string}\"},\"query-input\":{\"@type\":\"PropertyValueSpecification\",\"valueRequired\":true,\"valueName\":\"search_term_string\"}}],\"inLanguage\":\"fr-FR\"}]}<\/script>\n<!-- \/ Yoast SEO plugin. -->","yoast_head_json":{"title":"D\u00e9coupe laser, D\u00e9coupe m\u00e9tal, aluminium, inox et acier - TFE","description":"TFE est le sp\u00e9cialiste D\u00e9coupe Laser en Bretagne. Notre machine de d\u00e9coupe laser permet de r\u00e9aliser des d\u00e9coupes sur m\u00e9tal, aluminium, inox et acier. TFE, votre partenaire pour la d\u00e9coupe de t\u00f4le.","robots":{"index":"index","follow":"follow","max-snippet":"max-snippet:-1","max-image-preview":"max-image-preview:large","max-video-preview":"max-video-preview:-1"},"canonical":"https:\/\/www.tfe-france.com\/fr\/tolerie-fine\/decoupe-laser\/","og_locale":"fr_FR","og_type":"article","og_title":"D\u00e9coupe laser, D\u00e9coupe m\u00e9tal, aluminium, inox et acier - TFE","og_description":"TFE est le sp\u00e9cialiste D\u00e9coupe Laser en Bretagne. Notre machine de d\u00e9coupe laser permet de r\u00e9aliser des d\u00e9coupes sur m\u00e9tal, aluminium, inox et acier. TFE, votre partenaire pour la d\u00e9coupe de t\u00f4le.","og_url":"https:\/\/www.tfe-france.com\/fr\/tolerie-fine\/decoupe-laser\/","og_site_name":"TFE","article_modified_time":"2020-01-28T14:26:33+00:00","twitter_card":"summary_large_image","twitter_misc":{"Dur\u00e9e de lecture estim\u00e9e":"8 minutes"},"schema":{"@context":"https:\/\/schema.org","@graph":[{"@type":"WebPage","@id":"https:\/\/www.tfe-france.com\/fr\/tolerie-fine\/decoupe-laser\/","url":"https:\/\/www.tfe-france.com\/fr\/tolerie-fine\/decoupe-laser\/","name":"D\u00e9coupe laser, D\u00e9coupe m\u00e9tal, aluminium, inox et acier - TFE","isPartOf":{"@id":"https:\/\/www.tfe-france.com\/fr\/#website"},"datePublished":"2018-04-05T09:09:08+00:00","dateModified":"2020-01-28T14:26:33+00:00","description":"TFE est le sp\u00e9cialiste D\u00e9coupe Laser en Bretagne. Notre machine de d\u00e9coupe laser permet de r\u00e9aliser des d\u00e9coupes sur m\u00e9tal, aluminium, inox et acier. TFE, votre partenaire pour la d\u00e9coupe de t\u00f4le.","breadcrumb":{"@id":"https:\/\/www.tfe-france.com\/fr\/tolerie-fine\/decoupe-laser\/#breadcrumb"},"inLanguage":"fr-FR","potentialAction":[{"@type":"ReadAction","target":["https:\/\/www.tfe-france.com\/fr\/tolerie-fine\/decoupe-laser\/"]}]},{"@type":"BreadcrumbList","@id":"https:\/\/www.tfe-france.com\/fr\/tolerie-fine\/decoupe-laser\/#breadcrumb","itemListElement":[{"@type":"ListItem","position":1,"name":"Accueil","item":"https:\/\/www.tfe-france.com\/fr\/accueil-2\/"},{"@type":"ListItem","position":2,"name":"T\u00f4lerie fine","item":"https:\/\/www.tfe-france.com\/fr\/tolerie-fine\/"},{"@type":"ListItem","position":3,"name":"D\u00e9coupe laser"}]},{"@type":"WebSite","@id":"https:\/\/www.tfe-france.com\/fr\/#website","url":"https:\/\/www.tfe-france.com\/fr\/","name":"TFE","description":"","potentialAction":[{"@type":"SearchAction","target":{"@type":"EntryPoint","urlTemplate":"https:\/\/www.tfe-france.com\/fr\/?s={search_term_string}"},"query-input":{"@type":"PropertyValueSpecification","valueRequired":true,"valueName":"search_term_string"}}],"inLanguage":"fr-FR"}]}},"_links":{"self":[{"href":"https:\/\/www.tfe-france.com\/fr\/wp-json\/wp\/v2\/pages\/3656","targetHints":{"allow":["GET"]}}],"collection":[{"href":"https:\/\/www.tfe-france.com\/fr\/wp-json\/wp\/v2\/pages"}],"about":[{"href":"https:\/\/www.tfe-france.com\/fr\/wp-json\/wp\/v2\/types\/page"}],"author":[{"embeddable":true,"href":"https:\/\/www.tfe-france.com\/fr\/wp-json\/wp\/v2\/users\/1"}],"replies":[{"embeddable":true,"href":"https:\/\/www.tfe-france.com\/fr\/wp-json\/wp\/v2\/comments?post=3656"}],"version-history":[{"count":53,"href":"https:\/\/www.tfe-france.com\/fr\/wp-json\/wp\/v2\/pages\/3656\/revisions"}],"predecessor-version":[{"id":5363,"href":"https:\/\/www.tfe-france.com\/fr\/wp-json\/wp\/v2\/pages\/3656\/revisions\/5363"}],"up":[{"embeddable":true,"href":"https:\/\/www.tfe-france.com\/fr\/wp-json\/wp\/v2\/pages\/3654"}],"wp:attachment":[{"href":"https:\/\/www.tfe-france.com\/fr\/wp-json\/wp\/v2\/media?parent=3656"}],"curies":[{"name":"wp","href":"https:\/\/api.w.org\/{rel}","templated":true}]}}