{"id":3658,"date":"2018-04-05T10:09:42","date_gmt":"2018-04-05T09:09:42","guid":{"rendered":"https:\/\/www.tfe-france.com\/?page_id=3658"},"modified":"2018-07-23T16:52:41","modified_gmt":"2018-07-23T15:52:41","slug":"poinconnage","status":"publish","type":"page","link":"https:\/\/www.tfe-france.com\/fr\/tolerie-fine\/poinconnage\/","title":{"rendered":"Poin\u00e7onnage"},"content":{"rendered":"<\/div><\/div><\/div><!-- close content main div --><\/div><\/div><div id='section-surmesure' class='avia-section main_color avia-section-default avia-no-border-styling avia-bg-style-scroll   container_wrap fullsize'   ><div class='container' ><div class='template-page content  av-content-full alpha units'><div class='post-entry post-entry-type-page post-entry-3658'><div class='entry-content-wrapper clearfix'>\n<div class=\"flex_column av_two_fifth  av-animated-generic left-to-right  flex_column_div av-zero-column-padding first  \" style='border-radius:0px; '><p><div class='avia-image-container  av-styling-no-styling     avia-align-center '  itemprop=\"ImageObject\" itemscope=\"itemscope\" itemtype=\"https:\/\/schema.org\/ImageObject\"  ><div class='avia-image-container-inner'><img class='avia_image ' src=\"data:image\/gif;base64,R0lGODdhAQABAPAAAP\/\/\/wAAACwAAAAAAQABAEACAkQBADs=\" data-lazy-src='https:\/\/www.tfe-france.com\/public\/uploads\/2018\/07\/pon\u00e7onnage.jpg' alt='Poin\u00e7onnage' title='Poin\u00e7onnage'   itemprop=\"thumbnailUrl\"  \/><noscript><img class='avia_image ' src='https:\/\/www.tfe-france.com\/public\/uploads\/2018\/07\/pon\u00e7onnage.jpg' alt='Poin\u00e7onnage' title='Poin\u00e7onnage'   itemprop=\"thumbnailUrl\"  \/><\/noscript><\/div><\/div><br \/>\n<div class='avia-button-wrap avia-button-left '><a href='\/contact\/' class='avia-button   avia-icon_select-no avia-color-theme-color avia-size-medium avia-position-left '   ><span class='avia_iconbox_title' >Demande de devis ?<\/span><\/a><\/div><br \/>\n<div style='height:30px' class='hr hr-invisible  '><span class='hr-inner ' ><span class='hr-inner-style'><\/span><\/span><\/div><br \/>\n<div style='padding-bottom:10px;color:#3c3c3b;font-size:25px;' class='av-special-heading av-special-heading-h3 custom-color-heading blockquote modern-quote   av-inherit-size '><h3 class='av-special-heading-tag '  itemprop=\"headline\"  >Moyens techniques<br \/>\nde poin\u00e7onnage.\/<\/h3><div class='special-heading-border'><div class='special-heading-inner-border' style='border-color:#3c3c3b'><\/div><\/div><\/div><br \/>\n<section class=\"av_textblock_section \"  itemscope=\"itemscope\" itemtype=\"https:\/\/schema.org\/CreativeWork\" ><div class='avia_textblock  av_inherit_color '  style='color:#3c3c3b; '  itemprop=\"text\" ><blockquote>\n<p><strong>Le combin\u00e9 laser FMC<\/strong><\/p>\n<\/blockquote>\n<\/div><\/section><br \/>\n<div class='avia-icon-list-container   '><ul class='avia-icon-list avia-icon-list-left av-iconlist-small avia_animate_when_almost_visible'>\n<li><div  class='iconlist_icon  avia-font-fontawesome'><span class='iconlist-char ' aria-hidden='true' data-av_icon='\uf00c' data-av_iconfont='fontawesome'><\/span><\/div><article class=\"article-icon-entry \"  itemscope=\"itemscope\" itemtype=\"https:\/\/schema.org\/CreativeWork\" ><div class='iconlist_content_wrap'><header class=\"entry-content-header\"><div class='av_iconlist_title iconlist_title_small  '  itemprop=\"headline\"  >Puissance<\/div><\/header><div class='iconlist_content  '  itemprop=\"text\"  ><p>3.2kw &#8211; 18 tonnes<\/p>\n<\/div><\/div><footer class=\"entry-footer\"><\/footer><\/article><div class='iconlist-timeline'><\/div><\/li>\n<li><div  class='iconlist_icon  avia-font-fontawesome'><span class='iconlist-char ' aria-hidden='true' data-av_icon='\uf00c' data-av_iconfont='fontawesome'><\/span><\/div><article class=\"article-icon-entry \"  itemscope=\"itemscope\" itemtype=\"https:\/\/schema.org\/CreativeWork\" ><div class='iconlist_content_wrap'><header class=\"entry-content-header\"><div class='av_iconlist_title iconlist_title_small  '  itemprop=\"headline\"  >Format table<\/div><\/header><div class='iconlist_content  '  itemprop=\"text\"  ><p>1 250mm x 2 500mm<\/p>\n<\/div><\/div><footer class=\"entry-footer\"><\/footer><\/article><div class='iconlist-timeline'><\/div><\/li>\n<li><div  class='iconlist_icon  avia-font-fontawesome'><span class='iconlist-char ' aria-hidden='true' data-av_icon='\uf00c' data-av_iconfont='fontawesome'><\/span><\/div><article class=\"article-icon-entry \"  itemscope=\"itemscope\" itemtype=\"https:\/\/schema.org\/CreativeWork\" ><div class='iconlist_content_wrap'><header class=\"entry-content-header\"><div class='av_iconlist_title iconlist_title_small  '  itemprop=\"headline\"  >\u00c9paisseur max.<\/div><\/header><div class='iconlist_content  '  itemprop=\"text\"  ><ul>\n<li><strong>Acier<\/strong> 6mm<\/li>\n<li><strong>Inox<\/strong>\u00a04mm<\/li>\n<li><strong>Alu<\/strong>\u00a06mm<\/li>\n<\/ul>\n<\/div><\/div><footer class=\"entry-footer\"><\/footer><\/article><div class='iconlist-timeline'><\/div><\/li>\n<li><div  class='iconlist_icon  avia-font-fontawesome'><span class='iconlist-char ' aria-hidden='true' data-av_icon='\uf00c' data-av_iconfont='fontawesome'><\/span><\/div><article class=\"article-icon-entry av-iconlist-empty\"  itemscope=\"itemscope\" itemtype=\"https:\/\/schema.org\/CreativeWork\" ><div class='iconlist_content_wrap'><header class=\"entry-content-header\"><div class='av_iconlist_title iconlist_title_small  '  itemprop=\"headline\"  >Taraudage, Fraisurage, Formage, Pliage automatique<\/div><\/header><div class='iconlist_content  '  itemprop=\"text\"  ><\/div><\/div><footer class=\"entry-footer\"><\/footer><\/article><div class='iconlist-timeline'><\/div><\/li>\n<\/ul><\/div><\/p><\/div><div class=\"flex_column av_three_fifth  av-animated-generic right-to-left  flex_column_div av-zero-column-padding   \" style='border-radius:0px; '><p><div style='padding-bottom:10px;color:#3c3c3b;font-size:55px;' class='av-special-heading av-special-heading-h2 custom-color-heading blockquote modern-quote   av-inherit-size '><h2 class='av-special-heading-tag '  itemprop=\"headline\"  >POIN\u00c7ONNAGE<\/h2><div class ='av-subheading av-subheading_below av_custom_color ' style='font-size:20px;'><p>TFE utilise un combin\u00e9 laser-poin\u00e7onnage pour la perforation, le formage et l\u2019emboutissage<\/p>\n<\/div><div class='special-heading-border'><div class='special-heading-inner-border' style='border-color:#3c3c3b'><\/div><\/div><\/div><br \/>\n<section class=\"av_textblock_section \"  itemscope=\"itemscope\" itemtype=\"https:\/\/schema.org\/CreativeWork\" ><div class='avia_textblock  av_inherit_color '  style='color:#2e2d2c; '  itemprop=\"text\" ><p><strong>La productivit\u00e9 du poin\u00e7onnage alli\u00e9e \u00e0 la souplesse du laser favorise la productivit\u00e9, un atout TFE.<\/strong><\/p>\n<p>Le <strong>poin\u00e7onnage industriel<\/strong> est adapt\u00e9 aux pi\u00e8ces fonctionnelles et g\u00e9om\u00e9triques qui n\u00e9cessitent d\u2019\u00eatre travaill\u00e9es ou ouvrag\u00e9es dans l\u2019\u00e9paisseur du m\u00e9tal. Le <strong>poin\u00e7onnage de pr\u00e9cision<\/strong> pour l\u2019inox, l\u2019aluminium et l\u2019acier s\u2019effectue en emporte-pi\u00e8ce par poin\u00e7on-matrice, technique plus rapide et <strong>plus \u00e9conomique que le per\u00e7age classique.<\/strong><\/p>\n<p>TFE utilise un <strong>combin\u00e9 laser-poin\u00e7onnage<\/strong> pour traiter des \u00e9paisseurs jusqu\u2019\u00e0 6mm avec une puissance maximum de 18 tonnes pour des plaques allant jusqu\u2019\u00e0 2.5m.<\/p>\n<p>Une t\u00f4le perfor\u00e9e de nombreux trous sera r\u00e9alis\u00e9e par poin\u00e7onnage pour \u00eatre <strong>fabriqu\u00e9e en s\u00e9rie<\/strong> afin de <strong>ma\u00eetriser les co\u00fbts de production<\/strong>.<\/p>\n<p>La d\u00e9coupe \u00e0 froid de la t\u00f4le par un poin\u00e7on permet de cisailler pr\u00e9cis\u00e9ment des formes complexes et de perforer la mati\u00e8re en multiples endroits et de diff\u00e9rentes mani\u00e8res.<br \/>\nL\u2019<strong>emboutissage hydraulique<\/strong> donne une nouvelle forme \u00e0 la pi\u00e8ce de m\u00e9tal pour la fa\u00e7onner au relief souhait\u00e9.<\/p>\n<p>TFE vous accompagne dans le <strong>choix du process<\/strong> et des <strong>outils \u00e0 privil\u00e9gier<\/strong> selon l\u2019usage final du produit et les quantit\u00e9s demand\u00e9es.<\/p>\n<\/div><\/section><br \/>\n<div  class='avia-video avia-video-16-9   '  itemprop=\"video\" itemtype=\"https:\/\/schema.org\/VideoObject\" ><div class='avia-iframe-wrap'><iframe loading=\"lazy\" width=\"1500\" height=\"844\" src=\"https:\/\/www.youtube.com\/embed\/ltPSPXFdcl8?feature=oembed\" frameborder=\"0\" allow=\"autoplay; encrypted-media\" allowfullscreen><\/iframe><\/div><\/div><\/p><\/div><div  class='hr hr-default  '><span class='hr-inner ' ><span class='hr-inner-style'><\/span><\/span><\/div>\n<div class=\"flex_column av_two_fifth  flex_column_div av-zero-column-padding first  \" style='border-radius:0px; '><p><div style='height:10px' class='hr hr-invisible  av-medium-hide av-small-hide av-mini-hide  '><span class='hr-inner ' ><span class='hr-inner-style'><\/span><\/span><\/div><br \/>\n<div  data-size='no scaling'  data-lightbox_size='large'  data-animation='slide'  data-ids='4669,4674,4670,4748,4671'  data-video_counter='0'  data-autoplay='false'  data-bg_slider='false'  data-slide_height=''  data-handle='av_slideshow'  data-interval='5'  data-class='  '  data-css_id=''  data-scroll_down=''  data-control_layout='av-control-default'  data-custom_markup=''  data-perma_caption=''  data-autoplay_stopper=''  data-image_attachment=''  data-min_height='0px'  class='avia-slideshow avia-slideshow-1  av-control-default av-default-height-applied avia-slideshow-no scaling av_slideshow    avia-slide-slider '  itemprop=\"ImageObject\" itemscope=\"itemscope\" itemtype=\"https:\/\/schema.org\/ImageObject\" ><ul class='avia-slideshow-inner' style='padding-bottom: 38.888888888889%;'><li  class=' slide-1 ' ><div data-rel='slideshow-1' class='avia-slide-wrap'  ><img src=\"data:image\/gif;base64,R0lGODdhAQABAPAAAP\/\/\/wAAACwAAAAAAQABAEACAkQBADs=\" data-lazy-src='https:\/\/www.tfe-france.com\/public\/uploads\/2018\/07\/5.jpg' width='1800' height='700' title='D\u00e9coupe laser' alt='D\u00e9coupe laser'  itemprop=\"thumbnailUrl\"   \/><noscript><img src='https:\/\/www.tfe-france.com\/public\/uploads\/2018\/07\/5.jpg' width='1800' height='700' title='D\u00e9coupe laser' alt='D\u00e9coupe laser'  itemprop=\"thumbnailUrl\"   \/><\/noscript><\/div><\/li><li  class=' slide-2 ' ><div data-rel='slideshow-1' class='avia-slide-wrap'  ><img src=\"data:image\/gif;base64,R0lGODdhAQABAPAAAP\/\/\/wAAACwAAAAAAQABAEACAkQBADs=\" data-lazy-src='https:\/\/www.tfe-france.com\/public\/uploads\/2018\/07\/pon\u00e7onnage.jpg' width='1800' height='700' title='Poin\u00e7onnage' alt='Poin\u00e7onnage'  itemprop=\"thumbnailUrl\"   \/><noscript><img src='https:\/\/www.tfe-france.com\/public\/uploads\/2018\/07\/pon\u00e7onnage.jpg' width='1800' height='700' title='Poin\u00e7onnage' alt='Poin\u00e7onnage'  itemprop=\"thumbnailUrl\"   \/><\/noscript><\/div><\/li><li  class=' slide-3 ' ><div data-rel='slideshow-1' class='avia-slide-wrap'  ><img src=\"data:image\/gif;base64,R0lGODdhAQABAPAAAP\/\/\/wAAACwAAAAAAQABAEACAkQBADs=\" data-lazy-src='https:\/\/www.tfe-france.com\/public\/uploads\/2018\/07\/reglage_laser_machine.jpg' width='1800' height='700' title='D\u00e9coupe laser' alt='Machine de D\u00e9coupe laser'  itemprop=\"thumbnailUrl\"   \/><noscript><img src='https:\/\/www.tfe-france.com\/public\/uploads\/2018\/07\/reglage_laser_machine.jpg' width='1800' height='700' title='D\u00e9coupe laser' alt='Machine de D\u00e9coupe laser'  itemprop=\"thumbnailUrl\"   \/><\/noscript><\/div><\/li><li  class=' slide-4 ' ><div data-rel='slideshow-1' class='avia-slide-wrap' title='Alliance de la technologie poin\u00e7onnage avec la technologie laser' ><img src=\"data:image\/gif;base64,R0lGODdhAQABAPAAAP\/\/\/wAAACwAAAAAAQABAEACAkQBADs=\" data-lazy-src='https:\/\/www.tfe-france.com\/public\/uploads\/2018\/07\/2.jpg' width='963' height='606' title='Poin\u00e7onnage avec combin\u00e9 laser' alt='Poin\u00e7onnage avec combin\u00e9 laser'  itemprop=\"thumbnailUrl\"   \/><noscript><img src='https:\/\/www.tfe-france.com\/public\/uploads\/2018\/07\/2.jpg' width='963' height='606' title='Poin\u00e7onnage avec combin\u00e9 laser' alt='Poin\u00e7onnage avec combin\u00e9 laser'  itemprop=\"thumbnailUrl\"   \/><\/noscript><\/div><\/li><li  class=' slide-5 ' ><div data-rel='slideshow-1' class='avia-slide-wrap' title='D\u00e9coupe laser apr\u00e8s poin\u00e7onnage' ><img src=\"data:image\/gif;base64,R0lGODdhAQABAPAAAP\/\/\/wAAACwAAAAAAQABAEACAkQBADs=\" data-lazy-src='https:\/\/www.tfe-france.com\/public\/uploads\/2018\/07\/laser.jpg' width='1800' height='700' title='D\u00e9coupe laser' alt='D\u00e9coupe laser'  itemprop=\"thumbnailUrl\"   \/><noscript><img src='https:\/\/www.tfe-france.com\/public\/uploads\/2018\/07\/laser.jpg' width='1800' height='700' title='D\u00e9coupe laser' alt='D\u00e9coupe laser'  itemprop=\"thumbnailUrl\"   \/><\/noscript><\/div><\/li><\/ul><div class='avia-slideshow-arrows avia-slideshow-controls'><a href='#prev' class='prev-slide' aria-hidden='true' data-av_icon='\ue87c' data-av_iconfont='entypo-fontello'>Pr\u00e9c\u00e9dent<\/a><a href='#next' class='next-slide' aria-hidden='true' data-av_icon='\ue87d' data-av_iconfont='entypo-fontello'>Suivant<\/a><\/div><div class='avia-slideshow-dots avia-slideshow-controls'><a href='#1' class='goto-slide active' >1<\/a><a href='#2' class='goto-slide ' >2<\/a><a href='#3' class='goto-slide ' >3<\/a><a href='#4' class='goto-slide ' >4<\/a><a href='#5' class='goto-slide ' >5<\/a><\/div><\/div><\/p><\/div><div class=\"flex_column av_three_fifth  flex_column_div av-zero-column-padding   \" style='border-radius:0px; '><p><div style='padding-bottom:10px;color:#3c3c3b;font-size:55px;' class='av-special-heading av-special-heading-h3 custom-color-heading blockquote modern-quote   av-inherit-size '><h3 class='av-special-heading-tag '  itemprop=\"headline\"  >Une production souple<\/h3><div class ='av-subheading av-subheading_below av_custom_color ' style='font-size:20px;'><p>et ma\u00eetris\u00e9e<\/p>\n<\/div><div class='special-heading-border'><div class='special-heading-inner-border' style='border-color:#3c3c3b'><\/div><\/div><\/div><br \/>\n<section class=\"av_textblock_section \"  itemscope=\"itemscope\" itemtype=\"https:\/\/schema.org\/CreativeWork\" ><div class='avia_textblock  av_inherit_color '  style='color:#2e2d2c; '  itemprop=\"text\" ><p><strong>La performance des proc\u00e9d\u00e9s TFE permettent une grande souplesse dans la gestion de la production.<\/strong><\/p>\n<p>Les technologies de formage, d\u00e9coupage, fraisurage et taraudage utilis\u00e9es sur le<strong> combin\u00e9 laser-poin\u00e7onnage<\/strong> garantissent des pi\u00e8ces de qualit\u00e9 r\u00e9alis\u00e9es dans les <strong>meilleurs d\u00e9lais<\/strong>.<\/p>\n<p>Les process TFE sont automatis\u00e9s et s\u2019adaptent \u00e0<strong> tous les m\u00e9taux, inox, acier, aluminium<\/strong>.<\/p>\n<p>Les param\u00e8tres de fabrication mis en \u0153uvre par interface num\u00e9rique optimisent la production et fiabilisent les contr\u00f4les.<br \/>\nLe<strong> bureau des m\u00e9thodes<\/strong> conseille les clients sur les proc\u00e9d\u00e9s \u00e0 utiliser, <strong>poin\u00e7onnage<\/strong>, <strong>d\u00e9coupe laser<\/strong> ou <strong>technique combin\u00e9e<\/strong> pour r\u00e9duire les co\u00fbts de production et les d\u00e9lais.<\/p>\n<p>Les op\u00e9rateurs TFE, tous professionnels de la chaudronnerie fine et industrielle, sont form\u00e9s \u00e0 l\u2019utilisation des diff\u00e9rentes machines, cette polyvalence facilite la<strong> flexibilit\u00e9<\/strong>.<\/p>\n<\/div><\/section><\/p><\/div>\n","protected":false},"excerpt":{"rendered":"","protected":false},"author":1,"featured_media":0,"parent":3654,"menu_order":0,"comment_status":"closed","ping_status":"closed","template":"","meta":{"footnotes":""},"class_list":["post-3658","page","type-page","status-publish","hentry"],"yoast_head":"<!-- This site is optimized with the Yoast SEO plugin v25.7 - https:\/\/yoast.com\/wordpress\/plugins\/seo\/ -->\n<title>Poin\u00e7onnage de t\u00f4le, Poin\u00e7onnage industriel - TFE<\/title>\n<meta name=\"description\" content=\"TFE est votre partenaire pour le poin\u00e7onnage de t\u00f4le ou poin\u00e7onnage industriel. Alternative et compl\u00e9ment \u00e0 la d\u00e9coupe laser, TFE propose des solutions adapt\u00e9es pour le per\u00e7age de vos t\u00f4les.\" \/>\n<meta name=\"robots\" content=\"index, follow, max-snippet:-1, max-image-preview:large, max-video-preview:-1\" \/>\n<link rel=\"canonical\" href=\"https:\/\/www.tfe-france.com\/fr\/tolerie-fine\/poinconnage\/\" \/>\n<meta property=\"og:locale\" content=\"fr_FR\" \/>\n<meta property=\"og:type\" content=\"article\" \/>\n<meta property=\"og:title\" content=\"Poin\u00e7onnage de t\u00f4le, Poin\u00e7onnage industriel - TFE\" \/>\n<meta property=\"og:description\" content=\"TFE est votre partenaire pour le poin\u00e7onnage de t\u00f4le ou poin\u00e7onnage industriel. Alternative et compl\u00e9ment \u00e0 la d\u00e9coupe laser, TFE propose des solutions adapt\u00e9es pour le per\u00e7age de vos t\u00f4les.\" \/>\n<meta property=\"og:url\" content=\"https:\/\/www.tfe-france.com\/fr\/tolerie-fine\/poinconnage\/\" \/>\n<meta property=\"og:site_name\" content=\"TFE\" \/>\n<meta property=\"article:modified_time\" content=\"2018-07-23T15:52:41+00:00\" \/>\n<meta name=\"twitter:card\" content=\"summary_large_image\" \/>\n<meta name=\"twitter:label1\" content=\"Dur\u00e9e de lecture estim\u00e9e\" \/>\n\t<meta name=\"twitter:data1\" content=\"8 minutes\" \/>\n<script type=\"application\/ld+json\" class=\"yoast-schema-graph\">{\"@context\":\"https:\/\/schema.org\",\"@graph\":[{\"@type\":\"WebPage\",\"@id\":\"https:\/\/www.tfe-france.com\/fr\/tolerie-fine\/poinconnage\/\",\"url\":\"https:\/\/www.tfe-france.com\/fr\/tolerie-fine\/poinconnage\/\",\"name\":\"Poin\u00e7onnage de t\u00f4le, Poin\u00e7onnage industriel - TFE\",\"isPartOf\":{\"@id\":\"https:\/\/www.tfe-france.com\/fr\/#website\"},\"datePublished\":\"2018-04-05T09:09:42+00:00\",\"dateModified\":\"2018-07-23T15:52:41+00:00\",\"description\":\"TFE est votre partenaire pour le poin\u00e7onnage de t\u00f4le ou poin\u00e7onnage industriel. Alternative et compl\u00e9ment \u00e0 la d\u00e9coupe laser, TFE propose des solutions adapt\u00e9es pour le per\u00e7age de vos t\u00f4les.\",\"breadcrumb\":{\"@id\":\"https:\/\/www.tfe-france.com\/fr\/tolerie-fine\/poinconnage\/#breadcrumb\"},\"inLanguage\":\"fr-FR\",\"potentialAction\":[{\"@type\":\"ReadAction\",\"target\":[\"https:\/\/www.tfe-france.com\/fr\/tolerie-fine\/poinconnage\/\"]}]},{\"@type\":\"BreadcrumbList\",\"@id\":\"https:\/\/www.tfe-france.com\/fr\/tolerie-fine\/poinconnage\/#breadcrumb\",\"itemListElement\":[{\"@type\":\"ListItem\",\"position\":1,\"name\":\"Accueil\",\"item\":\"https:\/\/www.tfe-france.com\/fr\/accueil-2\/\"},{\"@type\":\"ListItem\",\"position\":2,\"name\":\"T\u00f4lerie fine\",\"item\":\"https:\/\/www.tfe-france.com\/fr\/tolerie-fine\/\"},{\"@type\":\"ListItem\",\"position\":3,\"name\":\"Poin\u00e7onnage\"}]},{\"@type\":\"WebSite\",\"@id\":\"https:\/\/www.tfe-france.com\/fr\/#website\",\"url\":\"https:\/\/www.tfe-france.com\/fr\/\",\"name\":\"TFE\",\"description\":\"\",\"potentialAction\":[{\"@type\":\"SearchAction\",\"target\":{\"@type\":\"EntryPoint\",\"urlTemplate\":\"https:\/\/www.tfe-france.com\/fr\/?s={search_term_string}\"},\"query-input\":{\"@type\":\"PropertyValueSpecification\",\"valueRequired\":true,\"valueName\":\"search_term_string\"}}],\"inLanguage\":\"fr-FR\"}]}<\/script>\n<!-- \/ Yoast SEO plugin. -->","yoast_head_json":{"title":"Poin\u00e7onnage de t\u00f4le, Poin\u00e7onnage industriel - TFE","description":"TFE est votre partenaire pour le poin\u00e7onnage de t\u00f4le ou poin\u00e7onnage industriel. Alternative et compl\u00e9ment \u00e0 la d\u00e9coupe laser, TFE propose des solutions adapt\u00e9es pour le per\u00e7age de vos t\u00f4les.","robots":{"index":"index","follow":"follow","max-snippet":"max-snippet:-1","max-image-preview":"max-image-preview:large","max-video-preview":"max-video-preview:-1"},"canonical":"https:\/\/www.tfe-france.com\/fr\/tolerie-fine\/poinconnage\/","og_locale":"fr_FR","og_type":"article","og_title":"Poin\u00e7onnage de t\u00f4le, Poin\u00e7onnage industriel - TFE","og_description":"TFE est votre partenaire pour le poin\u00e7onnage de t\u00f4le ou poin\u00e7onnage industriel. Alternative et compl\u00e9ment \u00e0 la d\u00e9coupe laser, TFE propose des solutions adapt\u00e9es pour le per\u00e7age de vos t\u00f4les.","og_url":"https:\/\/www.tfe-france.com\/fr\/tolerie-fine\/poinconnage\/","og_site_name":"TFE","article_modified_time":"2018-07-23T15:52:41+00:00","twitter_card":"summary_large_image","twitter_misc":{"Dur\u00e9e de lecture estim\u00e9e":"8 minutes"},"schema":{"@context":"https:\/\/schema.org","@graph":[{"@type":"WebPage","@id":"https:\/\/www.tfe-france.com\/fr\/tolerie-fine\/poinconnage\/","url":"https:\/\/www.tfe-france.com\/fr\/tolerie-fine\/poinconnage\/","name":"Poin\u00e7onnage de t\u00f4le, Poin\u00e7onnage industriel - TFE","isPartOf":{"@id":"https:\/\/www.tfe-france.com\/fr\/#website"},"datePublished":"2018-04-05T09:09:42+00:00","dateModified":"2018-07-23T15:52:41+00:00","description":"TFE est votre partenaire pour le poin\u00e7onnage de t\u00f4le ou poin\u00e7onnage industriel. Alternative et compl\u00e9ment \u00e0 la d\u00e9coupe laser, TFE propose des solutions adapt\u00e9es pour le per\u00e7age de vos t\u00f4les.","breadcrumb":{"@id":"https:\/\/www.tfe-france.com\/fr\/tolerie-fine\/poinconnage\/#breadcrumb"},"inLanguage":"fr-FR","potentialAction":[{"@type":"ReadAction","target":["https:\/\/www.tfe-france.com\/fr\/tolerie-fine\/poinconnage\/"]}]},{"@type":"BreadcrumbList","@id":"https:\/\/www.tfe-france.com\/fr\/tolerie-fine\/poinconnage\/#breadcrumb","itemListElement":[{"@type":"ListItem","position":1,"name":"Accueil","item":"https:\/\/www.tfe-france.com\/fr\/accueil-2\/"},{"@type":"ListItem","position":2,"name":"T\u00f4lerie fine","item":"https:\/\/www.tfe-france.com\/fr\/tolerie-fine\/"},{"@type":"ListItem","position":3,"name":"Poin\u00e7onnage"}]},{"@type":"WebSite","@id":"https:\/\/www.tfe-france.com\/fr\/#website","url":"https:\/\/www.tfe-france.com\/fr\/","name":"TFE","description":"","potentialAction":[{"@type":"SearchAction","target":{"@type":"EntryPoint","urlTemplate":"https:\/\/www.tfe-france.com\/fr\/?s={search_term_string}"},"query-input":{"@type":"PropertyValueSpecification","valueRequired":true,"valueName":"search_term_string"}}],"inLanguage":"fr-FR"}]}},"_links":{"self":[{"href":"https:\/\/www.tfe-france.com\/fr\/wp-json\/wp\/v2\/pages\/3658","targetHints":{"allow":["GET"]}}],"collection":[{"href":"https:\/\/www.tfe-france.com\/fr\/wp-json\/wp\/v2\/pages"}],"about":[{"href":"https:\/\/www.tfe-france.com\/fr\/wp-json\/wp\/v2\/types\/page"}],"author":[{"embeddable":true,"href":"https:\/\/www.tfe-france.com\/fr\/wp-json\/wp\/v2\/users\/1"}],"replies":[{"embeddable":true,"href":"https:\/\/www.tfe-france.com\/fr\/wp-json\/wp\/v2\/comments?post=3658"}],"version-history":[{"count":20,"href":"https:\/\/www.tfe-france.com\/fr\/wp-json\/wp\/v2\/pages\/3658\/revisions"}],"predecessor-version":[{"id":5124,"href":"https:\/\/www.tfe-france.com\/fr\/wp-json\/wp\/v2\/pages\/3658\/revisions\/5124"}],"up":[{"embeddable":true,"href":"https:\/\/www.tfe-france.com\/fr\/wp-json\/wp\/v2\/pages\/3654"}],"wp:attachment":[{"href":"https:\/\/www.tfe-france.com\/fr\/wp-json\/wp\/v2\/media?parent=3658"}],"curies":[{"name":"wp","href":"https:\/\/api.w.org\/{rel}","templated":true}]}}