{"id":3662,"date":"2018-04-05T10:10:10","date_gmt":"2018-04-05T09:10:10","guid":{"rendered":"https:\/\/www.tfe-france.com\/?page_id=3662"},"modified":"2018-07-23T16:23:03","modified_gmt":"2018-07-23T15:23:03","slug":"soudures-assemblage","status":"publish","type":"page","link":"https:\/\/www.tfe-france.com\/fr\/tolerie-fine\/soudures-assemblage\/","title":{"rendered":"Soudures &#8211; Assemblage"},"content":{"rendered":"<\/div><\/div><\/div><!-- close content main div --><\/div><\/div><div id='section-surmesure' class='avia-section main_color avia-section-default avia-no-border-styling avia-bg-style-scroll   container_wrap fullsize'   ><div class='container' ><div class='template-page content  av-content-full alpha units'><div class='post-entry post-entry-type-page post-entry-3662'><div class='entry-content-wrapper clearfix'>\n<div class=\"flex_column av_two_fifth  av-animated-generic left-to-right  flex_column_div av-zero-column-padding first  \" style='border-radius:0px; '><p><div class='avia-image-container  av-styling-     avia-align-center '  itemprop=\"ImageObject\" itemscope=\"itemscope\" itemtype=\"https:\/\/schema.org\/ImageObject\"  ><div class='avia-image-container-inner'><img class='avia_image ' src=\"data:image\/gif;base64,R0lGODdhAQABAPAAAP\/\/\/wAAACwAAAAAAQABAEACAkQBADs=\" data-lazy-src='https:\/\/www.tfe-france.com\/public\/uploads\/2018\/07\/soudure_table_2.jpg' alt='soudure' title='Soudure'   itemprop=\"thumbnailUrl\"  \/><noscript><img class='avia_image ' src='https:\/\/www.tfe-france.com\/public\/uploads\/2018\/07\/soudure_table_2.jpg' alt='soudure' title='Soudure'   itemprop=\"thumbnailUrl\"  \/><\/noscript><\/div><\/div><br \/>\n<div class='avia-button-wrap avia-button-left  '><a href='\/contact\/' class='avia-button   avia-icon_select-no avia-color-theme-color avia-size-medium avia-position-left '   ><span class='avia_iconbox_title' >Demande de devis ?<\/span><\/a><\/div><br \/>\n<div style='height:30px' class='hr hr-invisible  '><span class='hr-inner ' ><span class='hr-inner-style'><\/span><\/span><\/div><br \/>\n<div style='padding-bottom:10px;color:#3c3c3b;font-size:25px;' class='av-special-heading av-special-heading-h3 custom-color-heading blockquote modern-quote   av-inherit-size '><h3 class='av-special-heading-tag '  itemprop=\"headline\"  >Moyens techniques<br \/>\nde soudures et d\u2019assemblage.\/<\/h3><div class='special-heading-border'><div class='special-heading-inner-border' style='border-color:#3c3c3b'><\/div><\/div><\/div><br \/>\n<div class='avia-icon-list-container   '><ul class='avia-icon-list avia-icon-list-left av-iconlist-small avia_animate_when_almost_visible'>\n<li><div  class='iconlist_icon  avia-font-fontawesome'><span class='iconlist-char ' aria-hidden='true' data-av_icon='\uf00c' data-av_iconfont='fontawesome'><\/span><\/div><article class=\"article-icon-entry \"  itemscope=\"itemscope\" itemtype=\"https:\/\/schema.org\/CreativeWork\" ><div class='iconlist_content_wrap'><header class=\"entry-content-header\"><div class='av_iconlist_title iconlist_title_small  '  itemprop=\"headline\"  >4 soudeuses par point <\/div><\/header><div class='iconlist_content  '  itemprop=\"text\"  ><p>acier, alu et inox<\/p>\n<\/div><\/div><footer class=\"entry-footer\"><\/footer><\/article><div class='iconlist-timeline'><\/div><\/li>\n<li><div  class='iconlist_icon  avia-font-fontawesome'><span class='iconlist-char ' aria-hidden='true' data-av_icon='\uf00c' data-av_iconfont='fontawesome'><\/span><\/div><article class=\"article-icon-entry \"  itemscope=\"itemscope\" itemtype=\"https:\/\/schema.org\/CreativeWork\" ><div class='iconlist_content_wrap'><header class=\"entry-content-header\"><div class='av_iconlist_title iconlist_title_small  '  itemprop=\"headline\"  >4 postes de soudure<\/div><\/header><div class='iconlist_content  '  itemprop=\"text\"  ><p><span style=\"font-family: Arial, serif;\">MIG et MAG<\/span><\/p>\n<\/div><\/div><footer class=\"entry-footer\"><\/footer><\/article><div class='iconlist-timeline'><\/div><\/li>\n<li><div  class='iconlist_icon  avia-font-fontawesome'><span class='iconlist-char ' aria-hidden='true' data-av_icon='\uf00c' data-av_iconfont='fontawesome'><\/span><\/div><article class=\"article-icon-entry \"  itemscope=\"itemscope\" itemtype=\"https:\/\/schema.org\/CreativeWork\" ><div class='iconlist_content_wrap'><header class=\"entry-content-header\"><div class='av_iconlist_title iconlist_title_small  '  itemprop=\"headline\"  >4 postes de soudure<\/div><\/header><div class='iconlist_content  '  itemprop=\"text\"  ><p><span style=\"font-family: Arial, serif;\">TIG<\/span><\/p>\n<\/div><\/div><footer class=\"entry-footer\"><\/footer><\/article><div class='iconlist-timeline'><\/div><\/li>\n<li><div  class='iconlist_icon  avia-font-fontawesome'><span class='iconlist-char ' aria-hidden='true' data-av_icon='\uf00c' data-av_iconfont='fontawesome'><\/span><\/div><article class=\"article-icon-entry av-iconlist-empty\"  itemscope=\"itemscope\" itemtype=\"https:\/\/schema.org\/CreativeWork\" ><div class='iconlist_content_wrap'><header class=\"entry-content-header\"><div class='av_iconlist_title iconlist_title_small  '  itemprop=\"headline\"  >Rivetage<\/div><\/header><div class='iconlist_content  '  itemprop=\"text\"  ><\/div><\/div><footer class=\"entry-footer\"><\/footer><\/article><div class='iconlist-timeline'><\/div><\/li>\n<li><div  class='iconlist_icon  avia-font-fontawesome'><span class='iconlist-char ' aria-hidden='true' data-av_icon='\uf00c' data-av_iconfont='fontawesome'><\/span><\/div><article class=\"article-icon-entry av-iconlist-empty\"  itemscope=\"itemscope\" itemtype=\"https:\/\/schema.org\/CreativeWork\" ><div class='iconlist_content_wrap'><header class=\"entry-content-header\"><div class='av_iconlist_title iconlist_title_small  '  itemprop=\"headline\"  >Sertissage semi-automatique, \u00e9crous, goujons et colonnettes<\/div><\/header><div class='iconlist_content  '  itemprop=\"text\"  ><\/div><\/div><footer class=\"entry-footer\"><\/footer><\/article><div class='iconlist-timeline'><\/div><\/li>\n<\/ul><\/div><\/p><\/div><div class=\"flex_column av_three_fifth  av-animated-generic right-to-left  flex_column_div av-zero-column-padding   \" style='border-radius:0px; '><p><div style='padding-bottom:10px;color:#3c3c3b;font-size:55px;' class='av-special-heading av-special-heading-h2 custom-color-heading blockquote modern-quote   av-inherit-size '><h2 class='av-special-heading-tag '  itemprop=\"headline\"  >Soudures et Assemblage<\/h2><div class ='av-subheading av-subheading_below av_custom_color ' style='font-size:20px;'><p>Les ensembles m\u00e9cano-soud\u00e9s sont r\u00e9alis\u00e9s dans les ateliers de TFE<\/p>\n<\/div><div class='special-heading-border'><div class='special-heading-inner-border' style='border-color:#3c3c3b'><\/div><\/div><\/div><br \/>\n<section class=\"av_textblock_section \"  itemscope=\"itemscope\" itemtype=\"https:\/\/schema.org\/CreativeWork\" ><div class='avia_textblock  av_inherit_color '  style='color:#2e2d2c; '  itemprop=\"text\" ><p><strong>L\u2019internalisation des diff\u00e9rents postes de soudures et d\u2019assemblage permet \u00e0 TFE de ma\u00eetriser l\u2019ensemble de la cha\u00eene de production.<\/strong><\/p>\n<p>Le soudage permet d\u2019assembler une grande vari\u00e9t\u00e9 de t\u00f4les. Selon la destination de la pi\u00e8ce et la qualit\u00e9 de finition souhait\u00e9e, TFE conseille ses clients sur le proc\u00e9d\u00e9 \u00e0 utiliser.<\/p>\n<p>Le <strong>soudage TIG<\/strong> (Tungsten Inert Gas), est plus fin et offre des qualit\u00e9s esth\u00e9tiques.<br \/>\nLes <strong>soudures MIG<\/strong> (M\u00e9tal Inert Gas) et MAG (M\u00e9tal Active Gas), sont plus rapides et offrent une plus grande tenue m\u00e9canique.<br \/>\nLes <strong>soudures TIG et MIG<\/strong> sont utilis\u00e9es pour l\u2019inox et l\u2019aluminium. Les soudures TIG et MAG privil\u00e9gi\u00e9es pour l\u2019acier.<\/p>\n<p>Les soudeurs de TFE sont qualifi\u00e9s sous licences, ce qui leur permet de souder sur acier, inox et alu.<\/p>\n<\/div><\/section><br \/>\n<div  class='avia-video avia-video-16-9   '  itemprop=\"video\" itemtype=\"https:\/\/schema.org\/VideoObject\" ><div class='avia-iframe-wrap'><iframe loading=\"lazy\" width=\"1500\" height=\"844\" src=\"https:\/\/www.youtube.com\/embed\/7rZi-1yAMhI?feature=oembed\" frameborder=\"0\" allow=\"autoplay; encrypted-media\" allowfullscreen><\/iframe><\/div><\/div><\/p><\/div><div  class='hr hr-default  '><span class='hr-inner ' ><span class='hr-inner-style'><\/span><\/span><\/div>\n<div class=\"flex_column av_two_fifth  flex_column_div av-zero-column-padding first  \" style='border-radius:0px; '><p><div  class='hr hr-default  '><span class='hr-inner ' ><span class='hr-inner-style'><\/span><\/span><\/div><br \/>\n<div  data-size='no scaling'  data-lightbox_size='large'  data-animation='slide'  data-ids='4681,4682,5050'  data-video_counter='0'  data-autoplay='false'  data-bg_slider='false'  data-slide_height=''  data-handle='av_slideshow'  data-interval='5'  data-class='  '  data-css_id=''  data-scroll_down=''  data-control_layout='av-control-default'  data-custom_markup=''  data-perma_caption=''  data-autoplay_stopper=''  data-image_attachment=''  data-min_height='0px'  class='avia-slideshow avia-slideshow-1  av-control-default av-default-height-applied avia-slideshow-no scaling av_slideshow    avia-slide-slider '  itemprop=\"ImageObject\" itemscope=\"itemscope\" itemtype=\"https:\/\/schema.org\/ImageObject\" ><ul class='avia-slideshow-inner' style='padding-bottom: 66.688102893891%;'><li  class=' slide-1 ' ><div data-rel='slideshow-1' class='avia-slide-wrap'  ><img src=\"data:image\/gif;base64,R0lGODdhAQABAPAAAP\/\/\/wAAACwAAAAAAQABAEACAkQBADs=\" data-lazy-src='https:\/\/www.tfe-france.com\/public\/uploads\/2018\/07\/soudure_table.jpg' width='1555' height='1037' title='Soudure' alt='Soudure d&#039;une table'  itemprop=\"thumbnailUrl\"   \/><noscript><img src='https:\/\/www.tfe-france.com\/public\/uploads\/2018\/07\/soudure_table.jpg' width='1555' height='1037' title='Soudure' alt='Soudure d&#039;une table'  itemprop=\"thumbnailUrl\"   \/><\/noscript><\/div><\/li><li  class=' slide-2 ' ><div data-rel='slideshow-1' class='avia-slide-wrap' title='Soudure MIG sur un cadre tubulaire' ><img src=\"data:image\/gif;base64,R0lGODdhAQABAPAAAP\/\/\/wAAACwAAAAAAQABAEACAkQBADs=\" data-lazy-src='https:\/\/www.tfe-france.com\/public\/uploads\/2018\/07\/soudure_table_2.jpg' width='1555' height='1037' title='Soudure' alt='soudure'  itemprop=\"thumbnailUrl\"   \/><noscript><img src='https:\/\/www.tfe-france.com\/public\/uploads\/2018\/07\/soudure_table_2.jpg' width='1555' height='1037' title='Soudure' alt='soudure'  itemprop=\"thumbnailUrl\"   \/><\/noscript><\/div><\/li><li  class=' slide-3 ' ><div data-rel='slideshow-1' class='avia-slide-wrap'  ><img src=\"data:image\/gif;base64,R0lGODdhAQABAPAAAP\/\/\/wAAACwAAAAAAQABAEACAkQBADs=\" data-lazy-src='https:\/\/www.tfe-france.com\/public\/uploads\/2018\/07\/assemblage.jpg' width='1555' height='1037' title='assemblage soudure' alt='assemblage soudure'  itemprop=\"thumbnailUrl\"   \/><noscript><img src='https:\/\/www.tfe-france.com\/public\/uploads\/2018\/07\/assemblage.jpg' width='1555' height='1037' title='assemblage soudure' alt='assemblage soudure'  itemprop=\"thumbnailUrl\"   \/><\/noscript><\/div><\/li><\/ul><div class='avia-slideshow-arrows avia-slideshow-controls'><a href='#prev' class='prev-slide' aria-hidden='true' data-av_icon='\ue87c' data-av_iconfont='entypo-fontello'>Pr\u00e9c\u00e9dent<\/a><a href='#next' class='next-slide' aria-hidden='true' data-av_icon='\ue87d' data-av_iconfont='entypo-fontello'>Suivant<\/a><\/div><div class='avia-slideshow-dots avia-slideshow-controls'><a href='#1' class='goto-slide active' >1<\/a><a href='#2' class='goto-slide ' >2<\/a><a href='#3' class='goto-slide ' >3<\/a><\/div><\/div><\/p><\/div><div class=\"flex_column av_three_fifth  flex_column_div av-zero-column-padding   \" style='border-radius:0px; '><p><div style='padding-bottom:10px;color:#3c3c3b;font-size:55px;' class='av-special-heading av-special-heading-h3 custom-color-heading blockquote modern-quote   av-inherit-size '><h3 class='av-special-heading-tag '  itemprop=\"headline\"  >Une organisation sp\u00e9cifque<\/h3><div class ='av-subheading av-subheading_below av_custom_color ' style='font-size:20px;'><p>2 ateliers d\u00e9di\u00e9s aux diff\u00e9rents modes de production<\/p>\n<\/div><div class='special-heading-border'><div class='special-heading-inner-border' style='border-color:#3c3c3b'><\/div><\/div><\/div><br \/>\n<section class=\"av_textblock_section \"  itemscope=\"itemscope\" itemtype=\"https:\/\/schema.org\/CreativeWork\" ><div class='avia_textblock  av_inherit_color '  style='color:#2e2d2c; '  itemprop=\"text\" ><p><strong>Deux ateliers sont d\u00e9di\u00e9s \u00e0 la soudure, l\u2019un est d\u00e9di\u00e9 \u00e0 la soudure TIG et MIG, l\u2019autre r\u00e9serv\u00e9 \u00e0 la soudure TIG et MAG.<\/strong><\/p>\n<p>Les<strong> structures sur-mesure<\/strong>, <strong>m\u00e9cano-soud\u00e9es en t\u00f4le<\/strong>,<strong> barre et tube<\/strong>, assembl\u00e9es par nos m\u00e9talliers-soudeurs peuvent int\u00e9grer des pi\u00e8ces usin\u00e9es. Le montage se fait \u00e0 la demande, les finitions sont soign\u00e9es.<\/p>\n<p><strong>Soudure de goujons ou d\u2019\u00e9crous, assemblage viss\u00e9 ou rivet\u00e9<\/strong>, les prestations de TFE sont personnalis\u00e9es selon vos attentes et vos applications m\u00e9tiers.<\/p>\n<p>L\u2019entreprise est attentive aux \u00e9quipements, \u00e0 la s\u00e9curit\u00e9 et aux conditions de travail de ses collaborateurs \u00e0 toutes les \u00e9tapes de la fabrication.<\/p>\n<\/div><\/section><\/p><\/div>\n","protected":false},"excerpt":{"rendered":"","protected":false},"author":1,"featured_media":0,"parent":3654,"menu_order":0,"comment_status":"closed","ping_status":"closed","template":"","meta":{"footnotes":""},"class_list":["post-3662","page","type-page","status-publish","hentry"],"yoast_head":"<!-- This site is optimized with the Yoast SEO plugin v25.7 - https:\/\/yoast.com\/wordpress\/plugins\/seo\/ -->\n<title>Soudures et Assemblages de m\u00e9taux, Soudure industrielle - TFE<\/title>\n<meta name=\"description\" content=\"TFE est votre partenaire pour les soudures et assemblages de m\u00e9taux. TFE propose des solutions de soudure industrielle : m\u00e9cano soudure, soudures TIG, soudures MIG, Chaudronnerie...\" \/>\n<meta name=\"robots\" content=\"index, follow, max-snippet:-1, max-image-preview:large, max-video-preview:-1\" \/>\n<link rel=\"canonical\" href=\"https:\/\/www.tfe-france.com\/fr\/tolerie-fine\/soudures-assemblage\/\" \/>\n<meta property=\"og:locale\" content=\"fr_FR\" \/>\n<meta property=\"og:type\" content=\"article\" \/>\n<meta property=\"og:title\" content=\"Soudures et Assemblages de m\u00e9taux, Soudure industrielle - TFE\" \/>\n<meta property=\"og:description\" content=\"TFE est votre partenaire pour les soudures et assemblages de m\u00e9taux. TFE propose des solutions de soudure industrielle : m\u00e9cano soudure, soudures TIG, soudures MIG, Chaudronnerie...\" \/>\n<meta property=\"og:url\" content=\"https:\/\/www.tfe-france.com\/fr\/tolerie-fine\/soudures-assemblage\/\" \/>\n<meta property=\"og:site_name\" content=\"TFE\" \/>\n<meta property=\"article:modified_time\" content=\"2018-07-23T15:23:03+00:00\" \/>\n<meta name=\"twitter:card\" content=\"summary_large_image\" \/>\n<meta name=\"twitter:label1\" content=\"Dur\u00e9e de lecture estim\u00e9e\" \/>\n\t<meta name=\"twitter:data1\" content=\"7 minutes\" \/>\n<script type=\"application\/ld+json\" class=\"yoast-schema-graph\">{\"@context\":\"https:\/\/schema.org\",\"@graph\":[{\"@type\":\"WebPage\",\"@id\":\"https:\/\/www.tfe-france.com\/fr\/tolerie-fine\/soudures-assemblage\/\",\"url\":\"https:\/\/www.tfe-france.com\/fr\/tolerie-fine\/soudures-assemblage\/\",\"name\":\"Soudures et Assemblages de m\u00e9taux, Soudure industrielle - TFE\",\"isPartOf\":{\"@id\":\"https:\/\/www.tfe-france.com\/fr\/#website\"},\"datePublished\":\"2018-04-05T09:10:10+00:00\",\"dateModified\":\"2018-07-23T15:23:03+00:00\",\"description\":\"TFE est votre partenaire pour les soudures et assemblages de m\u00e9taux. TFE propose des solutions de soudure industrielle : m\u00e9cano soudure, soudures TIG, soudures MIG, Chaudronnerie...\",\"breadcrumb\":{\"@id\":\"https:\/\/www.tfe-france.com\/fr\/tolerie-fine\/soudures-assemblage\/#breadcrumb\"},\"inLanguage\":\"fr-FR\",\"potentialAction\":[{\"@type\":\"ReadAction\",\"target\":[\"https:\/\/www.tfe-france.com\/fr\/tolerie-fine\/soudures-assemblage\/\"]}]},{\"@type\":\"BreadcrumbList\",\"@id\":\"https:\/\/www.tfe-france.com\/fr\/tolerie-fine\/soudures-assemblage\/#breadcrumb\",\"itemListElement\":[{\"@type\":\"ListItem\",\"position\":1,\"name\":\"Accueil\",\"item\":\"https:\/\/www.tfe-france.com\/fr\/accueil-2\/\"},{\"@type\":\"ListItem\",\"position\":2,\"name\":\"T\u00f4lerie fine\",\"item\":\"https:\/\/www.tfe-france.com\/fr\/tolerie-fine\/\"},{\"@type\":\"ListItem\",\"position\":3,\"name\":\"Soudures &#8211; Assemblage\"}]},{\"@type\":\"WebSite\",\"@id\":\"https:\/\/www.tfe-france.com\/fr\/#website\",\"url\":\"https:\/\/www.tfe-france.com\/fr\/\",\"name\":\"TFE\",\"description\":\"\",\"potentialAction\":[{\"@type\":\"SearchAction\",\"target\":{\"@type\":\"EntryPoint\",\"urlTemplate\":\"https:\/\/www.tfe-france.com\/fr\/?s={search_term_string}\"},\"query-input\":{\"@type\":\"PropertyValueSpecification\",\"valueRequired\":true,\"valueName\":\"search_term_string\"}}],\"inLanguage\":\"fr-FR\"}]}<\/script>\n<!-- \/ Yoast SEO plugin. -->","yoast_head_json":{"title":"Soudures et Assemblages de m\u00e9taux, Soudure industrielle - TFE","description":"TFE est votre partenaire pour les soudures et assemblages de m\u00e9taux. TFE propose des solutions de soudure industrielle : m\u00e9cano soudure, soudures TIG, soudures MIG, Chaudronnerie...","robots":{"index":"index","follow":"follow","max-snippet":"max-snippet:-1","max-image-preview":"max-image-preview:large","max-video-preview":"max-video-preview:-1"},"canonical":"https:\/\/www.tfe-france.com\/fr\/tolerie-fine\/soudures-assemblage\/","og_locale":"fr_FR","og_type":"article","og_title":"Soudures et Assemblages de m\u00e9taux, Soudure industrielle - TFE","og_description":"TFE est votre partenaire pour les soudures et assemblages de m\u00e9taux. TFE propose des solutions de soudure industrielle : m\u00e9cano soudure, soudures TIG, soudures MIG, Chaudronnerie...","og_url":"https:\/\/www.tfe-france.com\/fr\/tolerie-fine\/soudures-assemblage\/","og_site_name":"TFE","article_modified_time":"2018-07-23T15:23:03+00:00","twitter_card":"summary_large_image","twitter_misc":{"Dur\u00e9e de lecture estim\u00e9e":"7 minutes"},"schema":{"@context":"https:\/\/schema.org","@graph":[{"@type":"WebPage","@id":"https:\/\/www.tfe-france.com\/fr\/tolerie-fine\/soudures-assemblage\/","url":"https:\/\/www.tfe-france.com\/fr\/tolerie-fine\/soudures-assemblage\/","name":"Soudures et Assemblages de m\u00e9taux, Soudure industrielle - TFE","isPartOf":{"@id":"https:\/\/www.tfe-france.com\/fr\/#website"},"datePublished":"2018-04-05T09:10:10+00:00","dateModified":"2018-07-23T15:23:03+00:00","description":"TFE est votre partenaire pour les soudures et assemblages de m\u00e9taux. TFE propose des solutions de soudure industrielle : m\u00e9cano soudure, soudures TIG, soudures MIG, Chaudronnerie...","breadcrumb":{"@id":"https:\/\/www.tfe-france.com\/fr\/tolerie-fine\/soudures-assemblage\/#breadcrumb"},"inLanguage":"fr-FR","potentialAction":[{"@type":"ReadAction","target":["https:\/\/www.tfe-france.com\/fr\/tolerie-fine\/soudures-assemblage\/"]}]},{"@type":"BreadcrumbList","@id":"https:\/\/www.tfe-france.com\/fr\/tolerie-fine\/soudures-assemblage\/#breadcrumb","itemListElement":[{"@type":"ListItem","position":1,"name":"Accueil","item":"https:\/\/www.tfe-france.com\/fr\/accueil-2\/"},{"@type":"ListItem","position":2,"name":"T\u00f4lerie fine","item":"https:\/\/www.tfe-france.com\/fr\/tolerie-fine\/"},{"@type":"ListItem","position":3,"name":"Soudures &#8211; Assemblage"}]},{"@type":"WebSite","@id":"https:\/\/www.tfe-france.com\/fr\/#website","url":"https:\/\/www.tfe-france.com\/fr\/","name":"TFE","description":"","potentialAction":[{"@type":"SearchAction","target":{"@type":"EntryPoint","urlTemplate":"https:\/\/www.tfe-france.com\/fr\/?s={search_term_string}"},"query-input":{"@type":"PropertyValueSpecification","valueRequired":true,"valueName":"search_term_string"}}],"inLanguage":"fr-FR"}]}},"_links":{"self":[{"href":"https:\/\/www.tfe-france.com\/fr\/wp-json\/wp\/v2\/pages\/3662","targetHints":{"allow":["GET"]}}],"collection":[{"href":"https:\/\/www.tfe-france.com\/fr\/wp-json\/wp\/v2\/pages"}],"about":[{"href":"https:\/\/www.tfe-france.com\/fr\/wp-json\/wp\/v2\/types\/page"}],"author":[{"embeddable":true,"href":"https:\/\/www.tfe-france.com\/fr\/wp-json\/wp\/v2\/users\/1"}],"replies":[{"embeddable":true,"href":"https:\/\/www.tfe-france.com\/fr\/wp-json\/wp\/v2\/comments?post=3662"}],"version-history":[{"count":24,"href":"https:\/\/www.tfe-france.com\/fr\/wp-json\/wp\/v2\/pages\/3662\/revisions"}],"predecessor-version":[{"id":5118,"href":"https:\/\/www.tfe-france.com\/fr\/wp-json\/wp\/v2\/pages\/3662\/revisions\/5118"}],"up":[{"embeddable":true,"href":"https:\/\/www.tfe-france.com\/fr\/wp-json\/wp\/v2\/pages\/3654"}],"wp:attachment":[{"href":"https:\/\/www.tfe-france.com\/fr\/wp-json\/wp\/v2\/media?parent=3662"}],"curies":[{"name":"wp","href":"https:\/\/api.w.org\/{rel}","templated":true}]}}