{"id":3664,"date":"2018-04-05T10:10:27","date_gmt":"2018-04-05T09:10:27","guid":{"rendered":"https:\/\/www.tfe-france.com\/?page_id=3664"},"modified":"2018-07-23T15:38:35","modified_gmt":"2018-07-23T14:38:35","slug":"thermolaquage","status":"publish","type":"page","link":"https:\/\/www.tfe-france.com\/fr\/tolerie-fine\/thermolaquage\/","title":{"rendered":"Thermolaquage"},"content":{"rendered":"<\/div><\/div><\/div><!-- close content main div --><\/div><\/div><div id='section-surmesure' class='avia-section main_color avia-section-default avia-no-border-styling avia-bg-style-scroll   container_wrap fullsize'   ><div class='container' ><div class='template-page content  av-content-full alpha units'><div class='post-entry post-entry-type-page post-entry-3664'><div class='entry-content-wrapper clearfix'>\n<div class=\"flex_column av_two_fifth  av-animated-generic left-to-right  flex_column_div av-zero-column-padding first  \" style='border-radius:0px; '><p><div class='avia-image-container  av-styling-no-styling     avia-align-center '  itemprop=\"ImageObject\" itemscope=\"itemscope\" itemtype=\"https:\/\/schema.org\/ImageObject\"  ><div class='avia-image-container-inner'><img class='avia_image ' src=\"data:image\/gif;base64,R0lGODdhAQABAPAAAP\/\/\/wAAACwAAAAAAQABAEACAkQBADs=\" data-lazy-src='https:\/\/www.tfe-france.com\/public\/uploads\/2018\/07\/peinture_homme.jpg' alt='Peinture t\u00f4les' title='Peinture t\u00f4les'   itemprop=\"thumbnailUrl\"  \/><noscript><img class='avia_image ' src='https:\/\/www.tfe-france.com\/public\/uploads\/2018\/07\/peinture_homme.jpg' alt='Peinture t\u00f4les' title='Peinture t\u00f4les'   itemprop=\"thumbnailUrl\"  \/><\/noscript><\/div><\/div><br \/>\n<div class='avia-button-wrap avia-button-left '><a href='\/contact\/' class='avia-button   avia-icon_select-no avia-color-theme-color avia-size-medium avia-position-left '   ><span class='avia_iconbox_title' >Demande de devis ?<\/span><\/a><\/div><br \/>\n<div style='height:30px' class='hr hr-invisible  '><span class='hr-inner ' ><span class='hr-inner-style'><\/span><\/span><\/div><br \/>\n<div style='padding-bottom:10px;color:#3c3c3b;font-size:25px;' class='av-special-heading av-special-heading-h3 custom-color-heading blockquote modern-quote   av-inherit-size '><h3 class='av-special-heading-tag '  itemprop=\"headline\"  >Finitions<br \/>\nde thermolaquage.\/<\/h3><div class='special-heading-border'><div class='special-heading-inner-border' style='border-color:#3c3c3b'><\/div><\/div><\/div><br \/>\n<div class='avia-icon-list-container   '><ul class='avia-icon-list avia-icon-list-left av-iconlist-small avia_animate_when_almost_visible'>\n<li><div  class='iconlist_icon  avia-font-fontawesome'><span class='iconlist-char ' aria-hidden='true' data-av_icon='\uf00c' data-av_iconfont='fontawesome'><\/span><\/div><article class=\"article-icon-entry \"  itemscope=\"itemscope\" itemtype=\"https:\/\/schema.org\/CreativeWork\" ><div class='iconlist_content_wrap'><header class=\"entry-content-header\"><div class='av_iconlist_title iconlist_title_small  '  itemprop=\"headline\"  >Dimensions max.<\/div><\/header><div class='iconlist_content  '  itemprop=\"text\"  ><ul>\n<li><strong>3m<\/strong> en longueur<\/li>\n<li><strong>2m50<\/strong> en hauteur<\/li>\n<li><strong>1m<\/strong> en largeur<\/li>\n<\/ul>\n<\/div><\/div><footer class=\"entry-footer\"><\/footer><\/article><div class='iconlist-timeline'><\/div><\/li>\n<\/ul><\/div><\/p><\/div><div class=\"flex_column av_three_fifth  av-animated-generic right-to-left  flex_column_div av-zero-column-padding   \" style='border-radius:0px; '><p><div style='padding-bottom:10px;color:#3c3c3b;font-size:55px;' class='av-special-heading av-special-heading-h2 custom-color-heading blockquote modern-quote   av-inherit-size '><h2 class='av-special-heading-tag '  itemprop=\"headline\"  >thermolaquage<\/h2><div class ='av-subheading av-subheading_below av_custom_color ' style='font-size:20px;'><p>Finition et protection<\/p>\n<\/div><div class='special-heading-border'><div class='special-heading-inner-border' style='border-color:#3c3c3b'><\/div><\/div><\/div><br \/>\n<section class=\"av_textblock_section \"  itemscope=\"itemscope\" itemtype=\"https:\/\/schema.org\/CreativeWork\" ><div class='avia_textblock  av_inherit_color '  style='color:#2e2d2c; '  itemprop=\"text\" ><p>Au-del\u00e0- de la personnalisation, l\u2019application de <strong>peintures poudre, \u00e9poxy ou polyester<\/strong>, sur des pi\u00e8ces et sous-ensembles de pi\u00e8ces, assure une protection \u00e0 la corrosion octroyant au produit une finition de <strong>grande qualit\u00e9<\/strong>.<\/p>\n<p>La tenue \u00e0 la corrosion sera adapt\u00e9e \u00e0 l\u2019utilisation finale de la pi\u00e8ce :<\/p>\n<ul>\n<li>int\u00e9rieure<\/li>\n<li>ext\u00e9rieure<\/li>\n<li>qualit\u00e9 marine&#8230;<\/li>\n<\/ul>\n<p>Les clients ont le choix entre <strong>toutes les teintes normalis\u00e9es<\/strong> et TFE offre aussi la <strong>possibilit\u00e9 de personnaliser les couleurs<\/strong>.<\/p>\n<p><strong>Diff\u00e9rentes textures de thermolaquage<\/strong> sont propos\u00e9es en finition :<\/p>\n<ul>\n<li>lisse<\/li>\n<li>sabl\u00e9e<\/li>\n<li>grain\u00e9e<\/li>\n<li>textur\u00e9e&#8230;<\/li>\n<\/ul>\n<p>Les principes de pr\u00e9paration de surfaces et d\u2019application sont adapt\u00e9s \u00e0 la mati\u00e8re premi\u00e8re, acier, inox ou alu.<br \/>\nLa <strong>solution \u00e9poxy<\/strong> est utilis\u00e9e pour des moyennes et grandes s\u00e9ries de pi\u00e8ces industrielles dans l\u2019informatique, l\u2019agencement, le mobilier urbain.<\/p>\n<\/div><\/section><\/p><\/div><div  class='hr hr-default  '><span class='hr-inner ' ><span class='hr-inner-style'><\/span><\/span><\/div>\n<div class=\"flex_column av_one_half  flex_column_div av-zero-column-padding first  \" style='border-radius:0px; '><div  data-size='no scaling'  data-lightbox_size='large'  data-animation='slide'  data-ids='4587,4568,4686,4685'  data-video_counter='0'  data-autoplay='false'  data-bg_slider='false'  data-slide_height=''  data-handle='av_slideshow'  data-interval='5'  data-class='  '  data-css_id=''  data-scroll_down=''  data-control_layout='av-control-default'  data-custom_markup=''  data-perma_caption=''  data-autoplay_stopper=''  data-image_attachment=''  data-min_height='0px'  class='avia-slideshow avia-slideshow-1  av-control-default av-default-height-applied avia-slideshow-no scaling av_slideshow    avia-slide-slider '  itemprop=\"ImageObject\" itemscope=\"itemscope\" itemtype=\"https:\/\/schema.org\/ImageObject\" ><ul class='avia-slideshow-inner' style='padding-bottom: 35.714285714286%;'><li  class=' slide-1 ' ><div data-rel='slideshow-1' class='avia-slide-wrap' title='Cabine de peinture poudre industrielle avec \u00e9tuve et convoyeur' ><img src=\"data:image\/gif;base64,R0lGODdhAQABAPAAAP\/\/\/wAAACwAAAAAAQABAEACAkQBADs=\" data-lazy-src='https:\/\/www.tfe-france.com\/public\/uploads\/2018\/06\/40.jpg' width='980' height='350' title='atelier thermolaquage' alt='atelier thermolaquage'  itemprop=\"thumbnailUrl\"   \/><noscript><img src='https:\/\/www.tfe-france.com\/public\/uploads\/2018\/06\/40.jpg' width='980' height='350' title='atelier thermolaquage' alt='atelier thermolaquage'  itemprop=\"thumbnailUrl\"   \/><\/noscript><\/div><\/li><li  class=' slide-2 ' ><div data-rel='slideshow-1' class='avia-slide-wrap'  ><img src=\"data:image\/gif;base64,R0lGODdhAQABAPAAAP\/\/\/wAAACwAAAAAAQABAEACAkQBADs=\" data-lazy-src='https:\/\/www.tfe-france.com\/public\/uploads\/2018\/07\/produit_thermolaquage_2.jpg' width='1020' height='679' title='Thermolaquage' alt='thermolaquage'  itemprop=\"thumbnailUrl\"   \/><noscript><img src='https:\/\/www.tfe-france.com\/public\/uploads\/2018\/07\/produit_thermolaquage_2.jpg' width='1020' height='679' title='Thermolaquage' alt='thermolaquage'  itemprop=\"thumbnailUrl\"   \/><\/noscript><\/div><\/li><li  class=' slide-3 ' ><div data-rel='slideshow-1' class='avia-slide-wrap'  ><img src=\"data:image\/gif;base64,R0lGODdhAQABAPAAAP\/\/\/wAAACwAAAAAAQABAEACAkQBADs=\" data-lazy-src='https:\/\/www.tfe-france.com\/public\/uploads\/2018\/07\/produit_thermolaquage.jpg' width='1069' height='712' title='thermolaquage' alt='thermolaquage'  itemprop=\"thumbnailUrl\"   \/><noscript><img src='https:\/\/www.tfe-france.com\/public\/uploads\/2018\/07\/produit_thermolaquage.jpg' width='1069' height='712' title='thermolaquage' alt='thermolaquage'  itemprop=\"thumbnailUrl\"   \/><\/noscript><\/div><\/li><\/ul><div class='avia-slideshow-arrows avia-slideshow-controls'><a href='#prev' class='prev-slide' aria-hidden='true' data-av_icon='\ue87c' data-av_iconfont='entypo-fontello'>Pr\u00e9c\u00e9dent<\/a><a href='#next' class='next-slide' aria-hidden='true' data-av_icon='\ue87d' data-av_iconfont='entypo-fontello'>Suivant<\/a><\/div><div class='avia-slideshow-dots avia-slideshow-controls'><a href='#1' class='goto-slide active' >1<\/a><a href='#2' class='goto-slide ' >2<\/a><a href='#3' class='goto-slide ' >3<\/a><\/div><\/div><\/div><div class=\"flex_column av_one_half  flex_column_div av-zero-column-padding   \" style='border-radius:0px; '><div  class='avia-video avia-video-16-9   '  itemprop=\"video\" itemtype=\"https:\/\/schema.org\/VideoObject\" ><div class='avia-iframe-wrap'><iframe loading=\"lazy\" width=\"1500\" height=\"844\" src=\"https:\/\/www.youtube.com\/embed\/bOhoXm9htLk?feature=oembed\" frameborder=\"0\" allow=\"autoplay; encrypted-media\" allowfullscreen><\/iframe><\/div><\/div><\/div>\n","protected":false},"excerpt":{"rendered":"","protected":false},"author":1,"featured_media":0,"parent":3654,"menu_order":0,"comment_status":"closed","ping_status":"closed","template":"","meta":{"footnotes":""},"class_list":["post-3664","page","type-page","status-publish","hentry"],"yoast_head":"<!-- This site is optimized with the Yoast SEO plugin v25.7 - https:\/\/yoast.com\/wordpress\/plugins\/seo\/ -->\n<title>Thermolaquage, Poudre, Epoxy ou Polyester, Peinture industrielle - TFE<\/title>\n<meta name=\"description\" content=\"TFE est le sp\u00e9cialiste du Thermolaquage. Peinture poudre, epoxy ou polyester, TFE propose des solutions de peinture industrielle. Un atelier de peinture d\u00e9di\u00e9 avec possibilit\u00e9 de personnaliser les couleurs.\" \/>\n<meta name=\"robots\" content=\"index, follow, max-snippet:-1, max-image-preview:large, max-video-preview:-1\" \/>\n<link rel=\"canonical\" href=\"https:\/\/www.tfe-france.com\/fr\/tolerie-fine\/thermolaquage\/\" \/>\n<meta property=\"og:locale\" content=\"fr_FR\" \/>\n<meta property=\"og:type\" content=\"article\" \/>\n<meta property=\"og:title\" content=\"Thermolaquage, Poudre, Epoxy ou Polyester, Peinture industrielle - TFE\" \/>\n<meta property=\"og:description\" content=\"TFE est le sp\u00e9cialiste du Thermolaquage. Peinture poudre, epoxy ou polyester, TFE propose des solutions de peinture industrielle. Un atelier de peinture d\u00e9di\u00e9 avec possibilit\u00e9 de personnaliser les couleurs.\" \/>\n<meta property=\"og:url\" content=\"https:\/\/www.tfe-france.com\/fr\/tolerie-fine\/thermolaquage\/\" \/>\n<meta property=\"og:site_name\" content=\"TFE\" \/>\n<meta property=\"article:modified_time\" content=\"2018-07-23T14:38:35+00:00\" \/>\n<meta name=\"twitter:card\" content=\"summary_large_image\" \/>\n<meta name=\"twitter:label1\" content=\"Dur\u00e9e de lecture estim\u00e9e\" \/>\n\t<meta name=\"twitter:data1\" content=\"6 minutes\" \/>\n<script type=\"application\/ld+json\" class=\"yoast-schema-graph\">{\"@context\":\"https:\/\/schema.org\",\"@graph\":[{\"@type\":\"WebPage\",\"@id\":\"https:\/\/www.tfe-france.com\/fr\/tolerie-fine\/thermolaquage\/\",\"url\":\"https:\/\/www.tfe-france.com\/fr\/tolerie-fine\/thermolaquage\/\",\"name\":\"Thermolaquage, Poudre, Epoxy ou Polyester, Peinture industrielle - TFE\",\"isPartOf\":{\"@id\":\"https:\/\/www.tfe-france.com\/fr\/#website\"},\"datePublished\":\"2018-04-05T09:10:27+00:00\",\"dateModified\":\"2018-07-23T14:38:35+00:00\",\"description\":\"TFE est le sp\u00e9cialiste du Thermolaquage. Peinture poudre, epoxy ou polyester, TFE propose des solutions de peinture industrielle. Un atelier de peinture d\u00e9di\u00e9 avec possibilit\u00e9 de personnaliser les couleurs.\",\"breadcrumb\":{\"@id\":\"https:\/\/www.tfe-france.com\/fr\/tolerie-fine\/thermolaquage\/#breadcrumb\"},\"inLanguage\":\"fr-FR\",\"potentialAction\":[{\"@type\":\"ReadAction\",\"target\":[\"https:\/\/www.tfe-france.com\/fr\/tolerie-fine\/thermolaquage\/\"]}]},{\"@type\":\"BreadcrumbList\",\"@id\":\"https:\/\/www.tfe-france.com\/fr\/tolerie-fine\/thermolaquage\/#breadcrumb\",\"itemListElement\":[{\"@type\":\"ListItem\",\"position\":1,\"name\":\"Accueil\",\"item\":\"https:\/\/www.tfe-france.com\/fr\/accueil-2\/\"},{\"@type\":\"ListItem\",\"position\":2,\"name\":\"T\u00f4lerie fine\",\"item\":\"https:\/\/www.tfe-france.com\/fr\/tolerie-fine\/\"},{\"@type\":\"ListItem\",\"position\":3,\"name\":\"Thermolaquage\"}]},{\"@type\":\"WebSite\",\"@id\":\"https:\/\/www.tfe-france.com\/fr\/#website\",\"url\":\"https:\/\/www.tfe-france.com\/fr\/\",\"name\":\"TFE\",\"description\":\"\",\"potentialAction\":[{\"@type\":\"SearchAction\",\"target\":{\"@type\":\"EntryPoint\",\"urlTemplate\":\"https:\/\/www.tfe-france.com\/fr\/?s={search_term_string}\"},\"query-input\":{\"@type\":\"PropertyValueSpecification\",\"valueRequired\":true,\"valueName\":\"search_term_string\"}}],\"inLanguage\":\"fr-FR\"}]}<\/script>\n<!-- \/ Yoast SEO plugin. -->","yoast_head_json":{"title":"Thermolaquage, Poudre, Epoxy ou Polyester, Peinture industrielle - TFE","description":"TFE est le sp\u00e9cialiste du Thermolaquage. Peinture poudre, epoxy ou polyester, TFE propose des solutions de peinture industrielle. Un atelier de peinture d\u00e9di\u00e9 avec possibilit\u00e9 de personnaliser les couleurs.","robots":{"index":"index","follow":"follow","max-snippet":"max-snippet:-1","max-image-preview":"max-image-preview:large","max-video-preview":"max-video-preview:-1"},"canonical":"https:\/\/www.tfe-france.com\/fr\/tolerie-fine\/thermolaquage\/","og_locale":"fr_FR","og_type":"article","og_title":"Thermolaquage, Poudre, Epoxy ou Polyester, Peinture industrielle - TFE","og_description":"TFE est le sp\u00e9cialiste du Thermolaquage. Peinture poudre, epoxy ou polyester, TFE propose des solutions de peinture industrielle. Un atelier de peinture d\u00e9di\u00e9 avec possibilit\u00e9 de personnaliser les couleurs.","og_url":"https:\/\/www.tfe-france.com\/fr\/tolerie-fine\/thermolaquage\/","og_site_name":"TFE","article_modified_time":"2018-07-23T14:38:35+00:00","twitter_card":"summary_large_image","twitter_misc":{"Dur\u00e9e de lecture estim\u00e9e":"6 minutes"},"schema":{"@context":"https:\/\/schema.org","@graph":[{"@type":"WebPage","@id":"https:\/\/www.tfe-france.com\/fr\/tolerie-fine\/thermolaquage\/","url":"https:\/\/www.tfe-france.com\/fr\/tolerie-fine\/thermolaquage\/","name":"Thermolaquage, Poudre, Epoxy ou Polyester, Peinture industrielle - TFE","isPartOf":{"@id":"https:\/\/www.tfe-france.com\/fr\/#website"},"datePublished":"2018-04-05T09:10:27+00:00","dateModified":"2018-07-23T14:38:35+00:00","description":"TFE est le sp\u00e9cialiste du Thermolaquage. Peinture poudre, epoxy ou polyester, TFE propose des solutions de peinture industrielle. Un atelier de peinture d\u00e9di\u00e9 avec possibilit\u00e9 de personnaliser les couleurs.","breadcrumb":{"@id":"https:\/\/www.tfe-france.com\/fr\/tolerie-fine\/thermolaquage\/#breadcrumb"},"inLanguage":"fr-FR","potentialAction":[{"@type":"ReadAction","target":["https:\/\/www.tfe-france.com\/fr\/tolerie-fine\/thermolaquage\/"]}]},{"@type":"BreadcrumbList","@id":"https:\/\/www.tfe-france.com\/fr\/tolerie-fine\/thermolaquage\/#breadcrumb","itemListElement":[{"@type":"ListItem","position":1,"name":"Accueil","item":"https:\/\/www.tfe-france.com\/fr\/accueil-2\/"},{"@type":"ListItem","position":2,"name":"T\u00f4lerie fine","item":"https:\/\/www.tfe-france.com\/fr\/tolerie-fine\/"},{"@type":"ListItem","position":3,"name":"Thermolaquage"}]},{"@type":"WebSite","@id":"https:\/\/www.tfe-france.com\/fr\/#website","url":"https:\/\/www.tfe-france.com\/fr\/","name":"TFE","description":"","potentialAction":[{"@type":"SearchAction","target":{"@type":"EntryPoint","urlTemplate":"https:\/\/www.tfe-france.com\/fr\/?s={search_term_string}"},"query-input":{"@type":"PropertyValueSpecification","valueRequired":true,"valueName":"search_term_string"}}],"inLanguage":"fr-FR"}]}},"_links":{"self":[{"href":"https:\/\/www.tfe-france.com\/fr\/wp-json\/wp\/v2\/pages\/3664","targetHints":{"allow":["GET"]}}],"collection":[{"href":"https:\/\/www.tfe-france.com\/fr\/wp-json\/wp\/v2\/pages"}],"about":[{"href":"https:\/\/www.tfe-france.com\/fr\/wp-json\/wp\/v2\/types\/page"}],"author":[{"embeddable":true,"href":"https:\/\/www.tfe-france.com\/fr\/wp-json\/wp\/v2\/users\/1"}],"replies":[{"embeddable":true,"href":"https:\/\/www.tfe-france.com\/fr\/wp-json\/wp\/v2\/comments?post=3664"}],"version-history":[{"count":17,"href":"https:\/\/www.tfe-france.com\/fr\/wp-json\/wp\/v2\/pages\/3664\/revisions"}],"predecessor-version":[{"id":5125,"href":"https:\/\/www.tfe-france.com\/fr\/wp-json\/wp\/v2\/pages\/3664\/revisions\/5125"}],"up":[{"embeddable":true,"href":"https:\/\/www.tfe-france.com\/fr\/wp-json\/wp\/v2\/pages\/3654"}],"wp:attachment":[{"href":"https:\/\/www.tfe-france.com\/fr\/wp-json\/wp\/v2\/media?parent=3664"}],"curies":[{"name":"wp","href":"https:\/\/api.w.org\/{rel}","templated":true}]}}