{"id":3668,"date":"2018-04-05T10:10:50","date_gmt":"2018-04-05T09:10:50","guid":{"rendered":"https:\/\/www.tfe-france.com\/?page_id=3668"},"modified":"2018-11-28T08:48:23","modified_gmt":"2018-11-28T07:48:23","slug":"realisations","status":"publish","type":"page","link":"https:\/\/www.tfe-france.com\/fr\/realisations\/","title":{"rendered":"R\u00e9alisations"},"content":{"rendered":"<\/div><\/div><\/div><!-- close content main div --><\/div><\/div><div id='section-realisation' class='avia-section main_color avia-section-default avia-no-shadow avia-bg-style-scroll    container_wrap fullsize'   ><div class='container' ><div class='template-page content  av-content-full alpha units'><div class='post-entry post-entry-type-page post-entry-3668'><div class='entry-content-wrapper clearfix'>\n<div class=\"flex_column av_one_full  flex_column_div av-zero-column-padding first  \" style='border-radius:0px; '><div id='av-masonry-1' class='av-masonry noHover av-fixed-size av-large-gap av-hover-overlay-active av-masonry-col-2 av-caption-always av-caption-style-  av-orientation-landscape-large   av-medium-columns-overwrite av-medium-columns-1 av-small-columns-overwrite av-small-columns-1 av-mini-columns-overwrite av-mini-columns-1'  ><div class='av-masonry-container isotope av-js-disabled ' ><div class='av-masonry-entry isotope-item av-masonry-item-no-image '><\/div><a href=\"https:\/\/www.tfe-france.com\/fr\/projet\/realisation-suivant-piece-modele\/\" id='av-masonry-1-item-5215' data-av-masonry-item='5215' class='av-masonry-entry isotope-item post-5215 portfolio type-portfolio status-publish has-post-thumbnail hentry portfolio_entries-realisations  av-masonry-item-with-image' title=\"Mod\u00e9lisation de pi\u00e8ces existantes sans fichier de base\"  itemscope=\"itemscope\" itemtype=\"https:\/\/schema.org\/CreativeWork\" ><div class='av-inner-masonry-sizer'><\/div><figure class='av-inner-masonry main_color'><div class=\"av-masonry-outerimage-container\"><div class=\"av-masonry-image-container\" style=\"background-image: url(https:\/\/www.tfe-france.com\/public\/uploads\/2018\/11\/Boitier-1-e1543328843373-705x466.jpg);\"><img decoding=\"async\" src=\"data:image\/gif;base64,R0lGODdhAQABAPAAAP\/\/\/wAAACwAAAAAAQABAEACAkQBADs=\" data-lazy-src=\"https:\/\/www.tfe-france.com\/public\/uploads\/2018\/11\/Boitier-1-e1543328843373-705x466.jpg\" title=\"Fond et capot\" alt=\"Pliage sertissage peinture poudre sur boitier\" \/><noscript><img decoding=\"async\" src=\"https:\/\/www.tfe-france.com\/public\/uploads\/2018\/11\/Boitier-1-e1543328843373-705x466.jpg\" title=\"Fond et capot\" alt=\"Pliage sertissage peinture poudre sur boitier\" \/><\/noscript><\/div><\/div><figcaption class='av-inner-masonry-content site-background'><div class='av-inner-masonry-content-pos'><div class='av-inner-masonry-content-pos-content'><div class='avia-arrow'><\/div><h3 class='av-masonry-entry-title entry-title'  itemprop=\"headline\" >Mod\u00e9lisation de pi\u00e8ces existantes sans fichier de base<\/h3><div class='av-masonry-entry-content entry-content'  itemprop=\"text\" >Comment industrialiser la production d\u2019une pi\u00e8ce mod\u00e8le en s\u00e9rie ? LA solution : le service m\u00e9thode TFE.<\/div><\/div><\/div><\/figcaption><\/figure><\/a><!--end av-masonry entry--><a href=\"https:\/\/www.tfe-france.com\/fr\/projet\/projet-mesure-menuiserie-industrielle\/\" id='av-masonry-1-item-3949' data-av-masonry-item='3949' class='av-masonry-entry isotope-item post-3949 portfolio type-portfolio status-publish has-post-thumbnail hentry portfolio_entries-realisations  av-masonry-item-with-image' title=\"Un projet sur-mesure pour une menuiserie industrielle\"  itemscope=\"itemscope\" itemtype=\"https:\/\/schema.org\/CreativeWork\" ><div class='av-inner-masonry-sizer'><\/div><figure class='av-inner-masonry main_color'><div class=\"av-masonry-outerimage-container\"><div class=\"av-masonry-image-container\" style=\"background-image: url(https:\/\/www.tfe-france.com\/public\/uploads\/2018\/04\/menuiserie-industrielle_2-705x470.jpg);\"><img decoding=\"async\" src=\"data:image\/gif;base64,R0lGODdhAQABAPAAAP\/\/\/wAAACwAAAAAAQABAEACAkQBADs=\" data-lazy-src=\"https:\/\/www.tfe-france.com\/public\/uploads\/2018\/04\/menuiserie-industrielle_2-705x470.jpg\" title=\"L&rsquo;\u00e9bavureuse\" alt=\"L&#039;\u00e9bavureuse\" \/><noscript><img decoding=\"async\" src=\"https:\/\/www.tfe-france.com\/public\/uploads\/2018\/04\/menuiserie-industrielle_2-705x470.jpg\" title=\"L&rsquo;\u00e9bavureuse\" alt=\"L&#039;\u00e9bavureuse\" \/><\/noscript><\/div><\/div><figcaption class='av-inner-masonry-content site-background'><div class='av-inner-masonry-content-pos'><div class='av-inner-masonry-content-pos-content'><div class='avia-arrow'><\/div><h3 class='av-masonry-entry-title entry-title'  itemprop=\"headline\" >Un projet sur-mesure pour une menuiserie industrielle<\/h3><div class='av-masonry-entry-content entry-content'  itemprop=\"text\" >De la gestion annuelle de la production jusqu\u2019au conditionnement : des r\u00e9ponses TFE adapt\u00e9es \u00e0 l\u2019organisation du client...<\/div><\/div><\/div><\/figcaption><\/figure><\/a><!--end av-masonry entry--><a href=\"https:\/\/www.tfe-france.com\/fr\/projet\/decoupe-laser-et-combine-decoupe-poinconnage\/\" id='av-masonry-1-item-4359' data-av-masonry-item='4359' class='av-masonry-entry isotope-item post-4359 portfolio type-portfolio status-publish has-post-thumbnail hentry portfolio_entries-realisations  av-masonry-item-with-image' title=\"D\u00e9coupe laser et combin\u00e9 d\u00e9coupe-poin\u00e7onnage\"  itemscope=\"itemscope\" itemtype=\"https:\/\/schema.org\/CreativeWork\" ><div class='av-inner-masonry-sizer'><\/div><figure class='av-inner-masonry main_color'><div class=\"av-masonry-outerimage-container\"><div class=\"av-masonry-image-container\" style=\"background-image: url(https:\/\/www.tfe-france.com\/public\/uploads\/2018\/04\/element-decoration-tolerie-03.jpg);\"><img decoding=\"async\" src=\"data:image\/gif;base64,R0lGODdhAQABAPAAAP\/\/\/wAAACwAAAAAAQABAEACAkQBADs=\" data-lazy-src=\"https:\/\/www.tfe-france.com\/public\/uploads\/2018\/04\/element-decoration-tolerie-03.jpg\" title=\"Portail marron avec d\u00e9coupe laser\" alt=\"Portail marron avec d\u00e9coupe laser\" \/><noscript><img decoding=\"async\" src=\"https:\/\/www.tfe-france.com\/public\/uploads\/2018\/04\/element-decoration-tolerie-03.jpg\" title=\"Portail marron avec d\u00e9coupe laser\" alt=\"Portail marron avec d\u00e9coupe laser\" \/><\/noscript><\/div><\/div><figcaption class='av-inner-masonry-content site-background'><div class='av-inner-masonry-content-pos'><div class='av-inner-masonry-content-pos-content'><div class='avia-arrow'><\/div><h3 class='av-masonry-entry-title entry-title'  itemprop=\"headline\" >D\u00e9coupe laser et combin\u00e9 d\u00e9coupe-poin\u00e7onnage<\/h3><div class='av-masonry-entry-content entry-content'  itemprop=\"text\" >Fabrication de portails sur-mesure, dans des d\u00e9lais courts, pour un sp\u00e9cialiste de la cl\u00f4ture contemporaine et de la v\u00e9randa alu.<\/div><\/div><\/div><\/figcaption><\/figure><\/a><!--end av-masonry entry--><a href=\"https:\/\/www.tfe-france.com\/fr\/projet\/recherche-de-solutions-produit-singulier-de-decoration\/\" id='av-masonry-1-item-4361' data-av-masonry-item='4361' class='av-masonry-entry isotope-item post-4361 portfolio type-portfolio status-publish has-post-thumbnail hentry portfolio_entries-realisations  av-masonry-item-with-image' title=\"Recherche de solutions pour un produit singulier de d\u00e9coration\"  itemscope=\"itemscope\" itemtype=\"https:\/\/schema.org\/CreativeWork\" ><div class='av-inner-masonry-sizer'><\/div><figure class='av-inner-masonry main_color'><div class=\"av-masonry-outerimage-container\"><div class=\"av-masonry-image-container\" style=\"background-image: url(https:\/\/www.tfe-france.com\/public\/uploads\/2018\/04\/element-decoration-tolerie-04-1-705x705.jpg);\"><img decoding=\"async\" src=\"data:image\/gif;base64,R0lGODdhAQABAPAAAP\/\/\/wAAACwAAAAAAQABAEACAkQBADs=\" data-lazy-src=\"https:\/\/www.tfe-france.com\/public\/uploads\/2018\/04\/element-decoration-tolerie-04-1-705x705.jpg\" title=\"R\u00e9alisation TFE\" alt=\"R\u00e9alisation TFE\" \/><noscript><img decoding=\"async\" src=\"https:\/\/www.tfe-france.com\/public\/uploads\/2018\/04\/element-decoration-tolerie-04-1-705x705.jpg\" title=\"R\u00e9alisation TFE\" alt=\"R\u00e9alisation TFE\" \/><\/noscript><\/div><\/div><figcaption class='av-inner-masonry-content site-background'><div class='av-inner-masonry-content-pos'><div class='av-inner-masonry-content-pos-content'><div class='avia-arrow'><\/div><h3 class='av-masonry-entry-title entry-title'  itemprop=\"headline\" >Recherche de solutions pour un produit singulier de d\u00e9coration<\/h3><div class='av-masonry-entry-content entry-content'  itemprop=\"text\" >Dans le cadre d\u2019un lancement de projet, un entrepreneur qui cherchait des renseignements techniques pour la cr\u00e9ation de ses produits a fait appel \u00e0 TFE.<\/div><\/div><\/div><\/figcaption><\/figure><\/a><!--end av-masonry entry--><\/div><\/div><\/div>\n","protected":false},"excerpt":{"rendered":"","protected":false},"author":1,"featured_media":0,"parent":0,"menu_order":0,"comment_status":"closed","ping_status":"closed","template":"","meta":{"footnotes":""},"class_list":["post-3668","page","type-page","status-publish","hentry"],"yoast_head":"<!-- This site is optimized with the Yoast SEO plugin v25.7 - https:\/\/yoast.com\/wordpress\/plugins\/seo\/ -->\n<title>Quelques projets, nos r\u00e9alisations - TFE<\/title>\n<meta name=\"description\" content=\"D\u00e9couvrez quelques r\u00e9alisations de tolerie fine de l&#039;entreprise TFE. Des projets d\u00e9taill\u00e9s retra\u00e7ant la probl\u00e9matique du client et la solution apport\u00e9e par TFE pour l&#039;accompagner dans la r\u00e9alisation.\" \/>\n<meta name=\"robots\" content=\"index, follow, max-snippet:-1, max-image-preview:large, max-video-preview:-1\" \/>\n<link rel=\"canonical\" href=\"https:\/\/www.tfe-france.com\/fr\/realisations\/\" \/>\n<meta property=\"og:locale\" content=\"fr_FR\" \/>\n<meta property=\"og:type\" content=\"article\" \/>\n<meta property=\"og:title\" content=\"Quelques projets, nos r\u00e9alisations - TFE\" \/>\n<meta property=\"og:description\" content=\"D\u00e9couvrez quelques r\u00e9alisations de tolerie fine de l&#039;entreprise TFE. Des projets d\u00e9taill\u00e9s retra\u00e7ant la probl\u00e9matique du client et la solution apport\u00e9e par TFE pour l&#039;accompagner dans la r\u00e9alisation.\" \/>\n<meta property=\"og:url\" content=\"https:\/\/www.tfe-france.com\/fr\/realisations\/\" \/>\n<meta property=\"og:site_name\" content=\"TFE\" \/>\n<meta property=\"article:modified_time\" content=\"2018-11-28T07:48:23+00:00\" \/>\n<meta name=\"twitter:card\" content=\"summary_large_image\" \/>\n<meta name=\"twitter:label1\" content=\"Dur\u00e9e de lecture estim\u00e9e\" \/>\n\t<meta name=\"twitter:data1\" content=\"1 minute\" \/>\n<script type=\"application\/ld+json\" class=\"yoast-schema-graph\">{\"@context\":\"https:\/\/schema.org\",\"@graph\":[{\"@type\":\"WebPage\",\"@id\":\"https:\/\/www.tfe-france.com\/fr\/realisations\/\",\"url\":\"https:\/\/www.tfe-france.com\/fr\/realisations\/\",\"name\":\"Quelques projets, nos r\u00e9alisations - TFE\",\"isPartOf\":{\"@id\":\"https:\/\/www.tfe-france.com\/fr\/#website\"},\"datePublished\":\"2018-04-05T09:10:50+00:00\",\"dateModified\":\"2018-11-28T07:48:23+00:00\",\"description\":\"D\u00e9couvrez quelques r\u00e9alisations de tolerie fine de l'entreprise TFE. Des projets d\u00e9taill\u00e9s retra\u00e7ant la probl\u00e9matique du client et la solution apport\u00e9e par TFE pour l'accompagner dans la r\u00e9alisation.\",\"breadcrumb\":{\"@id\":\"https:\/\/www.tfe-france.com\/fr\/realisations\/#breadcrumb\"},\"inLanguage\":\"fr-FR\",\"potentialAction\":[{\"@type\":\"ReadAction\",\"target\":[\"https:\/\/www.tfe-france.com\/fr\/realisations\/\"]}]},{\"@type\":\"BreadcrumbList\",\"@id\":\"https:\/\/www.tfe-france.com\/fr\/realisations\/#breadcrumb\",\"itemListElement\":[{\"@type\":\"ListItem\",\"position\":1,\"name\":\"Accueil\",\"item\":\"https:\/\/www.tfe-france.com\/fr\/accueil-2\/\"},{\"@type\":\"ListItem\",\"position\":2,\"name\":\"R\u00e9alisations\"}]},{\"@type\":\"WebSite\",\"@id\":\"https:\/\/www.tfe-france.com\/fr\/#website\",\"url\":\"https:\/\/www.tfe-france.com\/fr\/\",\"name\":\"TFE\",\"description\":\"\",\"potentialAction\":[{\"@type\":\"SearchAction\",\"target\":{\"@type\":\"EntryPoint\",\"urlTemplate\":\"https:\/\/www.tfe-france.com\/fr\/?s={search_term_string}\"},\"query-input\":{\"@type\":\"PropertyValueSpecification\",\"valueRequired\":true,\"valueName\":\"search_term_string\"}}],\"inLanguage\":\"fr-FR\"}]}<\/script>\n<!-- \/ Yoast SEO plugin. -->","yoast_head_json":{"title":"Quelques projets, nos r\u00e9alisations - TFE","description":"D\u00e9couvrez quelques r\u00e9alisations de tolerie fine de l'entreprise TFE. Des projets d\u00e9taill\u00e9s retra\u00e7ant la probl\u00e9matique du client et la solution apport\u00e9e par TFE pour l'accompagner dans la r\u00e9alisation.","robots":{"index":"index","follow":"follow","max-snippet":"max-snippet:-1","max-image-preview":"max-image-preview:large","max-video-preview":"max-video-preview:-1"},"canonical":"https:\/\/www.tfe-france.com\/fr\/realisations\/","og_locale":"fr_FR","og_type":"article","og_title":"Quelques projets, nos r\u00e9alisations - TFE","og_description":"D\u00e9couvrez quelques r\u00e9alisations de tolerie fine de l'entreprise TFE. Des projets d\u00e9taill\u00e9s retra\u00e7ant la probl\u00e9matique du client et la solution apport\u00e9e par TFE pour l'accompagner dans la r\u00e9alisation.","og_url":"https:\/\/www.tfe-france.com\/fr\/realisations\/","og_site_name":"TFE","article_modified_time":"2018-11-28T07:48:23+00:00","twitter_card":"summary_large_image","twitter_misc":{"Dur\u00e9e de lecture estim\u00e9e":"1 minute"},"schema":{"@context":"https:\/\/schema.org","@graph":[{"@type":"WebPage","@id":"https:\/\/www.tfe-france.com\/fr\/realisations\/","url":"https:\/\/www.tfe-france.com\/fr\/realisations\/","name":"Quelques projets, nos r\u00e9alisations - TFE","isPartOf":{"@id":"https:\/\/www.tfe-france.com\/fr\/#website"},"datePublished":"2018-04-05T09:10:50+00:00","dateModified":"2018-11-28T07:48:23+00:00","description":"D\u00e9couvrez quelques r\u00e9alisations de tolerie fine de l'entreprise TFE. Des projets d\u00e9taill\u00e9s retra\u00e7ant la probl\u00e9matique du client et la solution apport\u00e9e par TFE pour l'accompagner dans la r\u00e9alisation.","breadcrumb":{"@id":"https:\/\/www.tfe-france.com\/fr\/realisations\/#breadcrumb"},"inLanguage":"fr-FR","potentialAction":[{"@type":"ReadAction","target":["https:\/\/www.tfe-france.com\/fr\/realisations\/"]}]},{"@type":"BreadcrumbList","@id":"https:\/\/www.tfe-france.com\/fr\/realisations\/#breadcrumb","itemListElement":[{"@type":"ListItem","position":1,"name":"Accueil","item":"https:\/\/www.tfe-france.com\/fr\/accueil-2\/"},{"@type":"ListItem","position":2,"name":"R\u00e9alisations"}]},{"@type":"WebSite","@id":"https:\/\/www.tfe-france.com\/fr\/#website","url":"https:\/\/www.tfe-france.com\/fr\/","name":"TFE","description":"","potentialAction":[{"@type":"SearchAction","target":{"@type":"EntryPoint","urlTemplate":"https:\/\/www.tfe-france.com\/fr\/?s={search_term_string}"},"query-input":{"@type":"PropertyValueSpecification","valueRequired":true,"valueName":"search_term_string"}}],"inLanguage":"fr-FR"}]}},"_links":{"self":[{"href":"https:\/\/www.tfe-france.com\/fr\/wp-json\/wp\/v2\/pages\/3668","targetHints":{"allow":["GET"]}}],"collection":[{"href":"https:\/\/www.tfe-france.com\/fr\/wp-json\/wp\/v2\/pages"}],"about":[{"href":"https:\/\/www.tfe-france.com\/fr\/wp-json\/wp\/v2\/types\/page"}],"author":[{"embeddable":true,"href":"https:\/\/www.tfe-france.com\/fr\/wp-json\/wp\/v2\/users\/1"}],"replies":[{"embeddable":true,"href":"https:\/\/www.tfe-france.com\/fr\/wp-json\/wp\/v2\/comments?post=3668"}],"version-history":[{"count":27,"href":"https:\/\/www.tfe-france.com\/fr\/wp-json\/wp\/v2\/pages\/3668\/revisions"}],"predecessor-version":[{"id":5229,"href":"https:\/\/www.tfe-france.com\/fr\/wp-json\/wp\/v2\/pages\/3668\/revisions\/5229"}],"wp:attachment":[{"href":"https:\/\/www.tfe-france.com\/fr\/wp-json\/wp\/v2\/media?parent=3668"}],"curies":[{"name":"wp","href":"https:\/\/api.w.org\/{rel}","templated":true}]}}