{"id":3692,"date":"2018-04-05T10:51:54","date_gmt":"2018-04-05T09:51:54","guid":{"rendered":"https:\/\/www.tfe-france.com\/?page_id=3692"},"modified":"2025-03-20T14:04:18","modified_gmt":"2025-03-20T13:04:18","slug":"mentions-legales","status":"publish","type":"page","link":"https:\/\/www.tfe-france.com\/fr\/mentions-legales\/","title":{"rendered":"Mentions l\u00e9gales"},"content":{"rendered":"<h2>IDENTIT\u00c9<\/h2>\n<p>Tolerie Fine Electronique (TFE)<br \/>\nForme juridique : SAS sous le num\u00e9ro 325 156 602<br \/>\nSi\u00e8ge social : 12 bis rue Becquerel 22400 LAMBALLE<br \/>\nActivit\u00e9s principales : D\u00e9coupage, emboutissage (2550B)<br \/>\nT\u00e9l\u00e9phone : +33 (0)2 96 31 18 55<br \/>\nSite internet : www.tfe-france.com<\/p>\n<h2>R\u00c9ALISATION ET D\u00c9VELOPPEMENT<\/h2>\n<p>SARL G&amp;M \/\/ Inodia<br \/>\nCapital social : 3000 euros<br \/>\nSIRET : 799 514 021 00010 RCS de Saint-Brieuc<br \/>\nSi\u00e8ge social : 6 bis, Les Portes Plouais 22400 LAMBALLE<br \/>\nT\u00e9l\u00e9phone : 02 96 30 22 30<br \/>\nSite internet : http:\/\/www.inodia.fr<\/p>\n<h2>H\u00c9BERGEMENT<\/h2>\n<p>OVH<br \/>\nSAS au capital de 10 069 020 \u20ac<br \/>\nRCS Lille M\u00e9tropole 424 761 419 00045<br \/>\nCode APE 2620Z<br \/>\nN\u00b0 TVA : FR 22 424 761 419<br \/>\nSi\u00e8ge social : 2 rue Kellermann \u2013 59100 Roubaix \u2013 France.<\/p>\n<h2>PROPRI\u00c9T\u00c9 INTELLECTUELLE<\/h2>\n<p>L\u2019ensemble de ce site rel\u00e8ve de la l\u00e9gislation fran\u00e7aise et internationale sur le droit d\u2019auteur et la propri\u00e9t\u00e9 intellectuelle. Tous les droits de reproduction sont r\u00e9serv\u00e9s, y compris pour les documents t\u00e9l\u00e9chargeables et les repr\u00e9sentations iconographiques et photographiques. Le contenu du site est, sauf mention contraire, la propri\u00e9t\u00e9 de Tolerie Fine Electronique. En cons\u00e9quence, toute utilisation des contenus du site ne peut \u00eatre faite que moyennant l\u2019autorisation \u00e9crite de Tolerie Fine Electronique dont celle-ci reste seule juge. Toute reproduction ou repr\u00e9sentation m\u00eame partielle par quelque proc\u00e9d\u00e9 que ce soit, r\u00e9alis\u00e9e sans le consentement \u00e9crit de Tolerie Fine Electronique. est interdite et illicite. Le non-respect de cette interdiction constitue une contrefa\u00e7on pouvant engager la responsabilit\u00e9 civile et p\u00e9nale du contrefacteur.<\/p>\n<h2>POLITIQUE DE PROTECTION DES DONN\u00c9ES PERSONNELLES ET COOKIES<\/h2>\n<p>Pour avoir plus d\u2019information sur notre politique de protection de vos donn\u00e9es personnelles et sur l\u2019utilisation des cookies,<br \/>\nveuillez consulter notre R\u00e8glement G\u00e9n\u00e9ral sur la Protection des Donn\u00e9es (RGPD)<\/p>\n","protected":false},"excerpt":{"rendered":"<p>IDENTIT\u00c9 Tolerie Fine Electronique (TFE) Forme juridique : SAS sous le num\u00e9ro 325 156 602 Si\u00e8ge social : 12 bis rue Becquerel 22400 LAMBALLE Activit\u00e9s principales : D\u00e9coupage, emboutissage (2550B) T\u00e9l\u00e9phone : +33 (0)2 96 31 18 55 Site internet : www.tfe-france.com R\u00c9ALISATION ET D\u00c9VELOPPEMENT SARL G&amp;M \/\/ Inodia Capital social : 3000 euros SIRET [&hellip;]<\/p>\n","protected":false},"author":1,"featured_media":0,"parent":0,"menu_order":0,"comment_status":"closed","ping_status":"closed","template":"","meta":{"footnotes":""},"class_list":["post-3692","page","type-page","status-publish","hentry"],"yoast_head":"<!-- This site is optimized with the Yoast SEO plugin v25.7 - https:\/\/yoast.com\/wordpress\/plugins\/seo\/ -->\n<title>Mentions l\u00e9gales - TFE<\/title>\n<meta name=\"robots\" content=\"noindex, nofollow\" \/>\n<meta property=\"og:locale\" content=\"fr_FR\" \/>\n<meta property=\"og:type\" content=\"article\" \/>\n<meta property=\"og:title\" content=\"Mentions l\u00e9gales - TFE\" \/>\n<meta property=\"og:description\" content=\"IDENTIT\u00c9 Tolerie Fine Electronique (TFE) Forme juridique : SAS sous le num\u00e9ro 325 156 602 Si\u00e8ge social : 12 bis rue Becquerel 22400 LAMBALLE Activit\u00e9s principales : D\u00e9coupage, emboutissage (2550B) T\u00e9l\u00e9phone : +33 (0)2 96 31 18 55 Site internet : www.tfe-france.com R\u00c9ALISATION ET D\u00c9VELOPPEMENT SARL G&amp;M \/\/ Inodia Capital social : 3000 euros SIRET [&hellip;]\" \/>\n<meta property=\"og:url\" content=\"https:\/\/www.tfe-france.com\/fr\/mentions-legales\/\" \/>\n<meta property=\"og:site_name\" content=\"TFE\" \/>\n<meta property=\"article:modified_time\" content=\"2025-03-20T13:04:18+00:00\" \/>\n<meta name=\"twitter:card\" content=\"summary_large_image\" \/>\n<meta name=\"twitter:label1\" content=\"Dur\u00e9e de lecture estim\u00e9e\" \/>\n\t<meta name=\"twitter:data1\" content=\"2 minutes\" \/>\n<script type=\"application\/ld+json\" class=\"yoast-schema-graph\">{\"@context\":\"https:\/\/schema.org\",\"@graph\":[{\"@type\":\"WebPage\",\"@id\":\"https:\/\/www.tfe-france.com\/fr\/mentions-legales\/\",\"url\":\"https:\/\/www.tfe-france.com\/fr\/mentions-legales\/\",\"name\":\"Mentions l\u00e9gales - TFE\",\"isPartOf\":{\"@id\":\"https:\/\/www.tfe-france.com\/fr\/#website\"},\"datePublished\":\"2018-04-05T09:51:54+00:00\",\"dateModified\":\"2025-03-20T13:04:18+00:00\",\"breadcrumb\":{\"@id\":\"https:\/\/www.tfe-france.com\/fr\/mentions-legales\/#breadcrumb\"},\"inLanguage\":\"fr-FR\",\"potentialAction\":[{\"@type\":\"ReadAction\",\"target\":[\"https:\/\/www.tfe-france.com\/fr\/mentions-legales\/\"]}]},{\"@type\":\"BreadcrumbList\",\"@id\":\"https:\/\/www.tfe-france.com\/fr\/mentions-legales\/#breadcrumb\",\"itemListElement\":[{\"@type\":\"ListItem\",\"position\":1,\"name\":\"Accueil\",\"item\":\"https:\/\/www.tfe-france.com\/fr\/accueil-2\/\"},{\"@type\":\"ListItem\",\"position\":2,\"name\":\"Mentions l\u00e9gales\"}]},{\"@type\":\"WebSite\",\"@id\":\"https:\/\/www.tfe-france.com\/fr\/#website\",\"url\":\"https:\/\/www.tfe-france.com\/fr\/\",\"name\":\"TFE\",\"description\":\"\",\"potentialAction\":[{\"@type\":\"SearchAction\",\"target\":{\"@type\":\"EntryPoint\",\"urlTemplate\":\"https:\/\/www.tfe-france.com\/fr\/?s={search_term_string}\"},\"query-input\":{\"@type\":\"PropertyValueSpecification\",\"valueRequired\":true,\"valueName\":\"search_term_string\"}}],\"inLanguage\":\"fr-FR\"}]}<\/script>\n<!-- \/ Yoast SEO plugin. -->","yoast_head_json":{"title":"Mentions l\u00e9gales - TFE","robots":{"index":"noindex","follow":"nofollow"},"og_locale":"fr_FR","og_type":"article","og_title":"Mentions l\u00e9gales - TFE","og_description":"IDENTIT\u00c9 Tolerie Fine Electronique (TFE) Forme juridique : SAS sous le num\u00e9ro 325 156 602 Si\u00e8ge social : 12 bis rue Becquerel 22400 LAMBALLE Activit\u00e9s principales : D\u00e9coupage, emboutissage (2550B) T\u00e9l\u00e9phone : +33 (0)2 96 31 18 55 Site internet : www.tfe-france.com R\u00c9ALISATION ET D\u00c9VELOPPEMENT SARL G&amp;M \/\/ Inodia Capital social : 3000 euros SIRET [&hellip;]","og_url":"https:\/\/www.tfe-france.com\/fr\/mentions-legales\/","og_site_name":"TFE","article_modified_time":"2025-03-20T13:04:18+00:00","twitter_card":"summary_large_image","twitter_misc":{"Dur\u00e9e de lecture estim\u00e9e":"2 minutes"},"schema":{"@context":"https:\/\/schema.org","@graph":[{"@type":"WebPage","@id":"https:\/\/www.tfe-france.com\/fr\/mentions-legales\/","url":"https:\/\/www.tfe-france.com\/fr\/mentions-legales\/","name":"Mentions l\u00e9gales - TFE","isPartOf":{"@id":"https:\/\/www.tfe-france.com\/fr\/#website"},"datePublished":"2018-04-05T09:51:54+00:00","dateModified":"2025-03-20T13:04:18+00:00","breadcrumb":{"@id":"https:\/\/www.tfe-france.com\/fr\/mentions-legales\/#breadcrumb"},"inLanguage":"fr-FR","potentialAction":[{"@type":"ReadAction","target":["https:\/\/www.tfe-france.com\/fr\/mentions-legales\/"]}]},{"@type":"BreadcrumbList","@id":"https:\/\/www.tfe-france.com\/fr\/mentions-legales\/#breadcrumb","itemListElement":[{"@type":"ListItem","position":1,"name":"Accueil","item":"https:\/\/www.tfe-france.com\/fr\/accueil-2\/"},{"@type":"ListItem","position":2,"name":"Mentions l\u00e9gales"}]},{"@type":"WebSite","@id":"https:\/\/www.tfe-france.com\/fr\/#website","url":"https:\/\/www.tfe-france.com\/fr\/","name":"TFE","description":"","potentialAction":[{"@type":"SearchAction","target":{"@type":"EntryPoint","urlTemplate":"https:\/\/www.tfe-france.com\/fr\/?s={search_term_string}"},"query-input":{"@type":"PropertyValueSpecification","valueRequired":true,"valueName":"search_term_string"}}],"inLanguage":"fr-FR"}]}},"_links":{"self":[{"href":"https:\/\/www.tfe-france.com\/fr\/wp-json\/wp\/v2\/pages\/3692","targetHints":{"allow":["GET"]}}],"collection":[{"href":"https:\/\/www.tfe-france.com\/fr\/wp-json\/wp\/v2\/pages"}],"about":[{"href":"https:\/\/www.tfe-france.com\/fr\/wp-json\/wp\/v2\/types\/page"}],"author":[{"embeddable":true,"href":"https:\/\/www.tfe-france.com\/fr\/wp-json\/wp\/v2\/users\/1"}],"replies":[{"embeddable":true,"href":"https:\/\/www.tfe-france.com\/fr\/wp-json\/wp\/v2\/comments?post=3692"}],"version-history":[{"count":5,"href":"https:\/\/www.tfe-france.com\/fr\/wp-json\/wp\/v2\/pages\/3692\/revisions"}],"predecessor-version":[{"id":5654,"href":"https:\/\/www.tfe-france.com\/fr\/wp-json\/wp\/v2\/pages\/3692\/revisions\/5654"}],"wp:attachment":[{"href":"https:\/\/www.tfe-france.com\/fr\/wp-json\/wp\/v2\/media?parent=3692"}],"curies":[{"name":"wp","href":"https:\/\/api.w.org\/{rel}","templated":true}]}}